{"id":29149,"date":"2026-05-13T11:36:00","date_gmt":"2026-05-13T08:36:00","guid":{"rendered":"https:\/\/lemila.lt\/?post_type=product&#038;p=29149"},"modified":"2026-05-13T11:36:00","modified_gmt":"2026-05-13T08:36:00","slug":"etalon-mix-cool-sense-cooling-gel","status":"publish","type":"product","link":"https:\/\/lemila.lt\/ru\/product\/etalon-mix-cool-sense-cooling-gel\/","title":{"rendered":"ETALON MIX - \u043e\u0445\u043b\u0430\u0436\u0434\u0430\u044e\u0449\u0438\u0439 \u0433\u0435\u043b\u044c Cool sense"},"content":{"rendered":"<p>\u201eETALON MIX Cool Sense\u201c \u2013 tai pa\u017eangus v\u0117sinamasis gelis, sukurtas siekiant pagerinti klient\u0173 komfort\u0105 profesionali\u0173 kosmetini\u0173, gro\u017eio ir estetini\u0173 proced\u016br\u0173 metu. Intensyvus v\u0117sinamasis poveikis suteikia greit\u0105 ir veiksming\u0105 palengv\u0117jim\u0105, padeda suma\u017einti diskomfort\u0105, i\u0161saugant nat\u016brali\u0105 odos tekst\u016br\u0105 ir vientisum\u0105.<\/p>\n<p>Skirtingai nuo daugelio v\u0117sinam\u0173j\u0173 produkt\u0173, \u201eCool Sense\u201c nesukelia odos sustor\u0117jimo ar strukt\u016bros poky\u010di\u0173, tod\u0117l po naudojimo oda tampa lygi ir nat\u016brali. Formul\u0117 \u0161velniai sutraukia kraujagysles, o tai gali pad\u0117ti suma\u017einti paraudim\u0105 ir patinim\u0105, tod\u0117l proced\u016bros tampa \u0161varesn\u0117s ir tikslesn\u0117s.<\/p>\n<p>Sukurtas universalumui, gelis tinka naudoti visose k\u016bno vietose ir u\u017etikrina ilgalaik\u012f komfort\u0105, leisdamas specialistams dirbti efektyviai, o klientams \u2013 patogiai.<\/p>\n<p>\u0415\u0413\u042d:<br \/>\nNedidel\u012f kiek\u012f gelio u\u017etepkite ant pasirinktos vietos vienkartiniu aplikatoriumi. Palaikykite 2\u20135 minutes, kad pasiektum\u0117te optimal\u0173 v\u0117sinam\u0105j\u012f poveik\u012f. Venkite patekimo \u012f akis ir burn\u0105. Atsitiktinai patekus \u012f akis, kruop\u0161\u010diai nuplaukite vandeniu.<\/p>\n<p>Laikymas: laikyti nuo +10 \u00b0C iki +25 \u00b0C temperat\u016broje. Laikyti atokiau nuo tiesiogini\u0173 saul\u0117s spinduli\u0173. Neu\u017e\u0161aldyti.<\/p>","protected":false},"excerpt":{"rendered":"<p>Profesionalus v\u0117sinamasis gelis, skirtas suma\u017einti diskomfort\u0105 kosmetini\u0173 ir estetini\u0173 proced\u016br\u0173 metu, i\u0161laikant od\u0105 lygi\u0105 ir nepakitusi\u0105. Tinka visoms k\u016bno sritims.<\/p>\n<p><strong>\u0420\u0430\u0437\u043c\u0435\u0440:<\/strong> 30 \u043c\u043b<\/p>","protected":false},"featured_media":29150,"comment_status":"open","ping_status":"closed","template":"","meta":[],"product_brand":[218],"product_cat":[215,112],"product_tag":[],"class_list":{"0":"post-29149","1":"product","2":"type-product","3":"status-publish","4":"has-post-thumbnail","6":"product_brand-etalon-mix","7":"product_cat-profesionalams","8":"product_cat-pigmentai","10":"first","11":"instock","12":"taxable","13":"shipping-taxable","14":"purchasable","15":"product-type-simple"},"_links":{"self":[{"href":"https:\/\/lemila.lt\/ru\/wp-json\/wp\/v2\/product\/29149","targetHints":{"allow":["GET"]}}],"collection":[{"href":"https:\/\/lemila.lt\/ru\/wp-json\/wp\/v2\/product"}],"about":[{"href":"https:\/\/lemila.lt\/ru\/wp-json\/wp\/v2\/types\/product"}],"replies":[{"embeddable":true,"href":"https:\/\/lemila.lt\/ru\/wp-json\/wp\/v2\/comments?post=29149"}],"version-history":[{"count":1,"href":"https:\/\/lemila.lt\/ru\/wp-json\/wp\/v2\/product\/29149\/revisions"}],"predecessor-version":[{"id":29151,"href":"https:\/\/lemila.lt\/ru\/wp-json\/wp\/v2\/product\/29149\/revisions\/29151"}],"wp:featuredmedia":[{"embeddable":true,"href":"https:\/\/lemila.lt\/ru\/wp-json\/wp\/v2\/media\/29150"}],"wp:attachment":[{"href":"https:\/\/lemila.lt\/ru\/wp-json\/wp\/v2\/media?parent=29149"}],"wp:term":[{"taxonomy":"product_brand","embeddable":true,"href":"https:\/\/lemila.lt\/ru\/wp-json\/wp\/v2\/product_brand?post=29149"},{"taxonomy":"product_cat","embeddable":true,"href":"https:\/\/lemila.lt\/ru\/wp-json\/wp\/v2\/product_cat?post=29149"},{"taxonomy":"product_tag","embeddable":true,"href":"https:\/\/lemila.lt\/ru\/wp-json\/wp\/v2\/product_tag?post=29149"}],"curies":[{"name":"wp","href":"https:\/\/api.w.org\/{rel}","templated":true}]}}