{"id":21486,"date":"2024-01-22T11:02:37","date_gmt":"2024-01-22T11:02:37","guid":{"rendered":"https:\/\/lemila.lt\/?post_type=product&#038;p=21486"},"modified":"2024-11-26T19:20:33","modified_gmt":"2024-11-26T17:20:33","slug":"nailmatic-kids-magic-box-dovanu-rinkinys-vaikams-1vnt","status":"publish","type":"product","link":"https:\/\/lemila.lt\/ru\/product\/nailmatic-kids-magic-box-dovanu-rinkinys-vaikams-1vnt\/","title":{"rendered":"Nailmatic KIDS MAGIC BOX \u041f\u043e\u0434\u0430\u0440\u043e\u0447\u043d\u044b\u0439 \u043d\u0430\u0431\u043e\u0440 \u0434\u043b\u044f \u0434\u0435\u0442\u0435\u0439, 1\u0448\u0442"},"content":{"rendered":"<p style=\"font-weight: 300\"><strong>\u0412 \u043a\u043e\u043c\u043f\u043b\u0435\u043a\u0442 \u0432\u0445\u043e\u0434\u044f\u0442:<\/strong><\/p>\n<ul style=\"font-weight: 300\">\n<li>ZOUZOU Water-Based Nail Lacquer, 8ml - \u044d\u0442\u043e \u043b\u0430\u043a \u0434\u043b\u044f \u043d\u043e\u0433\u0442\u0435\u0439 \u043d\u0430 \u0432\u043e\u0434\u043d\u043e\u0439 \u043e\u0441\u043d\u043e\u0432\u0435, \u0441\u043f\u0435\u0446\u0438\u0430\u043b\u044c\u043d\u043e \u0440\u0430\u0437\u0440\u0430\u0431\u043e\u0442\u0430\u043d\u043d\u044b\u0439 \u0434\u043b\u044f \u0434\u0435\u0442\u0435\u0439. \u0421\u0434\u0435\u043b\u0430\u043d\u043d\u044b\u0439 \u0432\u043e \u0424\u0440\u0430\u043d\u0446\u0438\u0438, \u043e\u043d \u043d\u0435 \u0441\u043e\u0434\u0435\u0440\u0436\u0438\u0442 \u0444\u0442\u0430\u043b\u0430\u0442\u043e\u0432, \u0444\u043e\u0440\u043c\u0430\u043b\u044c\u0434\u0435\u0433\u0438\u0434\u043e\u0432, \u0442\u043e\u043b\u0443\u043e\u043b\u0430 \u0438 \u043e\u0442\u0434\u0443\u0448\u0435\u043a.  \u041e\u043d \u0434\u0435\u0439\u0441\u0442\u0432\u0443\u0435\u0442 \u043a\u0430\u043a \u0432\u043e\u043b\u0448\u0435\u0431\u0441\u0442\u0432\u043e: \u043a\u043e\u0433\u0434\u0430 \u0432\u044b \u043c\u043e\u0435\u0442\u0435 \u0440\u0443\u043a\u0438 \u0432\u043e\u0434\u043e\u0439 \u0441 \u043c\u044b\u043b\u043e\u043c, \u043e\u043d \u043f\u0440\u043e\u0441\u0442\u043e \u0438\u0441\u0447\u0435\u0437\u0430\u0435\u0442!<\/li>\n<li>CHERRY Strawberry Lip Gloss, 6.5ml - \u0411\u0435\u0441\u0446\u0432\u0435\u0442\u043d\u044b\u0439 \u0443\u0432\u043b\u0430\u0436\u043d\u044f\u044e\u0449\u0438\u0439 \u0431\u043b\u0435\u0441\u043a \u0434\u043b\u044f \u0433\u0443\u0431 \u0441 97% \u043d\u0430\u0442\u0443\u0440\u0430\u043b\u044c\u043d\u044b\u043c\u0438 \u0438\u043d\u0433\u0440\u0435\u0434\u0438\u0435\u043d\u0442\u0430\u043c\u0438. \u0418\u0437\u0433\u043e\u0442\u043e\u0432\u043b\u0435\u043d\u043d\u044b\u0439 \u043d\u0430 \u043e\u0441\u043d\u043e\u0432\u0435 \u043c\u0430\u0441\u043b\u0430 \u0430\u0431\u0440\u0438\u043a\u043e\u0441\u043e\u0432\u044b\u0445 \u043a\u043e\u0441\u0442\u043e\u0447\u0435\u043a \u0438 \u043e\u0431\u043e\u0433\u0430\u0449\u0435\u043d\u043d\u044b\u0439 \u0432\u0438\u0442\u0430\u043c\u0438\u043d\u043e\u043c \u0415, \u043e\u043c\u0435\u0433\u0430-6 \u0438 \u043e\u043c\u0435\u0433\u0430-9, \u044d\u0442\u043e\u0442 \u0431\u043b\u0435\u0441\u043a \u0438\u043d\u0442\u0435\u043d\u0441\u0438\u0432\u043d\u043e \u0443\u0432\u043b\u0430\u0436\u043d\u044f\u0435\u0442 \u0438 \u0441\u043c\u044f\u0433\u0447\u0430\u0435\u0442 \u0433\u0443\u0431\u044b;<\/li>\n<li>\u041f\u0435\u043d\u0430 \u0434\u043b\u044f \u0432\u0430\u043d\u043d\u044b RED PLANET, 160 \u0433 - \u042d\u0442\u0438 \u0432\u0435\u0441\u0435\u043b\u044b\u0435 \u043f\u0443\u0437\u044b\u0440\u044c\u043a\u0438 \u043e\u043a\u0440\u0430\u0448\u0438\u0432\u0430\u044e\u0442 \u0432\u043e\u0434\u0443 \u0432 \u0432\u0430\u043d\u043d\u043e\u0439 \u0438 \u043f\u043e\u043c\u043e\u0433\u0430\u044e\u0442 \u0440\u0430\u0441\u0441\u043b\u0430\u0431\u0438\u0442\u044c\u0441\u044f \u043f\u043e\u0441\u043b\u0435 \u0434\u043e\u043b\u0433\u043e\u0433\u043e \u0434\u043d\u044f \u0438\u0433\u0440 \u0438 \u0432\u0435\u0441\u0435\u043b\u044c\u044f. \u0421\u043e\u0437\u0434\u0430\u043d\u043d\u044b\u0435 \u0441\u043f\u0435\u0446\u0438\u0430\u043b\u044c\u043d\u043e \u0434\u043b\u044f \u0434\u0435\u0442\u0435\u0439, \u043f\u0443\u0437\u044b\u0440\u044c\u043a\u0438 \u0434\u043b\u044f \u0432\u0430\u043d\u043d\u044b Nailmatic \u043e\u0431\u043e\u0433\u0430\u0449\u0435\u043d\u044b \u043c\u0438\u043d\u0434\u0430\u043b\u044c\u043d\u044b\u043c \u043c\u0430\u0441\u043b\u043e\u043c \u0438 \u044d\u043a\u0441\u0442\u0440\u0430\u043a\u0442\u043e\u043c \u0446\u0432\u0435\u0442\u043a\u043e\u0432 \u0440\u043e\u043c\u0430\u0448\u043a\u0438 \u0434\u043b\u044f \u0443\u0432\u043b\u0430\u0436\u043d\u0435\u043d\u0438\u044f \u0438 \u0441\u043c\u044f\u0433\u0447\u0435\u043d\u0438\u044f \u043a\u043e\u0436\u0438;<\/li>\n<li>Nailmatic KIDS LAGOON Foaming &amp; Coloured Bath Salts - \u0421\u043e\u043b\u0438 \u0434\u043b\u044f \u0432\u0430\u043d\u043d\u044b Nailmatic KIDS \u0434\u043b\u044f \u0434\u0435\u0442\u0435\u0439 \u043f\u0440\u0435\u0432\u0440\u0430\u0449\u0430\u044e\u0442 \u043e\u0431\u044b\u0447\u043d\u043e\u0435 \u043a\u0443\u043f\u0430\u043d\u0438\u0435 \u0432 \u043f\u0435\u043d\u044f\u0449\u0443\u044e\u0441\u044f \u0438 \u0446\u0432\u0435\u0442\u043d\u0443\u044e \u0438\u0433\u0440\u043e\u0432\u0443\u044e \u043f\u043b\u043e\u0449\u0430\u0434\u043a\u0443. \u042d\u0442\u043e\u0442 \u0432\u043e\u043b\u0448\u0435\u0431\u043d\u044b\u0439 \u0440\u0430\u0441\u0442\u0432\u043e\u0440 \u043e\u0431\u043e\u0433\u0430\u0449\u0435\u043d \u0432\u0438\u0442\u0430\u043c\u0438\u043d\u043e\u043c \u0415, \u043c\u0430\u0441\u043b\u043e\u043c \u0441\u043b\u0430\u0434\u043a\u043e\u0433\u043e \u043c\u0438\u043d\u0434\u0430\u043b\u044f \u0438 \u044d\u043a\u0441\u0442\u0440\u0430\u043a\u0442\u043e\u043c \u0446\u0432\u0435\u0442\u043a\u043e\u0432 \u0440\u043e\u043c\u0430\u0448\u043a\u0438 \u0434\u043b\u044f \u0443\u0432\u043b\u0430\u0436\u043d\u0435\u043d\u0438\u044f \u0438 \u0440\u0430\u0441\u0441\u043b\u0430\u0431\u043b\u0435\u043d\u0438\u044f. \u0420\u0430\u0441\u0441\u044b\u043f\u044c\u0442\u0435 \u0441\u043e\u043b\u044c \u043f\u043e\u0434 \u0441\u0442\u0440\u0443\u0435\u0439 \u0432\u043e\u0434\u044b \u0438 \u043d\u0430\u0431\u043b\u044e\u0434\u0430\u0439\u0442\u0435 \u0437\u0430 \u0432\u043e\u043b\u0448\u0435\u0431\u0441\u0442\u0432\u043e\u043c! \u0415\u0441\u043b\u0438 \u0432\u044b \u0445\u043e\u0442\u0438\u0442\u0435 \u043f\u043e\u043b\u0443\u0447\u0438\u0442\u044c \u0435\u0449\u0435 \u0431\u043e\u043b\u044c\u0448\u0435 \u043f\u0435\u043d\u044b, \u043f\u0440\u043e\u0441\u0442\u043e \u043f\u0435\u0440\u0435\u043c\u0435\u0448\u0430\u0439\u0442\u0435 \u0432\u043e\u0434\u0443 \u0440\u0443\u043a\u043e\u0439.<\/li>\n<\/ul>\n<p><strong>\u0415\u0413\u042d:<\/strong><\/p>\n<p>\u041b\u0430\u043a \u0434\u043b\u044f \u043d\u043e\u0433\u0442\u0435\u0439: \u0412\u0441\u0442\u0440\u044f\u0445\u043d\u0438\u0442\u0435 \u0444\u043b\u0430\u043a\u043e\u043d \u043f\u0435\u0440\u0435\u0434 \u0438\u0441\u043f\u043e\u043b\u044c\u0437\u043e\u0432\u0430\u043d\u0438\u0435\u043c. \u041d\u0430\u043d\u0435\u0441\u0438\u0442\u0435 \u043e\u0434\u0438\u043d \u0438\u043b\u0438 \u0434\u0432\u0430 \u0441\u043b\u043e\u044f \u043d\u0430 \u043d\u043e\u0433\u0442\u0438. \u041f\u043e\u0448\u0435\u0432\u0435\u043b\u0438\u0442\u0435 \u043f\u0430\u043b\u044c\u0446\u0430\u043c\u0438, \u0447\u0442\u043e\u0431\u044b \u043b\u0430\u043a \u0431\u044b\u0441\u0442\u0440\u0435\u0435 \u0432\u044b\u0441\u043e\u0445, \u0438 \u0432\u0443\u0430\u043b\u044f!<\/p>\n<p>\u0411\u043b\u0435\u0441\u043a \u0434\u043b\u044f \u0433\u0443\u0431: \u043f\u0443\u0441\u0442\u044c \u0432\u0430\u0448 \u0440\u0435\u0431\u0435\u043d\u043e\u043a \u043d\u0430\u043d\u043e\u0441\u0438\u0442 \u0431\u043b\u0435\u0441\u043a \u043d\u0430 \u0433\u0443\u0431\u044b \u0442\u0430\u043a \u0447\u0430\u0441\u0442\u043e, \u043a\u0430\u043a \u0435\u043c\u0443 \u043d\u0440\u0430\u0432\u0438\u0442\u0441\u044f!<\/p>\n<p>\u041f\u0443\u0437\u044b\u0440\u044c \u0434\u043b\u044f \u0432\u0430\u043d\u043d\u044b: \u0435\u0441\u043b\u0438 \u043f\u0443\u0437\u044b\u0440\u044c \u0434\u0435\u0440\u0436\u0430\u0442\u044c \u0441\u0443\u0445\u0438\u043c, \u0441 \u043d\u0438\u043c \u043d\u0438\u0447\u0435\u0433\u043e \u043d\u0435 \u0441\u043b\u0443\u0447\u0438\u0442\u0441\u044f. \u041e\u0434\u043d\u0430\u043a\u043e \u0435\u0441\u043b\u0438 \u0435\u0435 \u043d\u0430\u043c\u043e\u0447\u0438\u0442\u044c \u0438\u043b\u0438 \u0431\u0440\u043e\u0441\u0438\u0442\u044c \u0432 \u0432\u0430\u043d\u043d\u0443 - FZZZ! \u041f\u0443\u0437\u044b\u0440\u044c \u043d\u0430\u0447\u0438\u043d\u0430\u0435\u0442 \u0440\u0430\u0441\u0442\u0432\u043e\u0440\u044f\u0442\u044c\u0441\u044f \u0438 \u043f\u0435\u043d\u0438\u0442\u044c\u0441\u044f - \u044d\u0442\u043e \u0440\u0435\u0430\u043a\u0446\u0438\u044f, \u0432\u044b\u0437\u0432\u0430\u043d\u043d\u0430\u044f \u0432\u0445\u043e\u0434\u044f\u0449\u0438\u043c\u0438 \u0432 \u0441\u043e\u0441\u0442\u0430\u0432 \u043f\u0440\u043e\u0434\u0443\u043a\u0442\u0430 \u0438\u043d\u0433\u0440\u0435\u0434\u0438\u0435\u043d\u0442\u0430\u043c\u0438 - \u043b\u0438\u043c\u043e\u043d\u043d\u043e\u0439 \u043a\u0438\u0441\u043b\u043e\u0442\u043e\u0439 \u0438 \u0431\u0438\u043a\u0430\u0440\u0431\u043e\u043d\u0430\u0442\u043e\u043c \u043d\u0430\u0442\u0440\u0438\u044f - \u0434\u0432\u0443\u043c\u044f \u0430\u0431\u0441\u043e\u043b\u044e\u0442\u043d\u043e \u043d\u0435\u0442\u043e\u043a\u0441\u0438\u0447\u043d\u044b\u043c\u0438 \u0438 \u043d\u0435 \u0440\u0430\u0437\u043b\u0430\u0433\u0430\u044e\u0449\u0438\u043c\u0438\u0441\u044f \u043a\u043e\u043c\u043f\u043e\u043d\u0435\u043d\u0442\u0430\u043c\u0438.<\/p>\n<p>\u0421\u043e\u043b\u044c \u0434\u043b\u044f \u0432\u0430\u043d\u043d\u044b: \u043d\u0430\u0441\u044b\u043f\u044c\u0442\u0435 \u0441\u043e\u043b\u044c \u043f\u043e\u0434 \u0441\u0442\u0440\u0443\u044e \u0432\u043e\u0434\u044b \u0438 \u043d\u0430\u0431\u043b\u044e\u0434\u0430\u0439\u0442\u0435 \u0437\u0430 \u0432\u043e\u043b\u0448\u0435\u0431\u0441\u0442\u0432\u043e\u043c! \u0415\u0441\u043b\u0438 \u0432\u044b \u0445\u043e\u0442\u0438\u0442\u0435 \u043f\u043e\u043b\u0443\u0447\u0438\u0442\u044c \u0435\u0449\u0435 \u0431\u043e\u043b\u044c\u0448\u0435 \u043f\u0435\u043d\u044b, \u043f\u0440\u043e\u0441\u0442\u043e \u043f\u043e\u043c\u0435\u0448\u0430\u0439\u0442\u0435 \u0432\u043e\u0434\u0443 \u0440\u0443\u043a\u043e\u0439.<\/p>\n<p>&nbsp;<\/p>","protected":false},"excerpt":{"rendered":"<p>Rinkinyje yra: Vandens pagrindo nag\u0173 lakas ZOUZOU, 8ml &#8211; vandens pagrindo nag\u0173 lakas, sukurtas specialiai vaikams. Pranc\u016bzijoje pagaminto nag\u0173 lako sud\u0117tyje n\u0117ra ftalat\u0173, formaldehido, tolueno ir be prid\u0117tini\u0173 kvap\u0173.\u00a0 Lakas suteikia d\u017eiaugsmo vaikams ir t\u0117veliams, kadangi jis veikia tarsi magija: plaunant rankas vandeniu ir muillu &#8211; jis tiesiog i\u0161nyksta!; CHERRY Bra\u0161ki\u0173 skonio l\u016bp\u0173 blizgesys, 6.5ml &#8211;\u00a0 Bespalvis, dr\u0117kinantis l\u016bp\u0173 blizgis, kurios sud\u0117tyje net 97% nat\u016brali\u0173 ingredient\u0173. Pagamintas i\u0161 abrikos\u0173 kauliuk\u0173 aliejaus, papildytas vitaminu E, omega-6 ir omega-9, \u0161is l\u016bp\u0173 blizgis intensyviai dr\u0117kina l\u016bp\u0173 od\u0105 ir j\u0105 mink\u0161tina; RED PLANET Vonios burbulas, 160g &#8211; \u0160ie linksmi putojantys burbulai nuda\u017eo vonios vanden\u012f ir padeda atsipalaiduoti po ilgos \u017eaidim\u0173 ir linksmybi\u0173 kupinos dienos. Sukurti specialiai vaikams, &#8220;Nailmatic&#8221; vonios burbulai yra praturtinti dr\u0117kinan\u010diomis ir od\u0105 mink\u0161tinan\u010diomis savyb\u0117mis pasi\u017eymin\u010diu migdol\u0173 aliejumi bei ramun\u0117li\u0173 \u017eied\u0173 ekstraktu; Nailmatic KIDS LAGOON Foaming &amp; Coloured Bath Salts\u00a0 &#8211; &#8220;Nailmatic KIDS&#8221; vonios druska, skirta vaikams, \u012fprastas maudynes paver\u010dia putojan\u010dia ir spalvota \u017eaidim\u0173 aik\u0161tele. \u0160is stebuklingas tirpalas yra praturtintas vitaminu E, sald\u017ei\u0173j\u0173 migdol\u0173 aliejumi ir ramun\u0117li\u0173 \u017eied\u0173 ekstraktu, kurie pasi\u017eymi dr\u0117kinan\u010diomis ir atpalaiduojan\u010diomis savyb\u0117mis. Paberkite druskos po vandens srove ir steb\u0117kite, kaip prasideda magija! Jei norite i\u0161gauti dar daugiau put\u0173, tiesiog pamai\u0161ykite vanden\u012f ranka. NAUDOJIMAS: Nag\u0173 lakas:\u00a0Prie\u0161 naudojim\u0105 supurtykite buteliuk\u0105. Padenkite nagus vienu ar dviem sluoksniais. Pajudinkite pir\u0161tukus, kad lakas grei\u010diau i\u0161d\u017ei\u016bt\u0173 ir voila! L\u016bp\u0173 blizgis:\u00a0Leiskite vaikui teptis l\u016bpytes taip da\u017enai, kaip jam norisi! Vonios burbulas:\u00a0Jei vonios burbulas laikomas sausai &#8211; jam nieko nenutiks. Ta\u010diau j\u012f sudr\u0117kinus ar \u012fmetus \u012f voni\u0105 &#8211; FZZZ! Burbulas pradeda tirpti ir putoti &#8211; tokia reakcija kyla d\u0117l priemon\u0117s sud\u0117tyje esan\u010di\u0173 med\u017eiag\u0173 &#8211; citrin\u0173 r\u016bg\u0161ties ir natrio bikarbonato &#8211; dviej\u0173 absoliu\u010diai netoksi\u0161k\u0173 ir suyran\u010di\u0173 ingredient\u0173. Vonios druska:\u00a0Paberkite druskos po vandens srove ir steb\u0117kite, kaip prasideda magija! Jei norite i\u0161gauti dar daugiau put\u0173, tiesiog pamai\u0161ykite vanden\u012f ranka. &nbsp;<\/p>","protected":false},"featured_media":21487,"comment_status":"open","ping_status":"closed","template":"","meta":[],"product_brand":[220],"product_cat":[110],"product_tag":[],"class_list":{"0":"post-21486","1":"product","2":"type-product","3":"status-publish","4":"has-post-thumbnail","6":"product_brand-nailmatic","7":"product_cat-vaikams","9":"first","10":"instock","11":"sale","12":"taxable","13":"shipping-taxable","14":"purchasable","15":"product-type-simple"},"_links":{"self":[{"href":"https:\/\/lemila.lt\/ru\/wp-json\/wp\/v2\/product\/21486","targetHints":{"allow":["GET"]}}],"collection":[{"href":"https:\/\/lemila.lt\/ru\/wp-json\/wp\/v2\/product"}],"about":[{"href":"https:\/\/lemila.lt\/ru\/wp-json\/wp\/v2\/types\/product"}],"replies":[{"embeddable":true,"href":"https:\/\/lemila.lt\/ru\/wp-json\/wp\/v2\/comments?post=21486"}],"version-history":[{"count":1,"href":"https:\/\/lemila.lt\/ru\/wp-json\/wp\/v2\/product\/21486\/revisions"}],"predecessor-version":[{"id":21488,"href":"https:\/\/lemila.lt\/ru\/wp-json\/wp\/v2\/product\/21486\/revisions\/21488"}],"wp:featuredmedia":[{"embeddable":true,"href":"https:\/\/lemila.lt\/ru\/wp-json\/wp\/v2\/media\/21487"}],"wp:attachment":[{"href":"https:\/\/lemila.lt\/ru\/wp-json\/wp\/v2\/media?parent=21486"}],"wp:term":[{"taxonomy":"product_brand","embeddable":true,"href":"https:\/\/lemila.lt\/ru\/wp-json\/wp\/v2\/product_brand?post=21486"},{"taxonomy":"product_cat","embeddable":true,"href":"https:\/\/lemila.lt\/ru\/wp-json\/wp\/v2\/product_cat?post=21486"},{"taxonomy":"product_tag","embeddable":true,"href":"https:\/\/lemila.lt\/ru\/wp-json\/wp\/v2\/product_tag?post=21486"}],"curies":[{"name":"wp","href":"https:\/\/api.w.org\/{rel}","templated":true}]}}