{"id":7,"date":"2024-01-21T21:58:36","date_gmt":"2024-01-21T21:58:36","guid":{"rendered":"https:\/\/lemila.lt\/index.php\/cart\/"},"modified":"2024-01-27T17:52:27","modified_gmt":"2024-01-27T15:52:27","slug":"krepselis","status":"publish","type":"page","link":"https:\/\/lemila.lt\/ru\/krepselis\/","title":{"rendered":"\u041a\u043e\u0440\u0437\u0438\u043d\u0430"},"content":{"rendered":"<div data-block-name=\"woocommerce\/cart\" class=\"wp-block-woocommerce-cart alignwide is-loading\">\n<div data-block-name=\"woocommerce\/filled-cart-block\" class=\"wp-block-woocommerce-filled-cart-block\">\n<div data-block-name=\"woocommerce\/cart-items-block\" class=\"wp-block-woocommerce-cart-items-block\">\n<div data-block-name=\"woocommerce\/cart-line-items-block\" class=\"wp-block-woocommerce-cart-line-items-block\"><\/div>\n\n\n\n<div data-block-name=\"woocommerce\/cart-cross-sells-block\" class=\"wp-block-woocommerce-cart-cross-sells-block\">\n<h2 class=\"wp-block-heading has-large-font-size\">\u0412\u043e\u0437\u043c\u043e\u0436\u043d\u043e, \u0432\u0430\u0441 \u0437\u0430\u0438\u043d\u0442\u0435\u0440\u0435\u0441\u0443\u0435\u0442...<\/h2>\n\n\n\n<div data-block-name=\"woocommerce\/cart-cross-sells-products-block\" class=\"wp-block-woocommerce-cart-cross-sells-products-block\"><\/div>\n<\/div>\n<\/div>\n\n\n\n<div data-block-name=\"woocommerce\/cart-totals-block\" class=\"wp-block-woocommerce-cart-totals-block\">\n<div data-block-name=\"woocommerce\/cart-order-summary-block\" class=\"wp-block-woocommerce-cart-order-summary-block\">\n<div data-block-name=\"woocommerce\/cart-order-summary-heading-block\" class=\"wp-block-woocommerce-cart-order-summary-heading-block\"><\/div><div data-block-name=\"woocommerce\/cart-order-summary-coupon-form-block\" class=\"wp-block-woocommerce-cart-order-summary-coupon-form-block\"><\/div><div data-block-name=\"woocommerce\/cart-order-summary-totals-block\" class=\"wp-block-woocommerce-cart-order-summary-totals-block\">\n<div data-block-name=\"woocommerce\/cart-order-summary-subtotal-block\" class=\"wp-block-woocommerce-cart-order-summary-subtotal-block\"><\/div>\n<div data-block-name=\"woocommerce\/cart-order-summary-discount-block\" class=\"wp-block-woocommerce-cart-order-summary-discount-block\"><\/div>\n<div data-block-name=\"woocommerce\/cart-order-summary-fee-block\" class=\"wp-block-woocommerce-cart-order-summary-fee-block\"><\/div>\n<div data-block-name=\"woocommerce\/cart-order-summary-shipping-block\" class=\"wp-block-woocommerce-cart-order-summary-shipping-block\"><\/div>\n<div data-block-name=\"woocommerce\/cart-order-summary-taxes-block\" class=\"wp-block-woocommerce-cart-order-summary-taxes-block\"><\/div><\/div>\n<\/div>\n\n\n\n<div data-block-name=\"woocommerce\/cart-express-payment-block\" class=\"wp-block-woocommerce-cart-express-payment-block\"><\/div>\n\n\n\n<div data-block-name=\"woocommerce\/proceed-to-checkout-block\" class=\"wp-block-woocommerce-proceed-to-checkout-block\"><\/div>\n\n\n\n<div data-block-name=\"woocommerce\/cart-accepted-payment-methods-block\" class=\"wp-block-woocommerce-cart-accepted-payment-methods-block\"><\/div>\n<\/div>\n<\/div>\n\n\n\n<div data-block-name=\"woocommerce\/empty-cart-block\" class=\"wp-block-woocommerce-empty-cart-block\">\n<h2 class=\"wp-block-heading has-text-align-center with-empty-cart-icon wc-block-cart__empty-cart__title\">\u0412\u0430\u0448\u0430 \u043a\u043e\u0440\u0437\u0438\u043d\u0430 \u0441\u0435\u0439\u0447\u0430\u0441 \u043f\u0443\u0441\u0442\u0430!<\/h2>\n\n\n\n<hr class=\"wp-block-separator has-alpha-channel-opacity is-style-dots\"\/>\n\n\n\n<h2 class=\"wp-block-heading has-text-align-center\">\u041d\u043e\u0432\u0438\u043d\u043a\u0430 \u0432 \u043c\u0430\u0433\u0430\u0437\u0438\u043d\u0435<\/h2>\n\n\n<div data-block-name=\"woocommerce\/product-new\" data-columns=\"4\" data-rows=\"1\" class=\"wc-block-grid wp-block-product-new wp-block-woocommerce-product-new wc-block-product-new has-4-columns\"><ul class=\"wc-block-grid__products\"><li class=\"wc-block-grid__product\">\n\t\t\t\t<a href=\"https:\/\/lemila.lt\/ru\/product\/hanwave-plauku-prieziuros-rinkinys-sampunas-kauke\/\" class=\"wc-block-grid__product-link\">\n\t\t\t\t\t<div class=\"wc-block-grid__product-onsale\">\n\t\t\t<span aria-hidden=\"true\" data-no-translation=\"\" data-trp-gettext=\"\">\u0420\u0430\u0441\u043f\u0440\u043e\u0434\u0430\u0436\u0430<\/span>\n\t\t\t<span class=\"screen-reader-text\" data-no-translation=\"\" data-trp-gettext=\"\">\u041f\u0440\u043e\u0434\u0430\u0432\u0430\u0435\u043c\u044b\u0439 \u0442\u043e\u0432\u0430\u0440<\/span>\n\t\t<\/div>\n\t\t\t\t\t<div class=\"wc-block-grid__product-image\"><img fetchpriority=\"high\" decoding=\"async\" width=\"300\" height=\"420\" src=\"https:\/\/lemila.lt\/wp-content\/uploads\/2026\/04\/IMG_2657-300x420.jpeg\" class=\"attachment-woocommerce_thumbnail size-woocommerce_thumbnail\" alt=\"HANWAVE plauk\u0173 prie\u017ei\u016bros rinkinys \u2013 \u0161amp\u016bnas + kauk\u0117\" srcset=\"https:\/\/lemila.lt\/wp-content\/uploads\/2026\/04\/IMG_2657-300x420.jpeg 300w, https:\/\/lemila.lt\/wp-content\/uploads\/2026\/04\/IMG_2657-214x300.jpeg 214w, https:\/\/lemila.lt\/wp-content\/uploads\/2026\/04\/IMG_2657-731x1024.jpeg 731w, https:\/\/lemila.lt\/wp-content\/uploads\/2026\/04\/IMG_2657-768x1075.jpeg 768w, https:\/\/lemila.lt\/wp-content\/uploads\/2026\/04\/IMG_2657-1097x1536.jpeg 1097w, https:\/\/lemila.lt\/wp-content\/uploads\/2026\/04\/IMG_2657-1463x2048.jpeg 1463w, https:\/\/lemila.lt\/wp-content\/uploads\/2026\/04\/IMG_2657-9x12.jpeg 9w, https:\/\/lemila.lt\/wp-content\/uploads\/2026\/04\/IMG_2657-800x1120.jpeg 800w, https:\/\/lemila.lt\/wp-content\/uploads\/2026\/04\/IMG_2657-150x210.jpeg 150w, https:\/\/lemila.lt\/wp-content\/uploads\/2026\/04\/IMG_2657-64x90.jpeg 64w\" sizes=\"(max-width: 300px) 100vw, 300px\" \/><\/div>\n\t\t\t\t\t<div class=\"wc-block-grid__product-title\">\u041d\u0430\u0431\u043e\u0440 \u0434\u043b\u044f \u0443\u0445\u043e\u0434\u0430 \u0437\u0430 \u0432\u043e\u043b\u043e\u0441\u0430\u043c\u0438 HANWAVE - \u0448\u0430\u043c\u043f\u0443\u043d\u044c + \u043c\u0430\u0441\u043a\u0430<\/div>\n\t\t\t\t<\/a>\n\t\t\t\t<div class=\"wc-block-grid__product-price price\"><div class=\"price\"><del aria-hidden=\"true\"><span class=\"woocommerce-Price-amount amount\">64,80&nbsp;<span class=\"woocommerce-Price-currencySymbol\">\u20ac<\/span><\/span><\/del> <span class=\"screen-reader-text\" data-no-translation=\"\" data-trp-gettext=\"\">\u041f\u0435\u0440\u0432\u043e\u043d\u0430\u0447\u0430\u043b\u044c\u043d\u0430\u044f \u0446\u0435\u043d\u0430 \u0441\u043e\u0441\u0442\u0430\u0432\u043b\u044f\u043b\u0430 64,80&nbsp;&euro;.<\/span><ins aria-hidden=\"true\"><span class=\"woocommerce-Price-amount amount\">58,32&nbsp;<span class=\"woocommerce-Price-currencySymbol\">\u20ac<\/span><\/span><\/ins><span class=\"screen-reader-text\" data-no-translation=\"\" data-trp-gettext=\"\">\u0422\u0435\u043a\u0443\u0449\u0430\u044f \u0446\u0435\u043d\u0430: 58,32&nbsp;&euro;.<\/span><\/div><\/div>\n\t\t\t\t\n\t\t\t\t<div class=\"wp-block-button wc-block-grid__product-add-to-cart\"><a href=\"\/ru\/wp-json\/wp\/v2\/pages\/7?add-to-cart=28732\" aria-label=\"\u0414\u043e\u0431\u0430\u0432\u0438\u0442\u044c \u0432 \u043a\u043e\u0440\u0437\u0438\u043d\u0443 \u201cHANWAVE plauk\u0173 prie\u017ei\u016bros rinkinys \u2013 \u0161amp\u016bnas + kauk\u0117\u201d\" data-quantity=\"1\" data-product_id=\"28732\" data-product_sku=\"\" data-price=\"58.32\" rel=\"nofollow\" class=\"wp-block-button__link  add_to_cart_button ajax_add_to_cart\" data-no-translation=\"\" data-trp-gettext=\"\" data-no-translation-aria-label=\"\">\u0412 \u043a\u043e\u0440\u0437\u0438\u043d\u0443<\/a><\/div>\n\t\t\t<\/li><li class=\"wc-block-grid__product\">\n\t\t\t\t<a href=\"https:\/\/lemila.lt\/ru\/product\/drekinamasis-kuno-losjonas-cherry-amber-su-glow-efektu-200-ml\/\" class=\"wc-block-grid__product-link\">\n\t\t\t\t\t<div class=\"wc-block-grid__product-onsale\">\n\t\t\t<span aria-hidden=\"true\" data-no-translation=\"\" data-trp-gettext=\"\">\u0420\u0430\u0441\u043f\u0440\u043e\u0434\u0430\u0436\u0430<\/span>\n\t\t\t<span class=\"screen-reader-text\" data-no-translation=\"\" data-trp-gettext=\"\">\u041f\u0440\u043e\u0434\u0430\u0432\u0430\u0435\u043c\u044b\u0439 \u0442\u043e\u0432\u0430\u0440<\/span>\n\t\t<\/div>\n\t\t\t\t\t<div class=\"wc-block-grid__product-image\"><img decoding=\"async\" width=\"300\" height=\"300\" src=\"https:\/\/lemila.lt\/wp-content\/uploads\/2026\/03\/drekinamasis-ir-oda-sviesinantis-kuno-losjonas-cherry-amber-su-glow-efektu-200-ml-300x300.jpg\" class=\"attachment-woocommerce_thumbnail size-woocommerce_thumbnail\" alt=\"Dr\u0117kinamasis k\u016bno losjonas \u201eCherry &amp; Amber\u201c su GLOW efektu 200 ml\" srcset=\"https:\/\/lemila.lt\/wp-content\/uploads\/2026\/03\/drekinamasis-ir-oda-sviesinantis-kuno-losjonas-cherry-amber-su-glow-efektu-200-ml-300x300.jpg 300w, https:\/\/lemila.lt\/wp-content\/uploads\/2026\/03\/drekinamasis-ir-oda-sviesinantis-kuno-losjonas-cherry-amber-su-glow-efektu-200-ml-150x150.jpg 150w, https:\/\/lemila.lt\/wp-content\/uploads\/2026\/03\/drekinamasis-ir-oda-sviesinantis-kuno-losjonas-cherry-amber-su-glow-efektu-200-ml-768x768.jpg 768w, https:\/\/lemila.lt\/wp-content\/uploads\/2026\/03\/drekinamasis-ir-oda-sviesinantis-kuno-losjonas-cherry-amber-su-glow-efektu-200-ml-12x12.jpg 12w, https:\/\/lemila.lt\/wp-content\/uploads\/2026\/03\/drekinamasis-ir-oda-sviesinantis-kuno-losjonas-cherry-amber-su-glow-efektu-200-ml-64x64.jpg 64w, https:\/\/lemila.lt\/wp-content\/uploads\/2026\/03\/drekinamasis-ir-oda-sviesinantis-kuno-losjonas-cherry-amber-su-glow-efektu-200-ml.jpg 800w\" sizes=\"(max-width: 300px) 100vw, 300px\" \/><\/div>\n\t\t\t\t\t<div class=\"wc-block-grid__product-title\">\u0423\u0432\u043b\u0430\u0436\u043d\u044f\u044e\u0449\u0438\u0439 \u043b\u043e\u0441\u044c\u043e\u043d \u0434\u043b\u044f \u0442\u0435\u043b\u0430 \u201e\u0412\u0438\u0448\u043d\u044f \u0438 \u044f\u043d\u0442\u0430\u0440\u044c\u201c \u0441 \u044d\u0444\u0444\u0435\u043a\u0442\u043e\u043c GLOW 200 \u043c\u043b<\/div>\n\t\t\t\t<\/a>\n\t\t\t\t<div class=\"wc-block-grid__product-price price\"><div class=\"price\"><del aria-hidden=\"true\"><span class=\"woocommerce-Price-amount amount\">22,50&nbsp;<span class=\"woocommerce-Price-currencySymbol\">\u20ac<\/span><\/span><\/del> <span class=\"screen-reader-text\" data-no-translation=\"\" data-trp-gettext=\"\">\u041f\u0435\u0440\u0432\u043e\u043d\u0430\u0447\u0430\u043b\u044c\u043d\u0430\u044f \u0446\u0435\u043d\u0430 \u0441\u043e\u0441\u0442\u0430\u0432\u043b\u044f\u043b\u0430 22,50&nbsp;&euro;.<\/span><ins aria-hidden=\"true\"><span class=\"woocommerce-Price-amount amount\">18,00&nbsp;<span class=\"woocommerce-Price-currencySymbol\">\u20ac<\/span><\/span><\/ins><span class=\"screen-reader-text\" data-no-translation=\"\" data-trp-gettext=\"\">\u0422\u0435\u043a\u0443\u0449\u0430\u044f \u0446\u0435\u043d\u0430: 18,00&nbsp;&euro;.<\/span><\/div><\/div>\n\t\t\t\t\n\t\t\t\t<div class=\"wp-block-button wc-block-grid__product-add-to-cart\"><a href=\"\/ru\/wp-json\/wp\/v2\/pages\/7?add-to-cart=28700\" aria-label=\"\u0414\u043e\u0431\u0430\u0432\u0438\u0442\u044c \u0432 \u043a\u043e\u0440\u0437\u0438\u043d\u0443 \u201cDr\u0117kinamasis k\u016bno losjonas \u201eCherry &amp; Amber\u201c su GLOW efektu 200 ml\u201d\" data-quantity=\"1\" data-product_id=\"28700\" data-product_sku=\"\" data-price=\"18\" rel=\"nofollow\" class=\"wp-block-button__link  add_to_cart_button ajax_add_to_cart\" data-no-translation=\"\" data-trp-gettext=\"\" data-no-translation-aria-label=\"\">\u0412 \u043a\u043e\u0440\u0437\u0438\u043d\u0443<\/a><\/div>\n\t\t\t<\/li><li class=\"wc-block-grid__product\">\n\t\t\t\t<a href=\"https:\/\/lemila.lt\/ru\/product\/kuno-sveitiklis-cranberry-300-g\/\" class=\"wc-block-grid__product-link\">\n\t\t\t\t\t<div class=\"wc-block-grid__product-onsale\">\n\t\t\t<span aria-hidden=\"true\" data-no-translation=\"\" data-trp-gettext=\"\">\u0420\u0430\u0441\u043f\u0440\u043e\u0434\u0430\u0436\u0430<\/span>\n\t\t\t<span class=\"screen-reader-text\" data-no-translation=\"\" data-trp-gettext=\"\">\u041f\u0440\u043e\u0434\u0430\u0432\u0430\u0435\u043c\u044b\u0439 \u0442\u043e\u0432\u0430\u0440<\/span>\n\t\t<\/div>\n\t\t\t\t\t<div class=\"wc-block-grid__product-image\"><img decoding=\"async\" width=\"300\" height=\"300\" src=\"https:\/\/lemila.lt\/wp-content\/uploads\/2026\/03\/kuno-sveitiklis-cranberry-300g-300x300.jpg\" class=\"attachment-woocommerce_thumbnail size-woocommerce_thumbnail\" alt=\"K\u016bno \u0161veitiklis \u201eCranberry\u201c 300 g\" srcset=\"https:\/\/lemila.lt\/wp-content\/uploads\/2026\/03\/kuno-sveitiklis-cranberry-300g-300x300.jpg 300w, https:\/\/lemila.lt\/wp-content\/uploads\/2026\/03\/kuno-sveitiklis-cranberry-300g-150x150.jpg 150w, https:\/\/lemila.lt\/wp-content\/uploads\/2026\/03\/kuno-sveitiklis-cranberry-300g-768x768.jpg 768w, https:\/\/lemila.lt\/wp-content\/uploads\/2026\/03\/kuno-sveitiklis-cranberry-300g-12x12.jpg 12w, https:\/\/lemila.lt\/wp-content\/uploads\/2026\/03\/kuno-sveitiklis-cranberry-300g-64x64.jpg 64w, https:\/\/lemila.lt\/wp-content\/uploads\/2026\/03\/kuno-sveitiklis-cranberry-300g.jpg 800w\" sizes=\"(max-width: 300px) 100vw, 300px\" \/><\/div>\n\t\t\t\t\t<div class=\"wc-block-grid__product-title\">\u0421\u043a\u0440\u0430\u0431 \u0434\u043b\u044f \u0442\u0435\u043b\u0430 \u201e\u041a\u043b\u044e\u043a\u0432\u0430\u201c 300 \u0433<\/div>\n\t\t\t\t<\/a>\n\t\t\t\t<div class=\"wc-block-grid__product-price price\"><div class=\"price\"><del aria-hidden=\"true\"><span class=\"woocommerce-Price-amount amount\">22,50&nbsp;<span class=\"woocommerce-Price-currencySymbol\">\u20ac<\/span><\/span><\/del> <span class=\"screen-reader-text\" data-no-translation=\"\" data-trp-gettext=\"\">\u041f\u0435\u0440\u0432\u043e\u043d\u0430\u0447\u0430\u043b\u044c\u043d\u0430\u044f \u0446\u0435\u043d\u0430 \u0441\u043e\u0441\u0442\u0430\u0432\u043b\u044f\u043b\u0430 22,50&nbsp;&euro;.<\/span><ins aria-hidden=\"true\"><span class=\"woocommerce-Price-amount amount\">18,00&nbsp;<span class=\"woocommerce-Price-currencySymbol\">\u20ac<\/span><\/span><\/ins><span class=\"screen-reader-text\" data-no-translation=\"\" data-trp-gettext=\"\">\u0422\u0435\u043a\u0443\u0449\u0430\u044f \u0446\u0435\u043d\u0430: 18,00&nbsp;&euro;.<\/span><\/div><\/div>\n\t\t\t\t\n\t\t\t\t<div class=\"wp-block-button wc-block-grid__product-add-to-cart\"><a href=\"\/ru\/wp-json\/wp\/v2\/pages\/7?add-to-cart=28696\" aria-label=\"\u0414\u043e\u0431\u0430\u0432\u0438\u0442\u044c \u0432 \u043a\u043e\u0440\u0437\u0438\u043d\u0443 \u201cK\u016bno \u0161veitiklis \u201eCranberry\u201c 300 g\u201d\" data-quantity=\"1\" data-product_id=\"28696\" data-product_sku=\"\" data-price=\"18\" rel=\"nofollow\" class=\"wp-block-button__link  add_to_cart_button ajax_add_to_cart\" data-no-translation=\"\" data-trp-gettext=\"\" data-no-translation-aria-label=\"\">\u0412 \u043a\u043e\u0440\u0437\u0438\u043d\u0443<\/a><\/div>\n\t\t\t<\/li><li class=\"wc-block-grid__product\">\n\t\t\t\t<a href=\"https:\/\/lemila.lt\/ru\/product\/intymios-higienos-prausiklis-su-prebiotikais-calendula-oat-90-ml\/\" class=\"wc-block-grid__product-link\">\n\t\t\t\t\t<div class=\"wc-block-grid__product-onsale\">\n\t\t\t<span aria-hidden=\"true\" data-no-translation=\"\" data-trp-gettext=\"\">\u0420\u0430\u0441\u043f\u0440\u043e\u0434\u0430\u0436\u0430<\/span>\n\t\t\t<span class=\"screen-reader-text\" data-no-translation=\"\" data-trp-gettext=\"\">\u041f\u0440\u043e\u0434\u0430\u0432\u0430\u0435\u043c\u044b\u0439 \u0442\u043e\u0432\u0430\u0440<\/span>\n\t\t<\/div>\n\t\t\t\t\t<div class=\"wc-block-grid__product-image\"><img loading=\"lazy\" decoding=\"async\" width=\"300\" height=\"300\" src=\"https:\/\/lemila.lt\/wp-content\/uploads\/2026\/03\/intymios-higienos-prausiklis-su-prebiotikais-calendula-oat-100ml-300x300.jpg\" class=\"attachment-woocommerce_thumbnail size-woocommerce_thumbnail\" alt=\"Intymios higienos prausiklis su prebiotikais \u201eCalendula &amp; Oat\u201c 90 ml\" srcset=\"https:\/\/lemila.lt\/wp-content\/uploads\/2026\/03\/intymios-higienos-prausiklis-su-prebiotikais-calendula-oat-100ml-300x300.jpg 300w, https:\/\/lemila.lt\/wp-content\/uploads\/2026\/03\/intymios-higienos-prausiklis-su-prebiotikais-calendula-oat-100ml-150x150.jpg 150w, https:\/\/lemila.lt\/wp-content\/uploads\/2026\/03\/intymios-higienos-prausiklis-su-prebiotikais-calendula-oat-100ml-768x768.jpg 768w, https:\/\/lemila.lt\/wp-content\/uploads\/2026\/03\/intymios-higienos-prausiklis-su-prebiotikais-calendula-oat-100ml-12x12.jpg 12w, https:\/\/lemila.lt\/wp-content\/uploads\/2026\/03\/intymios-higienos-prausiklis-su-prebiotikais-calendula-oat-100ml-64x64.jpg 64w, https:\/\/lemila.lt\/wp-content\/uploads\/2026\/03\/intymios-higienos-prausiklis-su-prebiotikais-calendula-oat-100ml.jpg 800w\" sizes=\"(max-width: 300px) 100vw, 300px\" \/><\/div>\n\t\t\t\t\t<div class=\"wc-block-grid__product-title\">\u0421\u0440\u0435\u0434\u0441\u0442\u0432\u043e \u0434\u043b\u044f \u0438\u043d\u0442\u0438\u043c\u043d\u043e\u0439 \u0433\u0438\u0433\u0438\u0435\u043d\u044b \u0441 \u043f\u0440\u0435\u0431\u0438\u043e\u0442\u0438\u043a\u0430\u043c\u0438 \u201e\u041a\u0430\u043b\u0435\u043d\u0434\u0443\u043b\u0430 \u0438 \u043e\u0432\u0435\u0441\u201c 90 \u043c\u043b<\/div>\n\t\t\t\t<\/a>\n\t\t\t\t<div class=\"wc-block-grid__product-price price\"><div class=\"price\"><del aria-hidden=\"true\"><span class=\"woocommerce-Price-amount amount\">11,90&nbsp;<span class=\"woocommerce-Price-currencySymbol\">\u20ac<\/span><\/span><\/del> <span class=\"screen-reader-text\" data-no-translation=\"\" data-trp-gettext=\"\">\u041f\u0435\u0440\u0432\u043e\u043d\u0430\u0447\u0430\u043b\u044c\u043d\u0430\u044f \u0446\u0435\u043d\u0430 \u0441\u043e\u0441\u0442\u0430\u0432\u043b\u044f\u043b\u0430 11,90&nbsp;&euro;.<\/span><ins aria-hidden=\"true\"><span class=\"woocommerce-Price-amount amount\">8,80&nbsp;<span class=\"woocommerce-Price-currencySymbol\">\u20ac<\/span><\/span><\/ins><span class=\"screen-reader-text\" data-no-translation=\"\" data-trp-gettext=\"\">\u0422\u0435\u043a\u0443\u0449\u0430\u044f \u0446\u0435\u043d\u0430: 8,80&nbsp;&euro;.<\/span><\/div><\/div>\n\t\t\t\t\n\t\t\t\t<div class=\"wp-block-button wc-block-grid__product-add-to-cart\"><a href=\"\/ru\/wp-json\/wp\/v2\/pages\/7?add-to-cart=28692\" aria-label=\"\u0414\u043e\u0431\u0430\u0432\u0438\u0442\u044c \u0432 \u043a\u043e\u0440\u0437\u0438\u043d\u0443 \u201cIntymios higienos prausiklis su prebiotikais \u201eCalendula &amp; Oat\u201c 90 ml\u201d\" data-quantity=\"1\" data-product_id=\"28692\" data-product_sku=\"\" data-price=\"8.8\" rel=\"nofollow\" class=\"wp-block-button__link  add_to_cart_button ajax_add_to_cart\" data-no-translation=\"\" data-trp-gettext=\"\" data-no-translation-aria-label=\"\">\u0412 \u043a\u043e\u0440\u0437\u0438\u043d\u0443<\/a><\/div>\n\t\t\t<\/li><\/ul><\/div><\/div>\n<\/div>","protected":false},"excerpt":{"rendered":"","protected":false},"author":1,"featured_media":0,"parent":0,"menu_order":0,"comment_status":"closed","ping_status":"closed","template":"","meta":{"footnotes":""},"class_list":["post-7","page","type-page","status-publish","hentry","post-no-thumbnail"],"_links":{"self":[{"href":"https:\/\/lemila.lt\/ru\/wp-json\/wp\/v2\/pages\/7","targetHints":{"allow":["GET"]}}],"collection":[{"href":"https:\/\/lemila.lt\/ru\/wp-json\/wp\/v2\/pages"}],"about":[{"href":"https:\/\/lemila.lt\/ru\/wp-json\/wp\/v2\/types\/page"}],"author":[{"embeddable":true,"href":"https:\/\/lemila.lt\/ru\/wp-json\/wp\/v2\/users\/1"}],"replies":[{"embeddable":true,"href":"https:\/\/lemila.lt\/ru\/wp-json\/wp\/v2\/comments?post=7"}],"version-history":[{"count":1,"href":"https:\/\/lemila.lt\/ru\/wp-json\/wp\/v2\/pages\/7\/revisions"}],"predecessor-version":[{"id":22668,"href":"https:\/\/lemila.lt\/ru\/wp-json\/wp\/v2\/pages\/7\/revisions\/22668"}],"wp:attachment":[{"href":"https:\/\/lemila.lt\/ru\/wp-json\/wp\/v2\/media?parent=7"}],"curies":[{"name":"wp","href":"https:\/\/api.w.org\/{rel}","templated":true}]}}