{"id":29149,"date":"2026-05-13T11:36:00","date_gmt":"2026-05-13T08:36:00","guid":{"rendered":"https:\/\/lemila.lt\/?post_type=product&#038;p=29149"},"modified":"2026-05-13T11:36:00","modified_gmt":"2026-05-13T08:36:00","slug":"etalon-mix-cool-sense-cooling-gel","status":"publish","type":"product","link":"https:\/\/lemila.lt\/lv\/product\/etalon-mix-cool-sense-cooling-gel\/","title":{"rendered":"ETALON MIX - Cool sense dzes\u0113jo\u0161\u0101 \u017eeleja"},"content":{"rendered":"<p>\u201eETALON MIX Cool Sense ir uzlabots atv\u0113sino\u0161s gels, kas paredz\u0113ts klientu komforta uzlabo\u0161anai profesion\u0101lu kosm\u0113tisko, skaistumkop\u0161anas un est\u0113tisko proced\u016bru laik\u0101. Intens\u012bvais dzes\u0113\u0161anas efekts nodro\u0161ina t\u016bl\u012bt\u0113ju un efekt\u012bvu atvieglojumu, pal\u012bdzot mazin\u0101t diskomfortu, vienlaikus saglab\u0101jot \u0101das dabisko strukt\u016bru un integrit\u0101ti.<\/p>\n<p>At\u0161\u0137ir\u012bb\u0101 no daudziem atv\u0113sino\u0161iem produktiem Cool Sense neizraisa \u0101das sabiez\u0113\u0161anu vai \u0101das tekst\u016bras izmai\u0146as, t\u0101p\u0113c p\u0113c lieto\u0161anas \u0101da ir gluda un dab\u012bga. Formula maigi sa\u0161aurina asinsvadus, kas var pal\u012bdz\u0113t samazin\u0101t aps\u0101rtumu un piet\u016bkumu, padarot proced\u016bras t\u012br\u0101kas un prec\u012bz\u0101kas.<\/p>\n<p>Izstr\u0101d\u0101ts, lai nodro\u0161in\u0101tu daudzpus\u012bbu, g\u0113ls ir piem\u0113rots lieto\u0161anai uz vis\u0101m \u0137erme\u0146a zon\u0101m un nodro\u0161ina ilgsto\u0161u komfortu, \u013caujot \u0101rstiem str\u0101d\u0101t efekt\u012bvi un klientiem justies \u0113rti.<\/p>\n<p>IZMANTO\u0160ANA:<br \/>\nUzkl\u0101jiet nelielu daudzumu gela uz izv\u0113l\u0113t\u0101s vietas, izmantojot vienreizlietojamu aplikatoru. Atst\u0101jiet uzkl\u0101t uz 2-5 min\u016btes, lai pan\u0101ktu optim\u0101lu atv\u0113sino\u0161u efektu. Izvairieties no saskares ar ac\u012bm un muti. Nejau\u0161as saskares gad\u012bjum\u0101 ar ac\u012bm, r\u016bp\u012bgi izskalojiet ar \u016bdeni.<\/p>\n<p>Uzglab\u0101\u0161ana: uzglab\u0101t no +10 \u00b0C l\u012bdz +25 \u00b0C temperat\u016br\u0101. Uzglab\u0101t dro\u0161\u0101 viet\u0101 no tie\u0161iem saules stariem. Nesald\u0113t.<\/p>","protected":false},"excerpt":{"rendered":"<p>Profesion\u0101ls atv\u0113sino\u0161s gels, kas paredz\u0113ts diskomforta mazin\u0101\u0161anai kosm\u0113tisko un est\u0113tisko proced\u016bru laik\u0101, vienlaikus saglab\u0101jot \u0101du gludu un nemain\u012bgu. Piem\u0113rots vis\u0101m \u0137erme\u0146a zon\u0101m.<\/p>\n<p><strong>Izm\u0113rs:<\/strong> 30 ml<\/p>","protected":false},"featured_media":29150,"comment_status":"open","ping_status":"closed","template":"","meta":[],"product_brand":[218],"product_cat":[215,112],"product_tag":[],"class_list":{"0":"post-29149","1":"product","2":"type-product","3":"status-publish","4":"has-post-thumbnail","6":"product_brand-etalon-mix","7":"product_cat-profesionalams","8":"product_cat-pigmentai","10":"first","11":"instock","12":"taxable","13":"shipping-taxable","14":"purchasable","15":"product-type-simple"},"_links":{"self":[{"href":"https:\/\/lemila.lt\/lv\/wp-json\/wp\/v2\/product\/29149","targetHints":{"allow":["GET"]}}],"collection":[{"href":"https:\/\/lemila.lt\/lv\/wp-json\/wp\/v2\/product"}],"about":[{"href":"https:\/\/lemila.lt\/lv\/wp-json\/wp\/v2\/types\/product"}],"replies":[{"embeddable":true,"href":"https:\/\/lemila.lt\/lv\/wp-json\/wp\/v2\/comments?post=29149"}],"version-history":[{"count":1,"href":"https:\/\/lemila.lt\/lv\/wp-json\/wp\/v2\/product\/29149\/revisions"}],"predecessor-version":[{"id":29151,"href":"https:\/\/lemila.lt\/lv\/wp-json\/wp\/v2\/product\/29149\/revisions\/29151"}],"wp:featuredmedia":[{"embeddable":true,"href":"https:\/\/lemila.lt\/lv\/wp-json\/wp\/v2\/media\/29150"}],"wp:attachment":[{"href":"https:\/\/lemila.lt\/lv\/wp-json\/wp\/v2\/media?parent=29149"}],"wp:term":[{"taxonomy":"product_brand","embeddable":true,"href":"https:\/\/lemila.lt\/lv\/wp-json\/wp\/v2\/product_brand?post=29149"},{"taxonomy":"product_cat","embeddable":true,"href":"https:\/\/lemila.lt\/lv\/wp-json\/wp\/v2\/product_cat?post=29149"},{"taxonomy":"product_tag","embeddable":true,"href":"https:\/\/lemila.lt\/lv\/wp-json\/wp\/v2\/product_tag?post=29149"}],"curies":[{"name":"wp","href":"https:\/\/api.w.org\/{rel}","templated":true}]}}