{"id":28700,"date":"2026-03-28T12:51:37","date_gmt":"2026-03-28T10:51:37","guid":{"rendered":"https:\/\/lemila.lt\/?post_type=product&#038;p=28700"},"modified":"2026-03-29T19:52:57","modified_gmt":"2026-03-29T16:52:57","slug":"drekinamasis-kuno-losjonas-cherry-amber-su-glow-efektu-200-ml","status":"publish","type":"product","link":"https:\/\/lemila.lt\/lv\/product\/drekinamasis-kuno-losjonas-cherry-amber-su-glow-efektu-200-ml\/","title":{"rendered":"Mitrino\u0161s \u0137erme\u0146a losjons \u201e\u0136irsis un dzintars\u201c ar GLOW efektu 200 ml"},"content":{"rendered":"<p>IZMANTO\u0160ANA:<br \/>\nAr ap\u013cveida kust\u012bb\u0101m iemas\u0113jiet nelielu losjona daudzumu \u0101d\u0101. Uzman\u012bbu, tas satur dabiskas izcelsmes sast\u0101vda\u013cas. Partijas var at\u0161\u0137irties smar\u017eas intensit\u0101tes, kr\u0101sas un konsistences zi\u0146\u0101. Tas ir dabisks process, kas neietekm\u0113 produkta kvalit\u0101ti un laika gait\u0101 var main\u012bties. Uzglab\u0101t istabas temperat\u016br\u0101, v\u0113s\u0101, no saules gaismas pasarg\u0101t\u0101 viet\u0101.<\/p>\n<p>SECIN\u0100JUMI:<br \/>\n\u016adens, glicerilstear\u0101ta citr\u0101ts, propandiols, saldo mande\u013cu e\u013c\u013ca, kaprilic\/kapric triglicer\u012bdi, \u0161\u012b sviests, pantenols, sorb\u012bts, beta\u012bns, glicerilstear\u0101ts, glicerilstear\u0101ts, izoamila laur\u0101ts, skval\u0101ns, \u0137ir\u0161u aug\u013cu sula, leukonostok\/radikijas sak\u0146u ferment\u0101cijas filtrs, sukc\u012bna ekstrakts, glicer\u012bns, ksilitols, ksilitola glikoz\u012bds, anhidroksilitols, lecit\u012bns, pullul\u0101ns, ksant\u0101na sve\u0137i, sklerocija sve\u0137i, cetearilspirts, vizla, tit\u0101na dioks\u012bds, sil\u012bcijs, tetran\u0101trija glutam\u0101ta diacet\u0101ts, citronsk\u0101be, pantholaktons, n\u0101trija benzo\u0101ts, k\u0101lija sorb\u0101ts, aromatiz\u0113t\u0101js, linalols, heksilcinamaldeh\u012bds, limon\u0113ns.<\/p>","protected":false},"excerpt":{"rendered":"<p>Vieglas konsistences mitrino\u0161s \u0137erme\u0146a losjons, kas \u0101tri ies\u016bcas un mitrina, pateicoties t\u0101d\u0101m akt\u012bvaj\u0101m sast\u0101vda\u013c\u0101m k\u0101 beta\u012bns, sorb\u012bts, propandiols un red\u012bsu raugs. \u0160\u012b sviests un skval\u0113ns atjauno, mitrina un baro sausu \u0101du. \u0100da k\u013c\u016bst gluda, z\u012bdaina un starojo\u0161a.<\/p>","protected":false},"featured_media":28701,"comment_status":"open","ping_status":"closed","template":"","meta":[],"product_brand":[295],"product_cat":[154,159],"product_tag":[],"class_list":{"0":"post-28700","1":"product","2":"type-product","3":"status-publish","4":"has-post-thumbnail","6":"product_brand-mokosh","7":"product_cat-kunui","8":"product_cat-kuno-losjonas","10":"first","11":"instock","12":"sale","13":"taxable","14":"shipping-taxable","15":"purchasable","16":"product-type-simple"},"_links":{"self":[{"href":"https:\/\/lemila.lt\/lv\/wp-json\/wp\/v2\/product\/28700","targetHints":{"allow":["GET"]}}],"collection":[{"href":"https:\/\/lemila.lt\/lv\/wp-json\/wp\/v2\/product"}],"about":[{"href":"https:\/\/lemila.lt\/lv\/wp-json\/wp\/v2\/types\/product"}],"replies":[{"embeddable":true,"href":"https:\/\/lemila.lt\/lv\/wp-json\/wp\/v2\/comments?post=28700"}],"version-history":[{"count":2,"href":"https:\/\/lemila.lt\/lv\/wp-json\/wp\/v2\/product\/28700\/revisions"}],"predecessor-version":[{"id":28710,"href":"https:\/\/lemila.lt\/lv\/wp-json\/wp\/v2\/product\/28700\/revisions\/28710"}],"wp:featuredmedia":[{"embeddable":true,"href":"https:\/\/lemila.lt\/lv\/wp-json\/wp\/v2\/media\/28701"}],"wp:attachment":[{"href":"https:\/\/lemila.lt\/lv\/wp-json\/wp\/v2\/media?parent=28700"}],"wp:term":[{"taxonomy":"product_brand","embeddable":true,"href":"https:\/\/lemila.lt\/lv\/wp-json\/wp\/v2\/product_brand?post=28700"},{"taxonomy":"product_cat","embeddable":true,"href":"https:\/\/lemila.lt\/lv\/wp-json\/wp\/v2\/product_cat?post=28700"},{"taxonomy":"product_tag","embeddable":true,"href":"https:\/\/lemila.lt\/lv\/wp-json\/wp\/v2\/product_tag?post=28700"}],"curies":[{"name":"wp","href":"https:\/\/api.w.org\/{rel}","templated":true}]}}