{"id":28696,"date":"2026-03-28T12:45:03","date_gmt":"2026-03-28T10:45:03","guid":{"rendered":"https:\/\/lemila.lt\/?post_type=product&#038;p=28696"},"modified":"2026-03-29T19:49:24","modified_gmt":"2026-03-29T16:49:24","slug":"kuno-sveitiklis-cranberry-300-g","status":"publish","type":"product","link":"https:\/\/lemila.lt\/lv\/product\/kuno-sveitiklis-cranberry-300-g\/","title":{"rendered":"\u0136erme\u0146a skrubis \u201eDz\u0113rvenes\u201c 300 g"},"content":{"rendered":"<p>IZMANTO\u0160ANA:<br \/>\nReizi ned\u0113\u013c\u0101 uzkl\u0101jiet nelielu daudzumu skrubja uz mitras \u0101das un mas\u0113jiet to ar ap\u013cveida kust\u012bb\u0101m. P\u0113c tam noskalojiet ar \u016bdeni. Br\u012bdin\u0101jums: dabiskas izcelsmes sast\u0101vda\u013cas. Iepakojum\u0101 var at\u0161\u0137irties smar\u017eas intensit\u0101te, kr\u0101sa un tekst\u016bra. Tas ir dabisks process, kas neietekm\u0113 produkta kvalit\u0101ti un var rasties laika gait\u0101. Var veidoties nogulsnes. Uzglab\u0101t tum\u0161\u0101 telp\u0101 istabas temperat\u016br\u0101.<\/p>\n<p>SECIN\u0100JUMI:<br \/>\nJ\u016bras s\u0101ls, saldo mande\u013cu e\u013c\u013ca, \u0161\u012b sviests, dz\u0113rve\u0146u s\u0113klu e\u013c\u013ca, argana s\u0113klu e\u013c\u013ca, argana s\u0113klu e\u013c\u013ca, jojobas s\u0113klu e\u013c\u013ca, glicer\u012bns, vakara pr\u012bmulas s\u0113klu e\u013c\u013ca, smar\u017evielas, tokoferols, saulespu\u0137u s\u0113klu e\u013c\u013ca, limon\u0113ns.<\/p>","protected":false},"excerpt":{"rendered":"<p>N\u0101ves j\u016bras s\u0101ls skrubis ar liofiliz\u0113t\u0101m dz\u0113rve\u0146u s\u0113kl\u0101m un antioksidantiem bag\u0101tu dz\u0113rve\u0146u e\u013c\u013cu att\u012bra, izl\u012bdzina un baro \u0101du. Dab\u012bgais \u0161\u012b sviests un v\u0113rt\u012bg\u0101s augu e\u013c\u013cas, piem\u0113ram, argana, jojobas, vakara pr\u012bmulas un saldo mande\u013cu e\u013c\u013ca, mitrina \u0101du, bet skrub\u012b eso\u0161\u0101s akt\u012bv\u0101s sast\u0101vda\u013cas to v\u0113l vair\u0101k nostiprina un atjauno. S\u0101ls skrubis stimul\u0113 asinsriti un iedarbojas detoksik\u0113jo\u0161i, pal\u012bdzot samazin\u0101t celul\u012btu. Skrub\u012b eso\u0161ajam E vitam\u012bnam ir antioksidanta iedarb\u012bba.<\/p>","protected":false},"featured_media":28697,"comment_status":"open","ping_status":"closed","template":"","meta":[],"product_brand":[295],"product_cat":[154,156],"product_tag":[],"class_list":{"0":"post-28696","1":"product","2":"type-product","3":"status-publish","4":"has-post-thumbnail","6":"product_brand-mokosh","7":"product_cat-kunui","8":"product_cat-sveitiklis","10":"first","11":"instock","12":"sale","13":"taxable","14":"shipping-taxable","15":"purchasable","16":"product-type-simple"},"_links":{"self":[{"href":"https:\/\/lemila.lt\/lv\/wp-json\/wp\/v2\/product\/28696","targetHints":{"allow":["GET"]}}],"collection":[{"href":"https:\/\/lemila.lt\/lv\/wp-json\/wp\/v2\/product"}],"about":[{"href":"https:\/\/lemila.lt\/lv\/wp-json\/wp\/v2\/types\/product"}],"replies":[{"embeddable":true,"href":"https:\/\/lemila.lt\/lv\/wp-json\/wp\/v2\/comments?post=28696"}],"version-history":[{"count":1,"href":"https:\/\/lemila.lt\/lv\/wp-json\/wp\/v2\/product\/28696\/revisions"}],"predecessor-version":[{"id":28699,"href":"https:\/\/lemila.lt\/lv\/wp-json\/wp\/v2\/product\/28696\/revisions\/28699"}],"wp:featuredmedia":[{"embeddable":true,"href":"https:\/\/lemila.lt\/lv\/wp-json\/wp\/v2\/media\/28697"}],"wp:attachment":[{"href":"https:\/\/lemila.lt\/lv\/wp-json\/wp\/v2\/media?parent=28696"}],"wp:term":[{"taxonomy":"product_brand","embeddable":true,"href":"https:\/\/lemila.lt\/lv\/wp-json\/wp\/v2\/product_brand?post=28696"},{"taxonomy":"product_cat","embeddable":true,"href":"https:\/\/lemila.lt\/lv\/wp-json\/wp\/v2\/product_cat?post=28696"},{"taxonomy":"product_tag","embeddable":true,"href":"https:\/\/lemila.lt\/lv\/wp-json\/wp\/v2\/product_tag?post=28696"}],"curies":[{"name":"wp","href":"https:\/\/api.w.org\/{rel}","templated":true}]}}