{"id":28692,"date":"2026-03-28T12:31:47","date_gmt":"2026-03-28T10:31:47","guid":{"rendered":"https:\/\/lemila.lt\/?post_type=product&#038;p=28692"},"modified":"2026-03-29T22:18:34","modified_gmt":"2026-03-29T19:18:34","slug":"intymios-higienos-prausiklis-su-prebiotikais-calendula-oat-90-ml","status":"publish","type":"product","link":"https:\/\/lemila.lt\/lv\/product\/intymios-higienos-prausiklis-su-prebiotikais-calendula-oat-90-ml\/","title":{"rendered":"Int\u012bm\u0101s higi\u0113nas t\u012br\u012b\u0161anas l\u012bdzeklis ar prebiotik\u0101m \u201eKli\u0146\u0123er\u012bte un auzas\u201c 90 ml"},"content":{"rendered":"<p>IZMANTO\u0160ANA:<br \/>\nUzkl\u0101jiet nelielu daudzumu t\u012br\u012b\u0161anas l\u012bdzek\u013ca uz rokas un s\u0101ciet mazg\u0101t int\u012bm\u0101s da\u013cas, l\u012bdz izveidojas putas. P\u0113c tam noskalojiet t\u012br\u012b\u0161anas l\u012bdzekli ar siltu \u016bdeni.<\/p>\n<p>SECIN\u0100JUMI:<br \/>\n\u016adens, deksilglikoz\u012bds, Lactobacillus\/bambusa ferment\u0101cijas filtr\u0101ts, inul\u012bns, propandiols, glicer\u012bns, pantenols, kli\u0146\u0123er\u012b\u0161u ziedu ekstrakts, n\u0101tru ekstrakts, auzu kodolu ekstrakts, saharoze, piensk\u0101be, celulozes sve\u0137i, celuloze, ksant\u0101na sve\u0137i, tetran\u0101trija glutam\u0101ta diacet\u0101ts, citronsk\u0101be, n\u0101trija benzo\u0101ts, k\u0101lija sorb\u0101ts, aromatiz\u0113t\u0101ji, citronelols, heksilcinam\u0101ts, limon\u0113ns, linalols.<\/p>","protected":false},"excerpt":{"rendered":"<p>Mokosh Prebiotic int\u012bm\u0101s higi\u0113nas \u017eeleja nodro\u0161ina maigu, bet \u013coti efekt\u012bvu att\u012br\u012b\u0161anu, mitrin\u0101\u0161anu un aizsardz\u012bbu, vienlaikus saglab\u0101jot int\u012bm\u0101s zonas dabisko mikrofloru. Piensk\u0101be rada pareizo sk\u0101bo vidi, savuk\u0101rt koriandra un auzu ekstrakti kop\u0101 ar pantenolu m\u012bkstina, nomierina un atjauno g\u013cot\u0101du. Inul\u012bns un Lactobacillus bioferments darbojas k\u0101 prebioti\u0137i, stiprinot dabisk\u0101s aizsargfunkcijas, savuk\u0101rt red\u012bsu sak\u0146u ferment\u0101cijas filtr\u0101ts aizsarg\u0101 bakt\u0113riju floru un uzlabo \u0101das mitrumu. Smalkais z\u0101\u013cu arom\u0101ts sniedz svaiguma saj\u016btu, t\u0101p\u0113c regul\u0101ra lieto\u0161ana pal\u012bdz saglab\u0101t komfortu un t\u012br\u012bbu visas dienas garum\u0101. <\/p>","protected":false},"featured_media":28693,"comment_status":"open","ping_status":"closed","template":"","meta":[],"product_brand":[],"product_cat":[154,261],"product_tag":[],"class_list":{"0":"post-28692","1":"product","2":"type-product","3":"status-publish","4":"has-post-thumbnail","6":"product_cat-kunui","7":"product_cat-sveikatai","9":"first","10":"instock","11":"sale","12":"taxable","13":"shipping-taxable","14":"purchasable","15":"product-type-simple"},"_links":{"self":[{"href":"https:\/\/lemila.lt\/lv\/wp-json\/wp\/v2\/product\/28692","targetHints":{"allow":["GET"]}}],"collection":[{"href":"https:\/\/lemila.lt\/lv\/wp-json\/wp\/v2\/product"}],"about":[{"href":"https:\/\/lemila.lt\/lv\/wp-json\/wp\/v2\/types\/product"}],"replies":[{"embeddable":true,"href":"https:\/\/lemila.lt\/lv\/wp-json\/wp\/v2\/comments?post=28692"}],"version-history":[{"count":2,"href":"https:\/\/lemila.lt\/lv\/wp-json\/wp\/v2\/product\/28692\/revisions"}],"predecessor-version":[{"id":28711,"href":"https:\/\/lemila.lt\/lv\/wp-json\/wp\/v2\/product\/28692\/revisions\/28711"}],"wp:featuredmedia":[{"embeddable":true,"href":"https:\/\/lemila.lt\/lv\/wp-json\/wp\/v2\/media\/28693"}],"wp:attachment":[{"href":"https:\/\/lemila.lt\/lv\/wp-json\/wp\/v2\/media?parent=28692"}],"wp:term":[{"taxonomy":"product_brand","embeddable":true,"href":"https:\/\/lemila.lt\/lv\/wp-json\/wp\/v2\/product_brand?post=28692"},{"taxonomy":"product_cat","embeddable":true,"href":"https:\/\/lemila.lt\/lv\/wp-json\/wp\/v2\/product_cat?post=28692"},{"taxonomy":"product_tag","embeddable":true,"href":"https:\/\/lemila.lt\/lv\/wp-json\/wp\/v2\/product_tag?post=28692"}],"curies":[{"name":"wp","href":"https:\/\/api.w.org\/{rel}","templated":true}]}}