{"id":28689,"date":"2026-03-28T12:18:37","date_gmt":"2026-03-28T10:18:37","guid":{"rendered":"https:\/\/lemila.lt\/?post_type=product&#038;p=28689"},"modified":"2026-03-29T19:51:33","modified_gmt":"2026-03-29T16:51:33","slug":"drekinamasis-kuno-prausiklis-cherry-amber-300-ml","status":"publish","type":"product","link":"https:\/\/lemila.lt\/lv\/product\/drekinamasis-kuno-prausiklis-cherry-amber-300-ml\/","title":{"rendered":"Mitrino\u0161s \u0137erme\u0146a mazg\u0101\u0161anas l\u012bdzeklis \u201e\u0136irsis un dzintars\u201c 300 ml"},"content":{"rendered":"<p>IZMANTO\u0160ANA:<br \/>\nUzkl\u0101jiet nelielu daudzumu \u017eelejas uz mitras \u0101das, mas\u0113jiet ar ap\u013cveida kust\u012bb\u0101m, p\u0113c tam noskalojiet ar \u016bdeni. Uzman\u012bbu: dabiskas izcelsmes sast\u0101vda\u013cas. Partijas var at\u0161\u0137irties smar\u017eas, kr\u0101sas un konsistences intensit\u0101tes zi\u0146\u0101, tas ir dabisks process, kas neietekm\u0113 produkta kvalit\u0101ti. Ieteicams uzglab\u0101t tum\u0161\u0101 viet\u0101 istabas temperat\u016br\u0101.<\/p>\n<p>SECIN\u0100JUMI:<br \/>\n\u016adens, kokosriekstu n\u0101trija sulf\u0101ts, kokamidopropilbeta\u012bns, propandiols, beta\u012bns, saulespu\u0137u e\u013c\u013ca, poligliceril-4 esteri, trehalozi, Lactobacillus\/bamboo (Arundinaria Gigantea) ferment\u0101cijas filtrs, \u0137ir\u0161u (Prunus Avium) aug\u013cu sula, citronu sula, inul\u012bns, red\u012bsu sak\u0146u ferment\u0101cijas filtrs, glicer\u012bns, citronsk\u0101be, tetran\u0101trija glutam\u0101ta diacet\u0101ts, n\u0101trija hlor\u012bds, n\u0101trija benzo\u0101ts, k\u0101lija sorb\u0101ts, aromatiz\u0113t\u0101ji, linalols, heksilcinamols.<\/p>","protected":false},"excerpt":{"rendered":"<p>Dabisks \u0137erme\u0146a mazg\u0101\u0161anas l\u012bdzeklis ar arom\u0101tisku, unik\u0101lu \u0137ir\u0161u un ambras smar\u017eu. T\u0101 sast\u0101v\u0101 ir augu izcelsmes sast\u0101vda\u013cas, kas efekt\u012bvi att\u012bra \u0101du, neboj\u0101jot t\u0101s dabisko aizsargsl\u0101ni. g\u0113ls ir bag\u0101ts ar augu izcelsmes akt\u012bvaj\u0101m sast\u0101vda\u013c\u0101m, piem\u0113ram, biofermentu no bambusa lap\u0101m, propandiolu, trehalozi un beta\u012bnu, kas aiztur \u016bdeni epidermas aug\u0161\u0113j\u0101 sl\u0101n\u012b. Pateicoties t\u0101m, \u0101da ilgsto\u0161i saglab\u0101jas mitrin\u0101ta. \u012apa\u0161i j\u0101atz\u012bm\u0113 no cigori\u0146u sakn\u0113m ieg\u016btais probioti\u0137is (inul\u012bns), kas atbalsta \u0101das aizsargfunkcijas un palielina t\u0101s iztur\u012bbu pret \u0101r\u0113jiem faktoriem. \u017deleja ir maiga pret \u0101du, labi puto un tai ir pat\u012bkams arom\u0101ts, kas uzlabo saj\u016btas un sniedz svaiguma saj\u016btu. Ide\u0101li piem\u0113rots ikdienas kop\u0161anai.<\/p>","protected":false},"featured_media":28690,"comment_status":"open","ping_status":"closed","template":"","meta":[],"product_brand":[],"product_cat":[154,156],"product_tag":[],"class_list":{"0":"post-28689","1":"product","2":"type-product","3":"status-publish","4":"has-post-thumbnail","6":"product_cat-kunui","7":"product_cat-sveitiklis","9":"first","10":"instock","11":"sale","12":"taxable","13":"shipping-taxable","14":"purchasable","15":"product-type-simple"},"_links":{"self":[{"href":"https:\/\/lemila.lt\/lv\/wp-json\/wp\/v2\/product\/28689","targetHints":{"allow":["GET"]}}],"collection":[{"href":"https:\/\/lemila.lt\/lv\/wp-json\/wp\/v2\/product"}],"about":[{"href":"https:\/\/lemila.lt\/lv\/wp-json\/wp\/v2\/types\/product"}],"replies":[{"embeddable":true,"href":"https:\/\/lemila.lt\/lv\/wp-json\/wp\/v2\/comments?post=28689"}],"version-history":[{"count":2,"href":"https:\/\/lemila.lt\/lv\/wp-json\/wp\/v2\/product\/28689\/revisions"}],"predecessor-version":[{"id":28709,"href":"https:\/\/lemila.lt\/lv\/wp-json\/wp\/v2\/product\/28689\/revisions\/28709"}],"wp:featuredmedia":[{"embeddable":true,"href":"https:\/\/lemila.lt\/lv\/wp-json\/wp\/v2\/media\/28690"}],"wp:attachment":[{"href":"https:\/\/lemila.lt\/lv\/wp-json\/wp\/v2\/media?parent=28689"}],"wp:term":[{"taxonomy":"product_brand","embeddable":true,"href":"https:\/\/lemila.lt\/lv\/wp-json\/wp\/v2\/product_brand?post=28689"},{"taxonomy":"product_cat","embeddable":true,"href":"https:\/\/lemila.lt\/lv\/wp-json\/wp\/v2\/product_cat?post=28689"},{"taxonomy":"product_tag","embeddable":true,"href":"https:\/\/lemila.lt\/lv\/wp-json\/wp\/v2\/product_tag?post=28689"}],"curies":[{"name":"wp","href":"https:\/\/api.w.org\/{rel}","templated":true}]}}