{"id":28686,"date":"2026-03-28T12:08:31","date_gmt":"2026-03-28T10:08:31","guid":{"rendered":"https:\/\/lemila.lt\/?post_type=product&#038;p=28686"},"modified":"2026-03-29T22:18:34","modified_gmt":"2026-03-29T19:18:34","slug":"drekinamasis-kuno-prausiklis-sandalwood-amber-500-g","status":"publish","type":"product","link":"https:\/\/lemila.lt\/lv\/product\/drekinamasis-kuno-prausiklis-sandalwood-amber-500-g\/","title":{"rendered":"Mitrino\u0161s \u0137erme\u0146a mazg\u0101\u0161anas l\u012bdzeklis \u201eSandalkoks un dzintars\u201c 500 g"},"content":{"rendered":"<p>IZMANTO\u0160ANA:<br \/>\nUzkl\u0101jiet nelielu daudzumu gela uz \u0101das un iemas\u0113jiet to vis\u0101 \u0137ermen\u012b, p\u0113c tam noskalojiet ar \u016bdeni. Saskaroties ar ac\u012bm, r\u016bp\u012bgi izskalojiet t\u0101s ar \u016bdeni. Br\u012bdin\u0101jums: dabiskas izcelsmes sast\u0101vda\u013cas. Iepakojum\u0101 var at\u0161\u0137irties smar\u017eas intensit\u0101te, kr\u0101sa un tekst\u016bra. Tas ir dabisks process, kas neietekm\u0113 produkta kvalit\u0101ti un var rasties laika gait\u0101. Var veidoties nogulsnes. Uzglab\u0101t tum\u0161\u0101 telp\u0101 istabas temperat\u016br\u0101.<\/p>\n<p>SECIN\u0100JUMI:<br \/>\n\u016adens, n\u0101trija koko sulf\u0101ts, kokamidopropilbeta\u012bns, inul\u012bns, propandiols, alvejas lapu sula, glicer\u012bns, ksil\u012bta glikoz\u012bds, smar\u017evielas, anhidroksilitols, n\u0101trija hlor\u012bds, beta\u012bns, polisorb\u0101ts 80, dzintara ekstrakts, Sandalkoka ekstrakts, bie\u0161u sak\u0146u ekstrakts, ksilitols, glikoze, fruktoze, saharoze, tetran\u0101trija glutam\u0101ta diacet\u0101ts, citronsk\u0101be, n\u0101trija benzo\u0101ts, k\u0101lija sorb\u0101ts, citronelols, geraniols, alfa-izometiljonons.<\/p>","protected":false},"excerpt":{"rendered":"<p>Sandalkoka un dzintara \u0137erme\u0146a mazg\u0101\u0161anas l\u012bdzek\u013ca sast\u0101v\u0101 ir efekt\u012bva augu izcelsmes sast\u0101vda\u013ca, kas r\u016bp\u012bgi att\u012bra \u0101du. Dab\u012bgie polisahar\u012bdi un bie\u0161u ekstrakta kompleksi piesaista \u016bdeni epidermas \u0101r\u0113jos sl\u0101\u0146os, padarot \u0101du tvirt\u0101ku un mitrin\u0101tu uz ilgu laiku. probiotikas atbalsta \u0101das aizsargfunkcijas un palielina t\u0101s iztur\u012bbu pret \u0101r\u0113jiem faktoriem. Ambras un sandalkoka ekstraktiem piem\u012bt atjaunojo\u0161a un aizsarg\u0101jo\u0161a iedarb\u012bba, un tie ir dabiski kondicionieri, padarot \u0101du maigu un gludu. T\u012bra alvejas sula un beta\u012bns mitrina un nomierina kairin\u0101jumu un p\u0101rm\u0113r\u012bgu sausumu. Propandiols, augu izcelsmes glikols, nov\u0113r\u0161 mitruma zudumu un atbalsta p\u0101r\u0113jo akt\u012bvo sast\u0101vda\u013cu darb\u012bbu. Pateicoties dab\u012bgajam kompleksam, \u017eeleju var lietot pat ar \u013coti cietu \u016bdeni, veidojot biezas un samtainas putas.<\/p>","protected":false},"featured_media":28687,"comment_status":"open","ping_status":"closed","template":"","meta":[],"product_brand":[295],"product_cat":[154,156],"product_tag":[],"class_list":{"0":"post-28686","1":"product","2":"type-product","3":"status-publish","4":"has-post-thumbnail","6":"product_brand-mokosh","7":"product_cat-kunui","8":"product_cat-sveitiklis","10":"first","11":"instock","12":"sale","13":"taxable","14":"shipping-taxable","15":"purchasable","16":"product-type-simple"},"_links":{"self":[{"href":"https:\/\/lemila.lt\/lv\/wp-json\/wp\/v2\/product\/28686","targetHints":{"allow":["GET"]}}],"collection":[{"href":"https:\/\/lemila.lt\/lv\/wp-json\/wp\/v2\/product"}],"about":[{"href":"https:\/\/lemila.lt\/lv\/wp-json\/wp\/v2\/types\/product"}],"replies":[{"embeddable":true,"href":"https:\/\/lemila.lt\/lv\/wp-json\/wp\/v2\/comments?post=28686"}],"version-history":[{"count":2,"href":"https:\/\/lemila.lt\/lv\/wp-json\/wp\/v2\/product\/28686\/revisions"}],"predecessor-version":[{"id":28708,"href":"https:\/\/lemila.lt\/lv\/wp-json\/wp\/v2\/product\/28686\/revisions\/28708"}],"wp:featuredmedia":[{"embeddable":true,"href":"https:\/\/lemila.lt\/lv\/wp-json\/wp\/v2\/media\/28687"}],"wp:attachment":[{"href":"https:\/\/lemila.lt\/lv\/wp-json\/wp\/v2\/media?parent=28686"}],"wp:term":[{"taxonomy":"product_brand","embeddable":true,"href":"https:\/\/lemila.lt\/lv\/wp-json\/wp\/v2\/product_brand?post=28686"},{"taxonomy":"product_cat","embeddable":true,"href":"https:\/\/lemila.lt\/lv\/wp-json\/wp\/v2\/product_cat?post=28686"},{"taxonomy":"product_tag","embeddable":true,"href":"https:\/\/lemila.lt\/lv\/wp-json\/wp\/v2\/product_tag?post=28686"}],"curies":[{"name":"wp","href":"https:\/\/api.w.org\/{rel}","templated":true}]}}