{"id":28681,"date":"2026-03-28T11:47:14","date_gmt":"2026-03-28T09:47:14","guid":{"rendered":"https:\/\/lemila.lt\/?post_type=product&#038;p=28681"},"modified":"2026-04-18T00:08:54","modified_gmt":"2026-04-17T21:08:54","slug":"hipoalerginis-lanolinas-15ml","status":"publish","type":"product","link":"https:\/\/lemila.lt\/lv\/product\/hipoalerginis-lanolinas-15ml\/","title":{"rendered":"Hipoaler\u0123isks lanol\u012bns 15ml"},"content":{"rendered":"<h3>USE<\/h3>\n<p>Z\u012bd\u012b\u0161anas laik\u0101 (kr\u016btsgala kop\u0161anai): p\u0113c baro\u0161anas uz t\u012briem, sausiem kr\u016btsgali\u0146iem uzkl\u0101jiet nelielu daudzumu lanol\u012bna. Pirms n\u0101kam\u0101s baro\u0161anas nav nepiecie\u0161ams mazg\u0101t, ja vien nev\u0113laties. Z\u012bdai\u0146u un b\u0113rnu \u0101das kop\u0161anai: lietojiet lanol\u012bnu uz saus\u0101m, iekaisu\u0161\u0101m vai aps\u0101rt\u0101m viet\u0101m, \u012bpa\u0161i uz auti\u0146biks\u012b\u0161u zonas, vaigiem, deguna, l\u016bp\u0101m vai jebkuras jut\u012bgas vietas. Uzkl\u0101jiet maigi, 1-2 reizes dien\u0101 vai p\u0113c vajadz\u012bbas. Gr\u016btnieces un pieaugu\u0161ie: uzkl\u0101jiet lanol\u012bnu uz sausas, saspr\u0113g\u0101ju\u0161as \u0101das, piem\u0113ram, uz rok\u0101m, elko\u0146iem, pap\u0113\u017eiem vai sejas zonas. Piem\u0113rots ar\u012b k\u0101 l\u016bpu balz\u0101ms vai aizsardz\u012bba pret sausumu ziemas laik\u0101. Uz deguna \u0101das: uzkl\u0101jiet pl\u0101nu k\u0101rti\u0146u ap degunu, lai mazin\u0101tu kairin\u0101jumu, ko izraisa bie\u017ea deguna slauc\u012b\u0161ana iesnu vai saaukst\u0113\u0161an\u0101s laik\u0101. Nelielas br\u016bces un plaisas: uzkl\u0101jiet t\u012bru lanol\u012bna k\u0101rti\u0146u uz problem\u0101tiskaj\u0101m viet\u0101m, lai pal\u012bdz\u0113tu \u0101tr\u0101k sadz\u012bt, m\u012bkstin\u0101tu un aizsarg\u0101tu \u0101du.<\/p>\n<h3>COMPLETE<\/h3>\n<p>Lanol\u012bns<\/p>","protected":false},"excerpt":{"rendered":"<p>100% hipoaler\u0123iskais lanol\u012bns b\u0113rniem, z\u012bdai\u0146iem un m\u0101t\u0113m, kas baro b\u0113rnu ar kr\u016bti, ir piln\u012bgi dab\u012bgs produkts, kas ieg\u016bts no Austr\u0101lijas un Jaunz\u0113landes aitas vilnas t\u012br\u012b\u0161anas, un nesatur papildu, nevajadz\u012bgas sast\u0101vda\u013cas vai konservantus. \u201eMokosh lanol\u012bns ir hipoaler\u0123isks un \u013coti t\u012brs. Kl\u012bniskie p\u0113t\u012bjumi liecina, ka nav kontrindik\u0101ciju t\u0101 lieto\u0161anai pat paaugstin\u0101tas jut\u012bbas cilv\u0113kiem. Tas ir dro\u0161s gr\u016btniec\u0113m, z\u012bd\u012bt\u0101j\u0101m un b\u0113rniem no pirm\u0101s dz\u012bves dienas. 100% Mokosh lanol\u012bns ir dermatolo\u0123iski un mikrobiolo\u0123iski p\u0101rbaud\u012bts.<\/p>\n<p>Lanol\u012bns ir paz\u012bstams ar mitrino\u0161\u0101m, m\u012bkstino\u0161\u0101m un nomierino\u0161\u0101m \u012bpa\u0161\u012bb\u0101m. Tas \u0101tri un efekt\u012bvi nomierina kairin\u0101tu un sausu \u0101du un pal\u012bdz sadz\u012bt nelielas br\u016bces. Z\u012bd\u012b\u0161anas laik\u0101 lanol\u012bna lieto\u0161ana pal\u012bdz nov\u0113rst kairin\u0101jumu. Lanol\u012bns atjauno \u0101das lip\u012bdu barjeru un nov\u0113r\u0161 p\u0101rm\u0113r\u012bgu \u016bdens zudumu un sausumu. Tas \u013cauj saglab\u0101t vesel\u012bgu un skaistu \u0101du ap k\u0101rp\u0101m. Lanol\u012bns ir neaizst\u0101jams sausas \u0101das kop\u0161an\u0101 pieaugu\u0161ajiem, k\u0101 ar\u012b b\u0113rniem un z\u012bdai\u0146iem, un tas ir ide\u0101li piem\u0113rots ar\u012b saspr\u0113g\u0101ju\u0161u l\u016bpu un sausa, iekaisu\u0161a deguna mitrin\u0101\u0161anai.<\/p>","protected":false},"featured_media":28682,"comment_status":"open","ping_status":"closed","template":"","meta":[],"product_brand":[295],"product_cat":[114,154,148,113,215,261,110],"product_tag":[],"class_list":{"0":"post-28681","1":"product","2":"type-product","3":"status-publish","4":"has-post-thumbnail","6":"product_brand-mokosh","7":"product_cat-veidui","8":"product_cat-kunui","9":"product_cat-lupoms","10":"product_cat-lupos","11":"product_cat-profesionalams","12":"product_cat-sveikatai","13":"product_cat-vaikams","15":"first","16":"instock","17":"sale","18":"taxable","19":"shipping-taxable","20":"purchasable","21":"product-type-simple"},"_links":{"self":[{"href":"https:\/\/lemila.lt\/lv\/wp-json\/wp\/v2\/product\/28681","targetHints":{"allow":["GET"]}}],"collection":[{"href":"https:\/\/lemila.lt\/lv\/wp-json\/wp\/v2\/product"}],"about":[{"href":"https:\/\/lemila.lt\/lv\/wp-json\/wp\/v2\/types\/product"}],"replies":[{"embeddable":true,"href":"https:\/\/lemila.lt\/lv\/wp-json\/wp\/v2\/comments?post=28681"}],"version-history":[{"count":2,"href":"https:\/\/lemila.lt\/lv\/wp-json\/wp\/v2\/product\/28681\/revisions"}],"predecessor-version":[{"id":28685,"href":"https:\/\/lemila.lt\/lv\/wp-json\/wp\/v2\/product\/28681\/revisions\/28685"}],"wp:featuredmedia":[{"embeddable":true,"href":"https:\/\/lemila.lt\/lv\/wp-json\/wp\/v2\/media\/28682"}],"wp:attachment":[{"href":"https:\/\/lemila.lt\/lv\/wp-json\/wp\/v2\/media?parent=28681"}],"wp:term":[{"taxonomy":"product_brand","embeddable":true,"href":"https:\/\/lemila.lt\/lv\/wp-json\/wp\/v2\/product_brand?post=28681"},{"taxonomy":"product_cat","embeddable":true,"href":"https:\/\/lemila.lt\/lv\/wp-json\/wp\/v2\/product_cat?post=28681"},{"taxonomy":"product_tag","embeddable":true,"href":"https:\/\/lemila.lt\/lv\/wp-json\/wp\/v2\/product_tag?post=28681"}],"curies":[{"name":"wp","href":"https:\/\/api.w.org\/{rel}","templated":true}]}}