{"id":28668,"date":"2026-03-28T11:21:25","date_gmt":"2026-03-28T09:21:25","guid":{"rendered":"https:\/\/lemila.lt\/?post_type=product&#038;p=28668"},"modified":"2026-03-29T19:48:00","modified_gmt":"2026-03-29T16:48:00","slug":"savaiminio-idegio-kuno-ir-veido-losjonas-orange-cinnamon-180-ml","status":"publish","type":"product","link":"https:\/\/lemila.lt\/lv\/product\/savaiminio-idegio-kuno-ir-veido-losjonas-orange-cinnamon-180-ml\/","title":{"rendered":"Pa\u0161iedeguma losjons \u0137ermenim un sejai \u201eApels\u012bns un kan\u0113lis\u201c 180 ml"},"content":{"rendered":"<h3>USE<\/h3>\n<p>Uzkl\u0101jiet uz t\u012bras, nomazg\u0101tas \u0101das. Pirms proced\u016bras nelietojiet taukainus \u0137erme\u0146a kr\u0113mus vai du\u0161as \u017eeleju. Ar ap\u013cveida kust\u012bb\u0101m vienm\u0113r\u012bgi iemas\u0113jiet \u0101d\u0101. P\u0113c lieto\u0161anas nomazg\u0101jiet rokas.<\/p>\n<hr>\n<h3>COMPLETE<\/h3>\n<p>\u016adens, kaprilkapril\/kapric triglicer\u012bds, decilkokoka e\u013c\u013ca, alvejas lapu sula, cetearila alkohols, dihidroksiacet\u0101ts, sorb\u012bts, glicer\u012bns, glicer\u012bns, glicer\u012bna stear\u0101ts, glicer\u012bns, glicer\u012bna stear\u0101ts, Jap\u0101nas pl\u016b\u0161koka mizas vasks, trehalozi, saulespu\u0137u s\u0113klu e\u013c\u013ca, baobaba s\u0113klu e\u013c\u013ca, cetearila glikoz\u012bds, benzilspirts, Nun's Peppermint ekstrakts, acetiltiroz\u012bns, etilspirts, stear\u012bnsk\u0101be, burk\u0101nu sak\u0146u e\u013c\u013ca, r\u016bgt\u0101 apels\u012bna ziedu ekstrakts, ksant\u0101na sve\u0137i, aromatiz\u0113t\u0101js, tokoferols, tetran\u0101trija glutam\u0101ta diacet\u0101ts, dehidroeti\u0137sk\u0101be, kan\u0113\u013csk\u0101be, citralis, citronelols, eigenols, geraniols, limon\u0113ns, linalols.<\/p>","protected":false},"excerpt":{"rendered":"<p><strong>Barojo\u0161s un mitrino\u0161s \u0137erme\u0146a balzams ar austrumniecisku apels\u012bnu un kan\u0113\u013ca arom\u0101tu, kas pie\u0161\u0137irs j\u016bsu \u0101dai skaistu, dab\u012bgu iedegumu.<\/strong><\/p>\n<p>Daudz dabisko e\u013c\u013cu - baobaba, saulespu\u0137u un burk\u0101nu - aizsarg\u0101 \u0101du no sausuma. Melle\u0146u vasks intens\u012bvi mitrina, bet r\u016bgt\u0101 apels\u012bna ziedu macer\u0101ts atdz\u012bvina un nomierina sakairin\u0101tu \u0101du.<\/p>\n<p>Balzams ir bag\u0101tin\u0101ts ar\u012b ar nomierino\u0161u alveju un E vitam\u012bnu, kam piem\u012bt antioksidantu \u012bpa\u0161\u012bbas.<\/p>\n<p>Turkl\u0101t t\u0101 sast\u0101v\u0101 ir inovat\u012bvs dabiskas izcelsmes savienojums. <strong>\u201eMelanoBronze ar Vitex agnus-castus ekstraktu<\/strong>, kas stimul\u0113 \u0101das dabisko pigment\u0101ciju, aktiviz\u0113jot melan\u012bna ra\u017eo\u0161anu melanoc\u012btos.<\/p>\n<p>Pateicoties \u0161\u012bm \u012bpa\u0161\u012bb\u0101m, \u0101da k\u013c\u016bst tum\u0161\u0101ka t\u0101pat k\u0101 sau\u013cojoties saul\u0113, ta\u010du bez UV staru iedarb\u012bbas.<\/p>\n<hr>\n<div style=\"display:flex;justify-content:space-between;text-align:center;gap:10px;margin:20px 0\">\n<div style=\"flex:1\">\n<div style=\"font-size:28px\">\u2699\ufe0f<\/div>\n<p style=\"font-size:12px\"><strong>PAREMTA<br \/>TEHNOLO\u0122IJAS<\/strong><\/p>\n<\/div>\n<div style=\"flex:1\">\n<div style=\"font-size:28px\">\ud83c\udf3f<\/div>\n<p style=\"font-size:12px\"><strong>NATURAL<\/strong><\/p>\n<\/div>\n<div style=\"flex:1\">\n<div style=\"font-size:28px\">\ud83c\udf31<\/div>\n<p style=\"font-size:12px\"><strong>TVARI<\/strong><\/p>\n<\/div>\n<div style=\"flex:1\">\n<div style=\"font-size:28px\">\u2728<\/div>\n<p style=\"font-size:12px\"><strong>EFEKTIVIT\u0100TE<\/strong><\/p>\n<\/div>\n<div style=\"flex:1\">\n<div style=\"font-size:28px\">\ud83d\udccb<\/div>\n<p style=\"font-size:12px\"><strong>KOSMETOLO\u0122IJA<br \/>APSTIPRIN\u0100TS<\/strong><\/p>\n<\/div>\n<\/div>","protected":false},"featured_media":28671,"comment_status":"open","ping_status":"closed","template":"","meta":[],"product_brand":[295],"product_cat":[154,159,114],"product_tag":[296],"class_list":{"0":"post-28668","1":"product","2":"type-product","3":"status-publish","4":"has-post-thumbnail","6":"product_brand-mokosh","7":"product_cat-kunui","8":"product_cat-kuno-losjonas","9":"product_cat-veidui","10":"product_tag-mokosh","12":"first","13":"instock","14":"sale","15":"taxable","16":"shipping-taxable","17":"purchasable","18":"product-type-simple"},"_links":{"self":[{"href":"https:\/\/lemila.lt\/lv\/wp-json\/wp\/v2\/product\/28668","targetHints":{"allow":["GET"]}}],"collection":[{"href":"https:\/\/lemila.lt\/lv\/wp-json\/wp\/v2\/product"}],"about":[{"href":"https:\/\/lemila.lt\/lv\/wp-json\/wp\/v2\/types\/product"}],"replies":[{"embeddable":true,"href":"https:\/\/lemila.lt\/lv\/wp-json\/wp\/v2\/comments?post=28668"}],"version-history":[{"count":8,"href":"https:\/\/lemila.lt\/lv\/wp-json\/wp\/v2\/product\/28668\/revisions"}],"predecessor-version":[{"id":28707,"href":"https:\/\/lemila.lt\/lv\/wp-json\/wp\/v2\/product\/28668\/revisions\/28707"}],"wp:featuredmedia":[{"embeddable":true,"href":"https:\/\/lemila.lt\/lv\/wp-json\/wp\/v2\/media\/28671"}],"wp:attachment":[{"href":"https:\/\/lemila.lt\/lv\/wp-json\/wp\/v2\/media?parent=28668"}],"wp:term":[{"taxonomy":"product_brand","embeddable":true,"href":"https:\/\/lemila.lt\/lv\/wp-json\/wp\/v2\/product_brand?post=28668"},{"taxonomy":"product_cat","embeddable":true,"href":"https:\/\/lemila.lt\/lv\/wp-json\/wp\/v2\/product_cat?post=28668"},{"taxonomy":"product_tag","embeddable":true,"href":"https:\/\/lemila.lt\/lv\/wp-json\/wp\/v2\/product_tag?post=28668"}],"curies":[{"name":"wp","href":"https:\/\/api.w.org\/{rel}","templated":true}]}}