{"id":28389,"date":"2026-03-06T21:10:59","date_gmt":"2026-03-06T19:10:59","guid":{"rendered":"https:\/\/lemila.lt\/?post_type=product&#038;p=28389"},"modified":"2026-04-19T21:40:21","modified_gmt":"2026-04-19T18:40:21","slug":"hanwave-galvos-odos-sampunas","status":"publish","type":"product","link":"https:\/\/lemila.lt\/lv\/product\/hanwave-galvos-odos-sampunas\/","title":{"rendered":"HANWAVE Scalp Revitalising Shampoo - matu un galvas \u0101das balans\u0113jo\u0161s \u0161amp\u016bns"},"content":{"rendered":"<h1>GALVEN\u0100S PRIEK\u0160ROC\u012aBAS<\/h1>\n<p>- 21 augu ekstraktu komplekss<br \/>\n- ar salicilsk\u0101bi galvas \u0101das att\u012br\u012b\u0161anai<br \/>\n- pal\u012bdz uztur\u0113t galvas \u0101das l\u012bdzsvaru<br \/>\n- sniedz svaiguma un viegluma saj\u016btu.<br \/>\n- Iedvesmojoties no tradicion\u0101l\u0101s korejie\u0161u augu kop\u0161anas<br \/>\n- piem\u0113rots visiem matu tipiem<\/p>\n<div>\n<div>\n<div>\n<div>\n<div>\n<div>\n<div>\n<div>\n<div>\n<div dir=\"auto\">\n<div>\n<div>\n<h1>APRAKSTS<\/h1>\n<p>HANWAVE Scalp Revitalising Shampoo ir galvas \u0101das un matu kop\u0161anas \u0161amp\u016bns, ko iedvesmoju\u0161i\u00a0<strong>tradicion\u0101l\u0101s korejie\u0161u augu kop\u0161anas kult\u016bras<\/strong>.<\/p>\n<p>Gadsimtiem ilgi da\u017e\u0101di augi, saknes un ferment\u0113ti ekstrakti Korej\u0101 ir izmantoti matu kop\u0161anai. Iedvesmojoties no \u0161\u012bs trad\u012bcijas, HANWAVE formula apvieno\u00a0<strong>21 r\u016bp\u012bgi atlas\u012bts augu ekstrakts<\/strong>, kas pal\u012bdz uztur\u0113t galvas \u0101das l\u012bdzsvaru un pie\u0161\u0137ir matiem vesel\u012bg\u0101ku izskatu.<\/p>\n<p>Formula satur ar\u012b\u00a0<strong>salicilsk\u0101be<\/strong>, kas pal\u012bdz saudz\u012bgi no galvas \u0101das virsmas not\u012br\u012bt uzkr\u0101tos net\u012brumus un atmiru\u0161\u0101s \u0101das \u0161\u016bnas.<\/p>\n<p>\u0160amp\u016bns maigi att\u012bra galvas \u0101du, likvid\u0113jot lieko sebumu un net\u012brumus, vienlaikus pal\u012bdzot saglab\u0101t galvas \u0101das dabisko komfortu.<\/p>\n<p>Regul\u0101ri lietojot, mati izskat\u0101s svaig\u0101ki, viegl\u0101ki un viegl\u0101k veidojami.<\/p>\n<hr \/>\n<h1>K\u0100P\u0112C IR SVAR\u012aGA GALVAS \u0100DAS KOP\u0160ANA<\/h1>\n<p>Vesel\u012bgi mati s\u0101kas ar galvas \u0101du.<\/p>\n<p>Ja galvas \u0101da ir t\u012bra, l\u012bdzsvarota un pareizi kopta, mati izskat\u0101s dz\u012bv\u012bg\u0101ki, stipr\u0101ki un viegl\u0101k kopjami.<\/p>\n<p>HANWAVE \u0161amp\u016bns ir \u012bpa\u0161i paredz\u0113ts\u00a0<strong>galvas \u0101das kop\u0161anai<\/strong>, un ne tikai matu mazg\u0101\u0161anai.<\/p>\n<hr \/>\n<h1>AKT\u012aV\u0100S VIELAS<\/h1>\n<p><strong>Salicilsk\u0101be<\/strong><br \/>\nPal\u012bdz saudz\u012bgi no galvas \u0101das virsmas not\u012br\u012bt uzkr\u0101tos net\u012brumus un atmiru\u0161\u0101s \u0101das \u0161\u016bnas.<\/p>\n<p><strong>Panax Ginseng (\u017ee\u0146\u0161e\u0146s)<\/strong><br \/>\nTradicion\u0101li lietots augs, kas saist\u012bts ar sp\u0113c\u012bg\u0101ku matu sak\u0146u uztur\u0113\u0161anu.<\/p>\n<p><strong>Eclipta Prostrata<\/strong><br \/>\nAugs, kas matu kop\u0161anas trad\u012bcij\u0101s tiek augstu v\u0113rt\u0113ts, jo pal\u012bdz uztur\u0113t matu vitalit\u0101tes saj\u016btu.<\/p>\n<p><strong>Cnidium Officinale<\/strong><br \/>\nPal\u012bdz uztur\u0113t galvas \u0101das l\u012bdzsvaru.<\/p>\n<p><strong>Niacinamide<\/strong><span class=\"im\"><br \/>\nPal\u012bdz uztur\u0113t galvas \u0101das mikrobalansu.<\/span><\/p>\n<p><strong>Mentols<\/strong><br \/>\nSniedz svaiguma saj\u016btu galvas \u0101dai.<\/p>\n<hr \/>\n<h1>K\u0100DAS PROBL\u0112MAS TAS PAL\u012aDZ RISIN\u0100T.<\/h1>\n<p>\u0160amp\u016bns ir paredz\u0113ts cilv\u0113kiem, kuri cie\u0161 no:<\/p>\n<p>- \u0101tri balino\u0161a galvas \u0101das<br \/>\n- jut\u012bga galvas \u0101da<br \/>\n- v\u0101jas matu saknes<br \/>\n- dz\u012bv\u012bgumu zaud\u0113ju\u0161ie mati<br \/>\n- galvas \u0101das diskomforts<\/p>\n<hr \/>\n<h1>KURP DOTIES<\/h1>\n<p>- visiem matu tipiem<br \/>\n- smalkiem matiem<br \/>\n- galvas \u0101dai ar noslieci uz taukain\u012bbu<br \/>\n- jut\u012bgai galvas \u0101dai<br \/>\n- ikdienas apr\u016bpei<\/p>\n<hr \/>\n<h1>USE<\/h1>\n<p>Mitriniet matus.<\/p>\n<p>Uzkl\u0101jiet nelielu daudzumu \u0161amp\u016bna uz galvas \u0101das un viegli iemas\u0113jiet.<\/p>\n<p>Atva\u013cin\u0101jums palaist\u00a0<strong>1-2 min\u016btes<\/strong>, p\u0113c tam r\u016bp\u012bgi noskalojiet ar \u016bdeni.<\/p>\n<p>Vajadz\u012bbas gad\u012bjum\u0101 atk\u0101rtojiet.<\/p>\n<hr \/>\n<h1>LAI IEG\u016aTU VISLAB\u0100KO REZULT\u0100TU.<\/h1>\n<p>Ieteicams lietot ar:<\/p>\n<p><strong>HANWAVE Atjaunojo\u0161a matu maska<\/strong><\/p>\n<p>\u0160amp\u016bns un maska kop\u0101 veido pilnv\u0113rt\u012bgu matu kop\u0161anas proced\u016bru.<\/p>\n<hr \/>\n<h1>INFORM\u0100CIJA PAR PRODUKTU<\/h1>\n<p>Jauda:\u00a0<strong>500 ml<\/strong><\/p>\n<p>Izcelsmes valsts:\u00a0<strong>Dienvidkoreja<\/strong><\/p>\n<p>PAO:\u00a0<strong>12M<\/strong><\/p>\n<hr \/>\n<h1>SAST\u0100VS (INCI)<\/h1>\n<p>\u016adens, n\u0101trija C14-16 olef\u012bnu sulfon\u0101ts, amonija laurilsulf\u0101ts, kokamidopropilbeta\u012bns, dimetikons, PEG-7 glicerilkokok\u0101ts, kokam\u012bds MEA, Chrysanthemum Boreale ziedu\/lapu\/stubl\u0101ja ekstrakts, decil\u0113nglikols, n\u0101trija hlor\u012bds, parfum, karbom\u0113rs, Rosmarinus Officinalis lapu e\u013c\u013ca, Rehmannia Glutinosa sak\u0146u ekstrakts, PEG-120 metilglikozes diol\u0101ts, salicilsk\u0101be, pantenols, Thuja Orientalis lapu ekstrakts, Artemisia Vulgaris ekstrakts, PEG-10, aminometilpropanols, mentols, hidroksiacetofenons, gu\u0101ra hidroksipropiltrimonija hlor\u012bds, niacinam\u012bds, Morus Alba mizas ekstrakts, Eclipta Prostrata ekstrakts, Gleditsia Japonica aug\u013cu ekstrakts, n\u0101trija benzo\u0101ts, din\u0101trija EDTA, Cnidium Officinale saknes ekstrakts, butil\u0113nglikols, 1,2heksandiols, tetrametil acetil acetil acetiltahidronaftal\u012bns, limon\u0113ns, citronsk\u0101be, Panax Ginseng saknes ekstrakts, etilheksilglicer\u012bns, Lactobacillus\/Centella Asiatica\/Gleditsia Sinensis \u0113rk\u0161\u0137u ekstrakts\/Houttuynia Cordata ekstrakts\/Phellodendron Amurense mizas\/Polygonum Cuspidatum saknes\/Prunella Vulgaris\/Torilis Japonica ekstrakta fermentu filtrs, Crinum Asiaticum ekstrakts, kerat\u012bns, hidroliz\u0113ts kerat\u012bns, Bacillus\/Artemisia Vulgaris ekstrakta fermentu filtr\u0101ts, fenoksietanols, oksid\u0113ts kerat\u012bns, ozola eti\u0137is, Acorus Calamus saknes ekstrakts, Portulaca Oleracea ekstrakts.<\/p>\n<\/div>\n<\/div>\n<\/div>\n<\/div>\n<\/div>\n<\/div>\n<\/div>\n<\/div>\n<\/div>\n<\/div>\n<\/div>\n<\/div>","protected":false},"excerpt":{"rendered":"<p>Korejas augu trad\u012bciju iedvesmots \u0161amp\u016bns ar\u00a0<strong>21 augu ekstraktu komplekss un salicilsk\u0101be<\/strong>, Paredz\u0113ts galvas \u0101das l\u012bdzsvara uztur\u0113\u0161anai un matu sak\u0146u stiprin\u0101\u0161anai.<\/p>\n<p>Tas maigi att\u012bra galvas \u0101du, pal\u012bdz no\u0146emt uzkr\u0101ju\u0161os net\u012brumus un padara matus svaigus un vieglus.<\/p>\n<p>Piem\u0113rots visiem matu tipiem un ikdienas kop\u0161anai.<\/p>","protected":false},"featured_media":28390,"comment_status":"open","ping_status":"closed","template":"","meta":[],"product_brand":[287],"product_cat":[111,239],"product_tag":[294],"class_list":{"0":"post-28389","1":"product","2":"type-product","3":"status-publish","4":"has-post-thumbnail","6":"product_brand-hanwave","7":"product_cat-plaukams","8":"product_cat-plauku-sampunai","9":"product_tag-hanwave","11":"first","12":"instock","13":"featured","14":"taxable","15":"shipping-taxable","16":"purchasable","17":"product-type-simple"},"_links":{"self":[{"href":"https:\/\/lemila.lt\/lv\/wp-json\/wp\/v2\/product\/28389","targetHints":{"allow":["GET"]}}],"collection":[{"href":"https:\/\/lemila.lt\/lv\/wp-json\/wp\/v2\/product"}],"about":[{"href":"https:\/\/lemila.lt\/lv\/wp-json\/wp\/v2\/types\/product"}],"replies":[{"embeddable":true,"href":"https:\/\/lemila.lt\/lv\/wp-json\/wp\/v2\/comments?post=28389"}],"version-history":[{"count":5,"href":"https:\/\/lemila.lt\/lv\/wp-json\/wp\/v2\/product\/28389\/revisions"}],"predecessor-version":[{"id":28396,"href":"https:\/\/lemila.lt\/lv\/wp-json\/wp\/v2\/product\/28389\/revisions\/28396"}],"wp:featuredmedia":[{"embeddable":true,"href":"https:\/\/lemila.lt\/lv\/wp-json\/wp\/v2\/media\/28390"}],"wp:attachment":[{"href":"https:\/\/lemila.lt\/lv\/wp-json\/wp\/v2\/media?parent=28389"}],"wp:term":[{"taxonomy":"product_brand","embeddable":true,"href":"https:\/\/lemila.lt\/lv\/wp-json\/wp\/v2\/product_brand?post=28389"},{"taxonomy":"product_cat","embeddable":true,"href":"https:\/\/lemila.lt\/lv\/wp-json\/wp\/v2\/product_cat?post=28389"},{"taxonomy":"product_tag","embeddable":true,"href":"https:\/\/lemila.lt\/lv\/wp-json\/wp\/v2\/product_tag?post=28389"}],"curies":[{"name":"wp","href":"https:\/\/api.w.org\/{rel}","templated":true}]}}