{"id":27797,"date":"2025-12-11T16:21:37","date_gmt":"2025-12-11T14:21:37","guid":{"rendered":"https:\/\/lemila.lt\/?post_type=product&#038;p=27797"},"modified":"2026-04-20T21:40:16","modified_gmt":"2026-04-20T18:40:16","slug":"hanwave-plauku-kauke-keratinu","status":"publish","type":"product","link":"https:\/\/lemila.lt\/lv\/product\/hanwave-plauku-kauke-keratinu\/","title":{"rendered":"HANWAVE Revitalising All-in-One - atjaunojo\u0161a matu maska ar kerat\u012bnu un e\u013c\u013c\u0101m 180ml | Korean Professional Hair Care"},"content":{"rendered":"<h2 data-start=\"2138\" data-end=\"2193\">\u00a0Uz dab\u012bg\u0101m sast\u0101vda\u013c\u0101m balst\u012bta efektivit\u0101te<\/h2>\n<p data-start=\"2195\" data-end=\"2545\"><strong data-start=\"2195\" data-end=\"2240\">HANWAVE Atjaunojo\u0161a matu maska \"viss vien\u0101<\/strong> - \u0161is <strong data-start=\"2247\" data-end=\"2324\">profesion\u0101la atjaunojo\u0161a matu maska ar kerat\u012bnu un dab\u012bg\u0101m e\u013c\u013c\u0101m<\/strong>, pamatojoties uz <strong data-start=\"2340\" data-end=\"2369\">Korejas skaistuma filozofija<\/strong>.<br data-start=\"2370\" data-end=\"2373\" \/>Maskas formula ir bag\u0101tin\u0101ta ar <strong data-start=\"2404\" data-end=\"2430\">14 augu ekstrakti<\/strong>, tostarp \u017ee\u0146\u0161e\u0146a, kam\u0113lijas, alvejas, rozmar\u012bna un za\u013c\u0101s t\u0113jas, k\u0101 ar\u012b... <strong data-start=\"2511\" data-end=\"2542\">argana un avokado e\u013c\u013cas<\/strong>.<\/p>\n<p data-start=\"2547\" data-end=\"2552\">Vi\u0146a:<\/p>\n<ul data-start=\"2553\" data-end=\"2710\">\n<li data-start=\"2553\" data-end=\"2591\">\n<p data-start=\"2555\" data-end=\"2591\">atjauno boj\u0101tu matu strukt\u016bru;<\/p>\n<\/li>\n<li data-start=\"2592\" data-end=\"2638\">\n<p data-start=\"2594\" data-end=\"2638\">aizsarg\u0101 pret sausumu un karstumu;<\/p>\n<\/li>\n<li data-start=\"2639\" data-end=\"2668\">\n<p data-start=\"2641\" data-end=\"2668\">veicina vesel\u012bg\u0101ku aug\u0161anu;<\/p>\n<\/li>\n<li data-start=\"2669\" data-end=\"2710\">\n<p data-start=\"2671\" data-end=\"2710\">pie\u0161\u0137ir dabisku sp\u012bdumu un gludumu.<\/p>\n<\/li>\n<\/ul>\n<hr data-start=\"2712\" data-end=\"2715\" \/>\n<h2 data-start=\"2717\" data-end=\"2743\">\u00a0Galven\u0101s iez\u012bmes<\/h2>\n<ul data-start=\"2744\" data-end=\"2997\">\n<li data-start=\"2744\" data-end=\"2781\">\n<p data-start=\"2746\" data-end=\"2781\">Dzi\u013ci mitrina un baro matus<\/p>\n<\/li>\n<li data-start=\"2782\" data-end=\"2812\">\n<p data-start=\"2784\" data-end=\"2812\">Samazina sa\u0161\u0137eltus galus<\/p>\n<\/li>\n<li data-start=\"2813\" data-end=\"2850\">\n<p data-start=\"2815\" data-end=\"2850\">Pie\u0161\u0137ir sp\u012bdumu un elast\u012bbu<\/p>\n<\/li>\n<li data-start=\"2851\" data-end=\"2911\">\n<p data-start=\"2853\" data-end=\"2911\">Piem\u0113rots visiem matu tipiem, \u012bpa\u0161i boj\u0101tiem vai p\u0113c kr\u0101so\u0161anas.<\/p>\n<\/li>\n<li data-start=\"2912\" data-end=\"2950\">\n<p data-start=\"2914\" data-end=\"2950\">Dermatolo\u0123iski p\u0101rbaud\u012bta formula<\/p>\n<\/li>\n<li data-start=\"2951\" data-end=\"2997\">\n<p data-start=\"2953\" data-end=\"2997\">Nesatur sulf\u0101tus, parab\u0113nus un miner\u0101le\u013c\u013cas<\/p>\n<\/li>\n<\/ul>\n<hr data-start=\"2999\" data-end=\"3002\" \/>\n<h2 data-start=\"3004\" data-end=\"3021\">\u00a0Izmanto\u0161ana<\/h2>\n<ol data-start=\"3022\" data-end=\"3283\">\n<li data-start=\"3022\" data-end=\"3083\">\n<p data-start=\"3025\" data-end=\"3083\">Izmazg\u0101jiet matus ar \u0161amp\u016bnu un nosusiniet ar dvieli.<\/p>\n<\/li>\n<li data-start=\"3084\" data-end=\"3129\">\n<p data-start=\"3087\" data-end=\"3129\">Uzkl\u0101jiet masku no vidus l\u012bdz galiem.<\/p>\n<\/li>\n<li data-start=\"3130\" data-end=\"3186\">\n<p data-start=\"3133\" data-end=\"3186\">Atkar\u012bb\u0101 no matu st\u0101vok\u013ca atst\u0101jiet uz 5-15 min\u016btes.<\/p>\n<\/li>\n<li data-start=\"3187\" data-end=\"3231\">\n<p data-start=\"3190\" data-end=\"3231\">R\u016bp\u012bgi noskalojiet ar siltu \u016bdeni.<\/p>\n<\/li>\n<li data-start=\"3232\" data-end=\"3283\">\n<p data-start=\"3235\" data-end=\"3283\">Ieteicams lietot 1-3 reizes ned\u0113\u013c\u0101.<\/p>\n<\/li>\n<\/ol>\n<hr data-start=\"3285\" data-end=\"3288\" \/>\n<h2 data-start=\"3290\" data-end=\"3319\">\u00a0Akt\u012bv\u0101s sast\u0101vda\u013cas<\/h2>\n<ul data-start=\"3320\" data-end=\"3579\">\n<li data-start=\"3320\" data-end=\"3351\">\n<p data-start=\"3322\" data-end=\"3351\">\u017de\u0146\u0161e\u0146a saknes ekstrakts<\/p>\n<\/li>\n<li data-start=\"3352\" data-end=\"3373\">\n<p data-start=\"3354\" data-end=\"3373\">Kam\u0113lijas e\u013c\u013ca<\/p>\n<\/li>\n<li data-start=\"3374\" data-end=\"3396\">\n<p data-start=\"3376\" data-end=\"3396\">Alvejas ekstrakts<\/p>\n<\/li>\n<li data-start=\"3397\" data-end=\"3442\">\n<p data-start=\"3399\" data-end=\"3442\">Rozmar\u012bna un za\u013c\u0101s t\u0113jas ekstrakti<\/p>\n<\/li>\n<li data-start=\"3443\" data-end=\"3472\">\n<p data-start=\"3445\" data-end=\"3472\">argana un avokado e\u013c\u013cas<\/p>\n<\/li>\n<li data-start=\"3473\" data-end=\"3500\">\n<p data-start=\"3475\" data-end=\"3500\">Hidroliz\u0113ts kerat\u012bns<\/p>\n<\/li>\n<li data-start=\"3501\" data-end=\"3516\">\n<p data-start=\"3503\" data-end=\"3516\">E vitam\u012bns<\/p>\n<\/li>\n<li data-start=\"3517\" data-end=\"3529\">\n<p data-start=\"3519\" data-end=\"3529\">Biot\u012bns<\/p>\n<\/li>\n<li data-start=\"3530\" data-end=\"3579\">\n<p data-start=\"3532\" data-end=\"3579\">Dimetikons (profesion\u0101lais \u201elabais\u201c silikons)<\/p>\n<\/li>\n<\/ul>\n<hr data-start=\"3581\" data-end=\"3584\" \/>\n<h2 data-start=\"3586\" data-end=\"3607\">\u00a0Piem\u0113rots:<\/h2>\n<ul data-start=\"3608\" data-end=\"3751\">\n<li data-start=\"3608\" data-end=\"3655\">\n<p data-start=\"3610\" data-end=\"3655\">P\u0113c kr\u0101so\u0161anas, iztaisno\u0161anas vai \u0137\u012bmisk\u0101s \u0137emm\u0113\u0161anas<\/p>\n<\/li>\n<li data-start=\"3656\" data-end=\"3706\">\n<p data-start=\"3658\" data-end=\"3706\">Matu bez vitalit\u0101tes vai ar noslieci uz l\u016b\u0161anu<\/p>\n<\/li>\n<li data-start=\"3707\" data-end=\"3751\">\n<p data-start=\"3709\" data-end=\"3751\">Lai atjaunotu vesel\u012bgu sp\u012bdumu un apjomu<\/p>\n<\/li>\n<\/ul>\n<p dir=\"auto\">INCI: Dimetikons, cetearila alkohols, stearilspirts, stearilspirts, stearamidopropildimetilam\u012bns, glutam\u012bnsk\u0101be, bi\u0161u vasks, smar\u017evielas, Persea Gratissima (avokado) e\u013c\u013ca, fenoksietanols, PEG-10, Camellia Japonica s\u0113klu e\u013c\u013ca, limon\u0113ns, Chrysanthemum Boreale ziedu\/lapu\/stubl\u0101ju ekstrakts, alfa-izometiljonons, din\u0101trija EDTA, linalools, tokoferilacet\u0101ts, butil\u0113nglikols, heksilcinnamals, din\u0101trija benzo\u0101ts, citronelols, n\u0101trija benzo\u0101ts, Thuja Orientalis lapu ekstrakts, Morus Alba mizas ekstrakts, Houttuynia Cordata ekstrakts, Polygonum Multiflorum sak\u0146u ekstrakts, citronsk\u0101be, Rehmannia Glutinosa saknes ekstrakts, Citrus Paradisi aug\u013cu ekstrakts, Argania Spinosa kodolu e\u013c\u013ca, Artemisia Vulgaris ekstrakts, Coptis Japonica saknes ekstrakts, Kaprilglikols, 1,2-heksandiols, Pyrus Malus aug\u013cu ekstrakts, Panax Ginseng saknes ekstrakts, K\u0101lija sorb\u0101ts, Z\u012bdt\u0101rpi\u0146u kokona ekstrakts, Citrus Limon (Lemon) aug\u013cu ekstrakts, Calendula Officinalis ekstrakts, Pinus Sylvestris konusa ekstrakts, hidroliz\u0113ts kerat\u012bns, kerat\u012bns, oksid\u0113ts kerat\u012bns, Salvia Officinalis ekstrakts, Rosmarinus Officinalis ekstrakts, etilheksilglicer\u012bns, Coix Lacryma-jobi Ma-yuen s\u0113klu ekstrakts, Aloe Ferox lapu ekstrakts.<\/p>\n<p>\u00a0Atkl\u0101jiet korejie\u0161u matu kop\u0161anas nosl\u0113pumu ar HANWAVE - \u013caujiet saviem matiem atg\u016bties jau \u0161odien!<\/p>","protected":false},"excerpt":{"rendered":"<p>Atkl\u0101jiet intens\u012bvu matu atjauno\u0161anu ar <strong data-start=\"1235\" data-end=\"1280\">HANWAVE Atjaunojo\u0161a matu maska \"viss vien\u0101<\/strong> - profesionalit\u0101te <strong data-start=\"1297\" data-end=\"1365\">Atjaunojo\u0161a matu maska ar kerat\u012bnu, biot\u012bnu un argana e\u013c\u013cu<\/strong>, pamatojoties uz <strong data-start=\"1381\" data-end=\"1408\">Korejas skaistumkop\u0161anas ritu\u0101li<\/strong>.<br data-start=\"1409\" data-end=\"1412\" \/>Vi\u0146a <strong data-start=\"1417\" data-end=\"1449\">baro, stiprina un atjauno.<\/strong> pat \u013coti boj\u0101tiem, kr\u0101sotiem vai sausiem matiem, pie\u0161\u0137irot tiem <strong data-start=\"1518\" data-end=\"1556\">sp\u012bdums, gludums un elast\u012bba<\/strong> p\u0113c pirm\u0101s lieto\u0161anas reizes.<\/p>","protected":false},"featured_media":27799,"comment_status":"open","ping_status":"closed","template":"","meta":[],"product_brand":[287],"product_cat":[111,243],"product_tag":[],"class_list":{"0":"post-27797","1":"product","2":"type-product","3":"status-publish","4":"has-post-thumbnail","6":"product_brand-hanwave","7":"product_cat-plaukams","8":"product_cat-plauku-kaukes","10":"first","11":"instock","12":"featured","13":"taxable","14":"shipping-taxable","15":"purchasable","16":"product-type-simple"},"_links":{"self":[{"href":"https:\/\/lemila.lt\/lv\/wp-json\/wp\/v2\/product\/27797","targetHints":{"allow":["GET"]}}],"collection":[{"href":"https:\/\/lemila.lt\/lv\/wp-json\/wp\/v2\/product"}],"about":[{"href":"https:\/\/lemila.lt\/lv\/wp-json\/wp\/v2\/types\/product"}],"replies":[{"embeddable":true,"href":"https:\/\/lemila.lt\/lv\/wp-json\/wp\/v2\/comments?post=27797"}],"version-history":[{"count":11,"href":"https:\/\/lemila.lt\/lv\/wp-json\/wp\/v2\/product\/27797\/revisions"}],"predecessor-version":[{"id":27836,"href":"https:\/\/lemila.lt\/lv\/wp-json\/wp\/v2\/product\/27797\/revisions\/27836"}],"wp:featuredmedia":[{"embeddable":true,"href":"https:\/\/lemila.lt\/lv\/wp-json\/wp\/v2\/media\/27799"}],"wp:attachment":[{"href":"https:\/\/lemila.lt\/lv\/wp-json\/wp\/v2\/media?parent=27797"}],"wp:term":[{"taxonomy":"product_brand","embeddable":true,"href":"https:\/\/lemila.lt\/lv\/wp-json\/wp\/v2\/product_brand?post=27797"},{"taxonomy":"product_cat","embeddable":true,"href":"https:\/\/lemila.lt\/lv\/wp-json\/wp\/v2\/product_cat?post=27797"},{"taxonomy":"product_tag","embeddable":true,"href":"https:\/\/lemila.lt\/lv\/wp-json\/wp\/v2\/product_tag?post=27797"}],"curies":[{"name":"wp","href":"https:\/\/api.w.org\/{rel}","templated":true}]}}