{"id":27330,"date":"2025-05-07T23:21:24","date_gmt":"2025-05-07T20:21:24","guid":{"rendered":"https:\/\/lemila.lt\/?post_type=product&#038;p=27330"},"modified":"2025-11-15T21:13:37","modified_gmt":"2025-11-15T19:13:37","slug":"hadat-cosmetics-gift-box-hydro-nourishing-moisture-shampoo-and-hydro-liquid-silk-treatment-dovanu-dezute-sampunas-bei-kauke","status":"publish","type":"product","link":"https:\/\/lemila.lt\/lv\/product\/hadat-cosmetics-gift-box-hydro-nourishing-moisture-shampoo-and-hydro-liquid-silk-treatment-dovanu-dezute-sampunas-bei-kauke\/","title":{"rendered":"Hadat cosmetics D\u0101vanu kaste Hydro Nourishing Moisture Shampoo And Hydro Liquid Silk Treatment - d\u0101vanu kaste \u0161amp\u016bns un maska"},"content":{"rendered":"<p><strong>Hadat Cosmetics Hydro Nourishing Moisture \u0161amp\u016bns, 250 ml<\/strong><\/p>\n<p>\u0160amp\u016bns atjauno mitruma l\u012bmeni un stiprina norm\u0101lus un sausus matus. Maigi att\u012bra un mitrina matus, nepadarot tos smagus, vienlaikus palielinot matu sak\u0146u apjomu. \u0160amp\u016bns padara matus maz\u0101k trauslus un sausus, tie izskat\u0101s vesel\u012bgi un sp\u012bd\u012bgi. \u0160amp\u016bns satur a\u013c\u0123u, t\u0113jas koka un \u0161\u012b sviesta ekstraktus.<\/p>\n<p><b>Ingridients<\/b><b>:\u00a0<\/b><\/p>\n<p><b>Cinks<\/b>\u00a0- biolo\u0123iski akt\u012bvs miner\u0101ls, kas normaliz\u0113 tauku dziedzeru darb\u012bbu, mazina niezi un blaugznas.<\/p>\n<p><b>T\u0113jas koka e\u013c\u013ca\u00a0<\/b>- T\u0113jas koka e\u013c\u013ca ir dabisks antiseptisks l\u012bdzeklis, kas izn\u012bcina visus patog\u0113nus. T\u0101 stimul\u0113 galvas \u0101das asinsriti, nov\u0113r\u0161 blaugznas, mazina kairin\u0101jumu, stimul\u0113 matu aug\u0161anu un mitrina galvas \u0101du.<\/p>\n<p><b>Dunaliella<\/b><b>\u00a0salina a\u013c\u0123es\u00a0<\/b>- ir unik\u0101li augi, kas satur lielu beta-karot\u012bna un daudzu vitam\u012bnu koncentr\u0101ciju.<\/p>\n<p><b>Shea<\/b><b>\u00a0sviests\u00a0<\/b>- satur vitam\u012bnus un miner\u0101lvielas, kas pozit\u012bvi ietekm\u0113 matus: mazina sausumu, aizsarg\u0101 tos no saules, izl\u012bdzina un atjauno matu strukt\u016bru, k\u0101 ar\u012b padara tos sp\u012bd\u012bgus. E\u013c\u013c\u0101 eso\u0161\u0101s tauksk\u0101bes pie\u0161\u0137ir sp\u012bdumu un z\u012bdainu efektu. \u0160\u012b sviests ar\u012b pal\u012bdz m\u012bkstin\u0101t matus.<\/p>\n<p><b>Lieto\u0161ana:<\/b><\/p>\n<p>Uzkl\u0101jiet nelielu daudzumu \u0161amp\u016bna uz mitriem matiem un iemas\u0113jiet matus no sakn\u0113m l\u012bdz galiem. Izskalojiet. Ja nepiecie\u0161ams, atk\u0101rtojiet.<\/p>\n<p><b>Piem\u0113rots visiem matu tipiem.<\/b><\/p>\n<p><strong>Hadat Cosmetics Hydro Liquid Silk Treatment - hidro z\u012bda maska matiem, 300 ml<\/strong><\/p>\n<p>Efekt\u012bva un daudzfunkcion\u0101la maska visiem boj\u0101tu matu tipiem, t\u0101 pal\u012bdz saglab\u0101t kr\u0101sotu matu kr\u0101su, intens\u012bvi mitrina matus un galvas \u0101du, dzi\u013ci baro, atjauno sp\u012bdumu, elast\u012bbu un m\u012bkstumu. Maska atjauno matus \u0161\u016bnu l\u012bmen\u012b. Formula satur a\u013c\u0123es un makad\u0101mijas, kokvilnas, jojobas, avokado un argana e\u013c\u013cas, kas baro un aizsarg\u0101 jut\u012bgu, porainu matu strukt\u016bru, atjaunojot to vitalit\u0101ti.<\/p>\n<p><strong>Makad\u0101mijas e\u013c\u013ca:<\/strong><br \/>\nMakad\u0101mijas e\u013c\u013ca ir bag\u0101ta ar sk\u0101b\u0113m, vitam\u012bniem un mikroelementiem, kas pal\u012bdz atjaunot sausus matus. E\u013c\u013ca nodro\u0161ina lielisku matu mitrin\u0101\u0161anu un dz\u012bv\u012bbu. T\u0101 nov\u0113r\u0161 matu bl\u0101vumu un pie\u0161\u0137ir vesel\u012bgu sp\u012bdumu. Turkl\u0101t makad\u0101mijas e\u013c\u013ca ir ide\u0101li piem\u0113rota k\u0101 profilaktisks l\u012bdzeklis pret matu galu \u0161\u0137el\u0161anos un trauslumu.<\/p>\n<p><strong>\u0100boli\u0146a s\u0113klu ekstrakts<\/strong>\u00a0:<br \/>\nv\u0113rt\u012bgs karot\u012bna avots, kas stiprina \u0161\u0137iedras struktur\u0101l\u0101 l\u012bmen\u012b. Fitoestrog\u0113ni un salicilsk\u0101be iedarbojas uz matu stiebri\u0146iem un folikuliem. Mati tiek bag\u0101t\u012bgi baroti un stiprin\u0101ti.<\/p>\n<p>K\u0101 lietot :<br \/>\nP\u0113c mazg\u0101\u0161anas ar \u0161amp\u016bnu vienm\u0113r\u012bgi izkl\u0101jiet uz matiem, l\u012bdz piln\u012bb\u0101 ies\u016bcas. Atst\u0101jiet zem siltuma avota uz 10 min\u016bt\u0113m vai bez siltuma avota uz 15 min\u016bt\u0113m. R\u016bp\u012bgi noskalojiet.<\/p>","protected":false},"excerpt":{"rendered":"<div class=\"elementor-element elementor-element-24f93c3 wd-single-short-desc text-left elementor-widget elementor-widget-wd_single_product_short_description\" data-id=\"24f93c3\" data-element_type=\"widget\" data-widget_type=\"wd_single_product_short_description.default\">\n<div class=\"elementor-widget-container\">\n<div class=\"woocommerce-product-details__short-description\">\n<p>Kas ir komplekt\u0101:<br \/>\n1. Hadat Cosmetics Hydro Liquid Silk Treatment - hidro z\u012bda matu maska, 300 ml<br \/>\n2. Hadat Cosmetics Hydro Nourishing Moisture \u0161amp\u016bns, 250 ml<\/p>\n<p>Hair Treatment ir atjaunojo\u0161s l\u012bdzeklis sausiem un \u013coti boj\u0101tiem matiem. Makad\u0101mijas e\u013c\u013cas un argana e\u013c\u013cas kombin\u0101cija apvienojum\u0101 ar alvejas ekstraktu atjauno un atjauno matus, padarot tos dzi\u013ci barotus, uzlabojot elast\u012bbu un sp\u012bdumu, k\u0101 ar\u012b pie\u0161\u0137irot tiem ilgsto\u0161u kondicion\u0113\u0161anu.<\/p>\n<p>Hydro Nourishing Moisture Shampoo - \u0161amp\u016bns atjauno mitruma l\u012bmeni un stiprina norm\u0101lus un sausus matus.<\/p>\n<\/div>\n<\/div>\n<\/div>\n<div class=\"elementor-element elementor-element-a457d20 wd-single-price text-left elementor-widget elementor-widget-wd_single_product_price\" data-id=\"a457d20\" data-element_type=\"widget\" data-widget_type=\"wd_single_product_price.default\">\n<div class=\"elementor-widget-container\"><\/div>\n<\/div>","protected":false},"featured_media":27331,"comment_status":"open","ping_status":"closed","template":"","meta":[],"product_brand":[222],"product_cat":[111,243,239],"product_tag":[],"class_list":{"0":"post-27330","1":"product","2":"type-product","3":"status-publish","4":"has-post-thumbnail","6":"product_brand-hadat","7":"product_cat-plaukams","8":"product_cat-plauku-kaukes","9":"product_cat-plauku-sampunai","11":"first","12":"instock","13":"sale","14":"taxable","15":"shipping-taxable","16":"purchasable","17":"product-type-simple"},"_links":{"self":[{"href":"https:\/\/lemila.lt\/lv\/wp-json\/wp\/v2\/product\/27330","targetHints":{"allow":["GET"]}}],"collection":[{"href":"https:\/\/lemila.lt\/lv\/wp-json\/wp\/v2\/product"}],"about":[{"href":"https:\/\/lemila.lt\/lv\/wp-json\/wp\/v2\/types\/product"}],"replies":[{"embeddable":true,"href":"https:\/\/lemila.lt\/lv\/wp-json\/wp\/v2\/comments?post=27330"}],"version-history":[{"count":2,"href":"https:\/\/lemila.lt\/lv\/wp-json\/wp\/v2\/product\/27330\/revisions"}],"predecessor-version":[{"id":27819,"href":"https:\/\/lemila.lt\/lv\/wp-json\/wp\/v2\/product\/27330\/revisions\/27819"}],"wp:featuredmedia":[{"embeddable":true,"href":"https:\/\/lemila.lt\/lv\/wp-json\/wp\/v2\/media\/27331"}],"wp:attachment":[{"href":"https:\/\/lemila.lt\/lv\/wp-json\/wp\/v2\/media?parent=27330"}],"wp:term":[{"taxonomy":"product_brand","embeddable":true,"href":"https:\/\/lemila.lt\/lv\/wp-json\/wp\/v2\/product_brand?post=27330"},{"taxonomy":"product_cat","embeddable":true,"href":"https:\/\/lemila.lt\/lv\/wp-json\/wp\/v2\/product_cat?post=27330"},{"taxonomy":"product_tag","embeddable":true,"href":"https:\/\/lemila.lt\/lv\/wp-json\/wp\/v2\/product_tag?post=27330"}],"curies":[{"name":"wp","href":"https:\/\/api.w.org\/{rel}","templated":true}]}}