{"id":27326,"date":"2025-05-07T23:13:07","date_gmt":"2025-05-07T20:13:07","guid":{"rendered":"https:\/\/lemila.lt\/?post_type=product&#038;p=27326"},"modified":"2026-04-06T10:16:52","modified_gmt":"2026-04-06T07:16:52","slug":"hadat-cosmetics-softening-microcapsule-hair-mask-glotninanti-maitinamoji-kauke-280-ml","status":"publish","type":"product","link":"https:\/\/lemila.lt\/lv\/product\/hadat-cosmetics-softening-microcapsule-hair-mask-glotninanti-maitinamoji-kauke-280-ml\/","title":{"rendered":"Hadat Cosmetics M\u012bkstino\u0161a mikrokapsulu maska matiem 280 ml"},"content":{"rendered":"<p><strong>Lieto\u0161ana:<\/strong><\/p>\n<p>Uzkl\u0101jiet masku uz izmazg\u0101tiem un ar dvieli nosusin\u0101tiem matiem, izvairoties no saskares ar sakn\u0113m. Atst\u0101jiet uz matiem uz 3-4 min\u016bt\u0113m, p\u0113c tam noskalojiet ar \u016bdeni. Nav nepiecie\u0161ams<br \/>\ngaisa kondicion\u0113\u0161ana.<\/p>\n<p><strong>Piem\u0113rots visiem matu tipiem.<\/strong><\/p>","protected":false},"excerpt":{"rendered":"<p>Izl\u012bdzino\u0161a barojo\u0161a maska, kas bag\u0101tin\u0101ta ar E vitam\u012bna kapsul\u0101m. Aizsarg\u0101 pret \u0101r\u0113jiem boj\u0101jumiem un atjauno sausus un trauslus matus. L\u012bdzeklis satur kli\u0146\u0123er\u012b\u0161u e\u013c\u013cu, kas aizsarg\u0101 pret UV stariem un citiem negat\u012bviem vides faktoriem. Mikrokapsulas ar E vitam\u012bnu aktiviz\u0113 kolag\u0113na ra\u017eo\u0161anu, padarot cirtas z\u012bdainas un viegli veidojamas. Satur p\u0113r\u013cu pulveri, kas pie\u0161\u0137ir matiem sp\u012bdumu un koptu izskatu. Hidroliz\u0113ts kerat\u012bns mazina sprogas un aizsarg\u0101 pret karstuma boj\u0101jumiem.<\/p>","protected":false},"featured_media":27327,"comment_status":"open","ping_status":"closed","template":"","meta":[],"product_brand":[222],"product_cat":[111,243,240],"product_tag":[],"class_list":{"0":"post-27326","1":"product","2":"type-product","3":"status-publish","4":"has-post-thumbnail","6":"product_brand-hadat","7":"product_cat-plaukams","8":"product_cat-plauku-kaukes","9":"product_cat-plauku-kondicionieriai","11":"first","12":"instock","13":"sale","14":"taxable","15":"shipping-taxable","16":"purchasable","17":"product-type-simple"},"_links":{"self":[{"href":"https:\/\/lemila.lt\/lv\/wp-json\/wp\/v2\/product\/27326","targetHints":{"allow":["GET"]}}],"collection":[{"href":"https:\/\/lemila.lt\/lv\/wp-json\/wp\/v2\/product"}],"about":[{"href":"https:\/\/lemila.lt\/lv\/wp-json\/wp\/v2\/types\/product"}],"replies":[{"embeddable":true,"href":"https:\/\/lemila.lt\/lv\/wp-json\/wp\/v2\/comments?post=27326"}],"version-history":[{"count":2,"href":"https:\/\/lemila.lt\/lv\/wp-json\/wp\/v2\/product\/27326\/revisions"}],"predecessor-version":[{"id":27748,"href":"https:\/\/lemila.lt\/lv\/wp-json\/wp\/v2\/product\/27326\/revisions\/27748"}],"wp:featuredmedia":[{"embeddable":true,"href":"https:\/\/lemila.lt\/lv\/wp-json\/wp\/v2\/media\/27327"}],"wp:attachment":[{"href":"https:\/\/lemila.lt\/lv\/wp-json\/wp\/v2\/media?parent=27326"}],"wp:term":[{"taxonomy":"product_brand","embeddable":true,"href":"https:\/\/lemila.lt\/lv\/wp-json\/wp\/v2\/product_brand?post=27326"},{"taxonomy":"product_cat","embeddable":true,"href":"https:\/\/lemila.lt\/lv\/wp-json\/wp\/v2\/product_cat?post=27326"},{"taxonomy":"product_tag","embeddable":true,"href":"https:\/\/lemila.lt\/lv\/wp-json\/wp\/v2\/product_tag?post=27326"}],"curies":[{"name":"wp","href":"https:\/\/api.w.org\/{rel}","templated":true}]}}