{"id":27058,"date":"2025-02-26T10:18:33","date_gmt":"2025-02-26T08:18:33","guid":{"rendered":"https:\/\/lemila.lt\/?post_type=product&#038;p=27058"},"modified":"2026-03-09T15:14:50","modified_gmt":"2026-03-09T13:14:50","slug":"lightener-etalon-mix","status":"publish","type":"product","link":"https:\/\/lemila.lt\/lv\/product\/lightener-etalon-mix\/","title":{"rendered":"Gaismot\u0101js Etalon mais\u012bjums"},"content":{"rendered":"<p>Etalon Mix Lightener ir profesion\u0101ls balin\u0101t\u0101js nev\u0113lamo pigmentu un to\u0146u no\u0146em\u0161anai no permanent\u0101 grima. T\u0101 uzlabot\u0101 formula \u013cauj dro\u0161i un saudz\u012bgi no\u0146emt pigmentu pat dzi\u013ci \u0101d\u0101, neboj\u0101jot \u0101das dabisko strukt\u016bru.<\/p>\n<p>K\u0101p\u0113c izv\u0113l\u0113ties Etalon Mix Lightener?<\/p>\n<p><img decoding=\"async\" class=\"an1\" src=\"https:\/\/fonts.gstatic.com\/s\/e\/notoemoji\/16.0\/2714_fe0f\/72.png\" alt=\"\u2714\ufe0f\" width=\"25\" height=\"25\" data-emoji=\"\u2714\ufe0f\" aria-label=\"\u2714\ufe0f\" \/>\u00a0Efekt\u012bvi no\u0146em nev\u0113lamus to\u0146us - kori\u0123\u0113 kr\u0101sas izmai\u0146as un no\u0146em pat tum\u0161us pigmentus.<\/p>\n<p><img decoding=\"async\" class=\"an1\" src=\"https:\/\/fonts.gstatic.com\/s\/e\/notoemoji\/16.0\/2714_fe0f\/72.png\" alt=\"\u2714\ufe0f\" width=\"25\" height=\"25\" data-emoji=\"\u2714\ufe0f\" aria-label=\"\u2714\ufe0f\" \/>\u00a0Zems pH 3,2 - \u012bpa\u0161i maigs sast\u0101vs, maz\u0101ks \u0101das kairin\u0101juma risks.<\/p>\n<p><img decoding=\"async\" class=\"an1\" src=\"https:\/\/fonts.gstatic.com\/s\/e\/notoemoji\/16.0\/2714_fe0f\/72.png\" alt=\"\u2714\ufe0f\" width=\"25\" height=\"25\" data-emoji=\"\u2714\ufe0f\" aria-label=\"\u2714\ufe0f\" \/>\u00a0Dro\u0161a lieto\u0161ana - nerada r\u0113tas un neizjauc \u0101das dabisko l\u012bdzsvaru.<\/p>\n<p><img decoding=\"async\" class=\"an1\" src=\"https:\/\/fonts.gstatic.com\/s\/e\/notoemoji\/16.0\/2714_fe0f\/72.png\" alt=\"\u2714\ufe0f\" width=\"25\" height=\"25\" data-emoji=\"\u2714\ufe0f\" aria-label=\"\u2714\ufe0f\" \/>\u00a0Piem\u0113rots gan maziem plankumiem, gan piln\u012bgai pigmenta no\u0146em\u0161anai.<\/p>\n<p>Etalon Mix Lightener ir uzticama izv\u0113le permanent\u0101 grima m\u0101ksliniekiem, kuri v\u0113las ieg\u016bt prec\u012bzus un dro\u0161us rezult\u0101tus!<\/p>","protected":false},"excerpt":{"rendered":"<p>Lightner Etalon Mix ir paredz\u0113ts tikai profesion\u0101lai lieto\u0161anai.<\/p>\n<p>Etalon Mix Lightener - profesion\u0101ls pigmentu balin\u0101t\u0101js un atdz\u012bvin\u0101t\u0101js<\/p>\n<p>Etalon Mix Lightener ir augstas kvalit\u0101tes profesion\u0101ls produkts pigmenta korekcijai permanent\u0101 grima proces\u0101. \u0160is balin\u0101t\u0101js pal\u012bdz smalki samazin\u0101t pigmenta intensit\u0101ti, labot neprecizit\u0101tes un nov\u0113rst slikti paveikto darbu.<\/p>\n<p>&nbsp;<\/p>\n<div>\n<div>\n<p>Galven\u0101s funkcijas:<\/p>\n<p><img decoding=\"async\" class=\"an1\" src=\"https:\/\/fonts.gstatic.com\/s\/e\/notoemoji\/16.0\/2714_fe0f\/72.png\" alt=\"\u2714\ufe0f\" width=\"25\" height=\"25\" data-emoji=\"\u2714\ufe0f\" aria-label=\"\u2714\ufe0f\" \/>\u00a0Nedaudz kori\u0123\u0113 pigmenta intensit\u0101ti un nokr\u0101su<\/p>\n<p><img decoding=\"async\" class=\"an1\" src=\"https:\/\/fonts.gstatic.com\/s\/e\/notoemoji\/16.0\/2714_fe0f\/72.png\" alt=\"\u2714\ufe0f\" width=\"25\" height=\"25\" data-emoji=\"\u2714\ufe0f\" aria-label=\"\u2714\ufe0f\" \/>\u00a0Piem\u0113rots gan nelielu k\u013c\u016bdu, gan liel\u0101ku pigmentu no\u0146em\u0161anai<\/p>\n<p><img decoding=\"async\" class=\"an1\" src=\"https:\/\/fonts.gstatic.com\/s\/e\/notoemoji\/16.0\/2714_fe0f\/72.png\" alt=\"\u2714\ufe0f\" width=\"25\" height=\"25\" data-emoji=\"\u2714\ufe0f\" aria-label=\"\u2714\ufe0f\" \/>\u00a0Viegli lietojams un dro\u0161s profesion\u0101lam darbam<\/p>\n<\/div>\n<\/div>","protected":false},"featured_media":27059,"comment_status":"open","ping_status":"closed","template":"","meta":[],"product_brand":[218],"product_cat":[263,215],"product_tag":[],"class_list":{"0":"post-27058","1":"product","2":"type-product","3":"status-publish","4":"has-post-thumbnail","6":"product_brand-etalon-mix","7":"product_cat-pmu-aksesuarai","8":"product_cat-profesionalams","10":"first","11":"instock","12":"sale","13":"taxable","14":"shipping-taxable","15":"purchasable","16":"product-type-variable"},"_links":{"self":[{"href":"https:\/\/lemila.lt\/lv\/wp-json\/wp\/v2\/product\/27058","targetHints":{"allow":["GET"]}}],"collection":[{"href":"https:\/\/lemila.lt\/lv\/wp-json\/wp\/v2\/product"}],"about":[{"href":"https:\/\/lemila.lt\/lv\/wp-json\/wp\/v2\/types\/product"}],"replies":[{"embeddable":true,"href":"https:\/\/lemila.lt\/lv\/wp-json\/wp\/v2\/comments?post=27058"}],"version-history":[{"count":3,"href":"https:\/\/lemila.lt\/lv\/wp-json\/wp\/v2\/product\/27058\/revisions"}],"predecessor-version":[{"id":27064,"href":"https:\/\/lemila.lt\/lv\/wp-json\/wp\/v2\/product\/27058\/revisions\/27064"}],"wp:featuredmedia":[{"embeddable":true,"href":"https:\/\/lemila.lt\/lv\/wp-json\/wp\/v2\/media\/27059"}],"wp:attachment":[{"href":"https:\/\/lemila.lt\/lv\/wp-json\/wp\/v2\/media?parent=27058"}],"wp:term":[{"taxonomy":"product_brand","embeddable":true,"href":"https:\/\/lemila.lt\/lv\/wp-json\/wp\/v2\/product_brand?post=27058"},{"taxonomy":"product_cat","embeddable":true,"href":"https:\/\/lemila.lt\/lv\/wp-json\/wp\/v2\/product_cat?post=27058"},{"taxonomy":"product_tag","embeddable":true,"href":"https:\/\/lemila.lt\/lv\/wp-json\/wp\/v2\/product_tag?post=27058"}],"curies":[{"name":"wp","href":"https:\/\/api.w.org\/{rel}","templated":true}]}}