{"id":27055,"date":"2025-02-26T09:38:12","date_gmt":"2025-02-26T07:38:12","guid":{"rendered":"https:\/\/lemila.lt\/?post_type=product&#038;p=27055"},"modified":"2026-05-08T19:33:30","modified_gmt":"2026-05-08T16:33:30","slug":"skiediklis-etalon-mix","status":"publish","type":"product","link":"https:\/\/lemila.lt\/lv\/product\/skiediklis-etalon-mix\/","title":{"rendered":"Etalon Mix at\u0161\u0137aid\u012bt\u0101js"},"content":{"rendered":"<p>Etalon Mix at\u0161\u0137aid\u012bt\u0101js ir paredz\u0113ts kr\u0101sas koncentr\u0101cijas samazin\u0101\u0161anai. Optim\u0101l\u0101 konsistence ar palielin\u0101tu hamamelizas \u0161\u0137\u012bduma daudzumu nodro\u0161ina vieglu lieto\u0161anu, m\u012bkstina \u0101du un rada \"samtainas kr\u0101sas\" efektu.<\/p>","protected":false},"excerpt":{"rendered":"<p>Etalon Mix at\u0161\u0137aid\u012bt\u0101js ir paredz\u0113ts kr\u0101sas koncentr\u0101cijas samazin\u0101\u0161anai. Optim\u0101l\u0101 konsistence ar palielin\u0101tu hamamelizas \u0161\u0137\u012bduma daudzumu nodro\u0161ina vieglu lieto\u0161anu, m\u012bkstina \u0101du un rada \"samtainas kr\u0101sas\" efektu.<\/p>\n<p>15ml<\/p>","protected":false},"featured_media":27056,"comment_status":"open","ping_status":"closed","template":"","meta":[],"product_brand":[218],"product_cat":[263,215],"product_tag":[],"class_list":{"0":"post-27055","1":"product","2":"type-product","3":"status-publish","4":"has-post-thumbnail","6":"product_brand-etalon-mix","7":"product_cat-pmu-aksesuarai","8":"product_cat-profesionalams","10":"first","11":"instock","12":"sale","13":"taxable","14":"shipping-taxable","15":"purchasable","16":"product-type-simple"},"_links":{"self":[{"href":"https:\/\/lemila.lt\/lv\/wp-json\/wp\/v2\/product\/27055","targetHints":{"allow":["GET"]}}],"collection":[{"href":"https:\/\/lemila.lt\/lv\/wp-json\/wp\/v2\/product"}],"about":[{"href":"https:\/\/lemila.lt\/lv\/wp-json\/wp\/v2\/types\/product"}],"replies":[{"embeddable":true,"href":"https:\/\/lemila.lt\/lv\/wp-json\/wp\/v2\/comments?post=27055"}],"version-history":[{"count":1,"href":"https:\/\/lemila.lt\/lv\/wp-json\/wp\/v2\/product\/27055\/revisions"}],"predecessor-version":[{"id":27057,"href":"https:\/\/lemila.lt\/lv\/wp-json\/wp\/v2\/product\/27055\/revisions\/27057"}],"wp:featuredmedia":[{"embeddable":true,"href":"https:\/\/lemila.lt\/lv\/wp-json\/wp\/v2\/media\/27056"}],"wp:attachment":[{"href":"https:\/\/lemila.lt\/lv\/wp-json\/wp\/v2\/media?parent=27055"}],"wp:term":[{"taxonomy":"product_brand","embeddable":true,"href":"https:\/\/lemila.lt\/lv\/wp-json\/wp\/v2\/product_brand?post=27055"},{"taxonomy":"product_cat","embeddable":true,"href":"https:\/\/lemila.lt\/lv\/wp-json\/wp\/v2\/product_cat?post=27055"},{"taxonomy":"product_tag","embeddable":true,"href":"https:\/\/lemila.lt\/lv\/wp-json\/wp\/v2\/product_tag?post=27055"}],"curies":[{"name":"wp","href":"https:\/\/api.w.org\/{rel}","templated":true}]}}