{"id":26698,"date":"2024-11-26T18:32:52","date_gmt":"2024-11-26T16:32:52","guid":{"rendered":"https:\/\/lemila.lt\/?post_type=product&#038;p=26698"},"modified":"2026-01-22T22:20:38","modified_gmt":"2026-01-22T20:20:38","slug":"etalon-mix-pigmentai-plaukelinei-technikai-sand-autore-anna-kutsevolova","status":"publish","type":"product","link":"https:\/\/lemila.lt\/lv\/product\/etalon-mix-pigmentai-plaukelinei-technikai-sand-autore-anna-kutsevolova\/","title":{"rendered":"Etalon mix pigmenti SAND matu tehnikai - Anna Kutsevolova"},"content":{"rendered":"","protected":false},"excerpt":{"rendered":"<p>Silta gai\u0161i br\u016bna kr\u0101sa. Piem\u0113rots Fitzpatrika 1. un 2. tipam. Var sajaukt ar m\u0101lu, lai ieg\u016btu bag\u0101t\u012bg\u0101ku toni. Ide\u0101li piem\u0113rots k\u0101 gai\u0161\u0101kais tonis, str\u0101d\u0101jot ar alop\u0113ciju.<\/p>\n<p>Tilpums: 10 ml<\/p>","protected":false},"featured_media":26699,"comment_status":"open","ping_status":"closed","template":"","meta":[],"product_brand":[218],"product_cat":[286,112,215],"product_tag":[],"class_list":{"0":"post-26698","1":"product","2":"type-product","3":"status-publish","4":"has-post-thumbnail","6":"product_brand-etalon-mix","7":"product_cat-anna-kutsevolova","8":"product_cat-pigmentai","9":"product_cat-profesionalams","11":"first","12":"instock","13":"taxable","14":"shipping-taxable","15":"purchasable","16":"product-type-simple"},"_links":{"self":[{"href":"https:\/\/lemila.lt\/lv\/wp-json\/wp\/v2\/product\/26698","targetHints":{"allow":["GET"]}}],"collection":[{"href":"https:\/\/lemila.lt\/lv\/wp-json\/wp\/v2\/product"}],"about":[{"href":"https:\/\/lemila.lt\/lv\/wp-json\/wp\/v2\/types\/product"}],"replies":[{"embeddable":true,"href":"https:\/\/lemila.lt\/lv\/wp-json\/wp\/v2\/comments?post=26698"}],"version-history":[{"count":3,"href":"https:\/\/lemila.lt\/lv\/wp-json\/wp\/v2\/product\/26698\/revisions"}],"predecessor-version":[{"id":27192,"href":"https:\/\/lemila.lt\/lv\/wp-json\/wp\/v2\/product\/26698\/revisions\/27192"}],"wp:featuredmedia":[{"embeddable":true,"href":"https:\/\/lemila.lt\/lv\/wp-json\/wp\/v2\/media\/26699"}],"wp:attachment":[{"href":"https:\/\/lemila.lt\/lv\/wp-json\/wp\/v2\/media?parent=26698"}],"wp:term":[{"taxonomy":"product_brand","embeddable":true,"href":"https:\/\/lemila.lt\/lv\/wp-json\/wp\/v2\/product_brand?post=26698"},{"taxonomy":"product_cat","embeddable":true,"href":"https:\/\/lemila.lt\/lv\/wp-json\/wp\/v2\/product_cat?post=26698"},{"taxonomy":"product_tag","embeddable":true,"href":"https:\/\/lemila.lt\/lv\/wp-json\/wp\/v2\/product_tag?post=26698"}],"curies":[{"name":"wp","href":"https:\/\/api.w.org\/{rel}","templated":true}]}}