{"id":26692,"date":"2024-11-26T17:59:13","date_gmt":"2024-11-26T15:59:13","guid":{"rendered":"https:\/\/lemila.lt\/?post_type=product&#038;p=26692"},"modified":"2026-01-22T22:21:07","modified_gmt":"2026-01-22T20:21:07","slug":"etalon-mix-pigmentai-plaukelinei-technikai-clay-autore-anna-kutsevolova","status":"publish","type":"product","link":"https:\/\/lemila.lt\/lv\/product\/etalon-mix-pigmentai-plaukelinei-technikai-clay-autore-anna-kutsevolova\/","title":{"rendered":"Etalon mix pigmenti matu tehnikai \"CLAY\", Anna Kutsevolova"},"content":{"rendered":"","protected":false},"excerpt":{"rendered":"<p>Univers\u0101ls silts br\u016bns tonis. Piem\u0113rots jebkuram Fitzpatrika tipam, s\u0101kot no 3. Var izmantot akcentiem, str\u0101d\u0101jot ar 1. un 2. Fitzpatrika tipu.<\/p>\n<p>Tilpums: 10 ml<\/p>","protected":false},"featured_media":26693,"comment_status":"open","ping_status":"closed","template":"","meta":[],"product_brand":[218],"product_cat":[286,112,215],"product_tag":[],"class_list":{"0":"post-26692","1":"product","2":"type-product","3":"status-publish","4":"has-post-thumbnail","6":"product_brand-etalon-mix","7":"product_cat-anna-kutsevolova","8":"product_cat-pigmentai","9":"product_cat-profesionalams","11":"first","12":"instock","13":"taxable","14":"shipping-taxable","15":"purchasable","16":"product-type-simple"},"_links":{"self":[{"href":"https:\/\/lemila.lt\/lv\/wp-json\/wp\/v2\/product\/26692","targetHints":{"allow":["GET"]}}],"collection":[{"href":"https:\/\/lemila.lt\/lv\/wp-json\/wp\/v2\/product"}],"about":[{"href":"https:\/\/lemila.lt\/lv\/wp-json\/wp\/v2\/types\/product"}],"replies":[{"embeddable":true,"href":"https:\/\/lemila.lt\/lv\/wp-json\/wp\/v2\/comments?post=26692"}],"version-history":[{"count":1,"href":"https:\/\/lemila.lt\/lv\/wp-json\/wp\/v2\/product\/26692\/revisions"}],"predecessor-version":[{"id":26694,"href":"https:\/\/lemila.lt\/lv\/wp-json\/wp\/v2\/product\/26692\/revisions\/26694"}],"wp:featuredmedia":[{"embeddable":true,"href":"https:\/\/lemila.lt\/lv\/wp-json\/wp\/v2\/media\/26693"}],"wp:attachment":[{"href":"https:\/\/lemila.lt\/lv\/wp-json\/wp\/v2\/media?parent=26692"}],"wp:term":[{"taxonomy":"product_brand","embeddable":true,"href":"https:\/\/lemila.lt\/lv\/wp-json\/wp\/v2\/product_brand?post=26692"},{"taxonomy":"product_cat","embeddable":true,"href":"https:\/\/lemila.lt\/lv\/wp-json\/wp\/v2\/product_cat?post=26692"},{"taxonomy":"product_tag","embeddable":true,"href":"https:\/\/lemila.lt\/lv\/wp-json\/wp\/v2\/product_tag?post=26692"}],"curies":[{"name":"wp","href":"https:\/\/api.w.org\/{rel}","templated":true}]}}