{"id":26683,"date":"2024-11-26T17:43:54","date_gmt":"2024-11-26T15:43:54","guid":{"rendered":"https:\/\/lemila.lt\/?post_type=product&#038;p=26683"},"modified":"2025-11-27T23:03:10","modified_gmt":"2025-11-27T21:03:10","slug":"etalon-mix-mini-korektoriu-rinkinys","status":"publish","type":"product","link":"https:\/\/lemila.lt\/lv\/product\/etalon-mix-mini-korektoriu-rinkinys\/","title":{"rendered":"Etalon mix mini korektora komplekts"},"content":{"rendered":"<p><strong>Etalon Mix \u21161 dzeltenais korektors (5 ml)<\/strong><\/p>\n<p>Ide\u0101li piem\u0113rots sarkano un violeto to\u0146u neitraliz\u0113\u0161anai vecos tetov\u0113jumos.<br \/>\nIde\u0101li piem\u0113rots pigmentu mais\u012bjumu balin\u0101\u0161anai un maig\u0101ku, smil\u0161aini br\u016bnu to\u0146u rad\u012b\u0161anai.<br \/>\nLieliski piem\u0113rots l\u016bpu paletei persiku to\u0146iem.<br \/>\nSast\u0101vs: \u016bdens (Aqua), CI 200310, glicer\u012bns, PEG-8, polivinilpirolidons, CI 77491, CI 77891, CI 561170, Hamamelis Virginiana ekstrakts.<\/p>\n<p><strong>Etalon Mix \u21162 Oran\u017eas kr\u0101sas kons\u012bleris (5 ml)<\/strong><\/p>\n<p>Ide\u0101li piem\u0113rots pel\u0113ko, zilo un violeto to\u0146u kori\u0123\u0113\u0161anai vecos tetov\u0113jumos.<br \/>\nNeitraliz\u0113 aukstus l\u016bpu to\u0146us<br \/>\nVar izmantot kop\u0101 ar l\u016bpu pigmentiem, lai rad\u012btu silt\u0101kus un bag\u0101t\u012bg\u0101kus to\u0146us.<br \/>\nSast\u0101vs: \u016bdens (Aqua), CI 77491, glicer\u012bns, PEG-8, polivinilpirolidons, CI 200310, CI 56110, CI 73907, Hamamelis Virginiana ekstrakts.<\/p>\n<p><strong>Etalon Mix \u21163 terakotas kons\u012bleris (5 ml)<\/strong><\/p>\n<p>Paredz\u0113ts pel\u0113ku un pel\u0113kza\u013cu uzacu to\u0146u p\u0101rkl\u0101\u0161anai.<br \/>\nEfekt\u012bvs l\u012bdzeklis pret zilu acu laineri<br \/>\nPie\u0161\u0137ir l\u016bpu pigmentiem kora\u013c\u013cu br\u016bnu nokr\u0101su.<br \/>\nSast\u0101vs: \u016bdens (Aqua), glicer\u012bns, CI 11780, PEG-8, polivinilpirolidons, CI 77491, CI0,CI 5617 77891, Hamamelis Virginiana ekstrakts.<\/p>","protected":false},"excerpt":{"rendered":"<p>Mini korektora komplekts:<br \/>\n- Apels\u012bns;<br \/>\n- Dzeltens;<br \/>\n- Terakota;<\/p>\n<p>Apjoms: 3 pudel\u012btes pa 5 ml.<\/p>","protected":false},"featured_media":26684,"comment_status":"open","ping_status":"closed","template":"","meta":[],"product_brand":[218],"product_cat":[112,285,215],"product_tag":[],"class_list":{"0":"post-26683","1":"product","2":"type-product","3":"status-publish","4":"has-post-thumbnail","6":"product_brand-etalon-mix","7":"product_cat-pigmentai","8":"product_cat-rinkiniai-sets","9":"product_cat-profesionalams","11":"first","12":"outofstock","13":"taxable","14":"shipping-taxable","15":"purchasable","16":"product-type-simple"},"_links":{"self":[{"href":"https:\/\/lemila.lt\/lv\/wp-json\/wp\/v2\/product\/26683","targetHints":{"allow":["GET"]}}],"collection":[{"href":"https:\/\/lemila.lt\/lv\/wp-json\/wp\/v2\/product"}],"about":[{"href":"https:\/\/lemila.lt\/lv\/wp-json\/wp\/v2\/types\/product"}],"replies":[{"embeddable":true,"href":"https:\/\/lemila.lt\/lv\/wp-json\/wp\/v2\/comments?post=26683"}],"version-history":[{"count":2,"href":"https:\/\/lemila.lt\/lv\/wp-json\/wp\/v2\/product\/26683\/revisions"}],"predecessor-version":[{"id":26730,"href":"https:\/\/lemila.lt\/lv\/wp-json\/wp\/v2\/product\/26683\/revisions\/26730"}],"wp:featuredmedia":[{"embeddable":true,"href":"https:\/\/lemila.lt\/lv\/wp-json\/wp\/v2\/media\/26684"}],"wp:attachment":[{"href":"https:\/\/lemila.lt\/lv\/wp-json\/wp\/v2\/media?parent=26683"}],"wp:term":[{"taxonomy":"product_brand","embeddable":true,"href":"https:\/\/lemila.lt\/lv\/wp-json\/wp\/v2\/product_brand?post=26683"},{"taxonomy":"product_cat","embeddable":true,"href":"https:\/\/lemila.lt\/lv\/wp-json\/wp\/v2\/product_cat?post=26683"},{"taxonomy":"product_tag","embeddable":true,"href":"https:\/\/lemila.lt\/lv\/wp-json\/wp\/v2\/product_tag?post=26683"}],"curies":[{"name":"wp","href":"https:\/\/api.w.org\/{rel}","templated":true}]}}