{"id":26677,"date":"2024-11-26T17:35:22","date_gmt":"2024-11-26T15:35:22","guid":{"rendered":"https:\/\/lemila.lt\/?post_type=product&#038;p=26677"},"modified":"2026-01-18T19:18:51","modified_gmt":"2026-01-18T17:18:51","slug":"etalon-mix-lupu-rinkinys","status":"publish","type":"product","link":"https:\/\/lemila.lt\/lv\/product\/etalon-mix-lupu-rinkinys\/","title":{"rendered":"Etalon mix l\u016bpu komplekts"},"content":{"rendered":"<p><strong>Mais\u012bjums Nr. 1 \"Maigais sk\u016bpsts\"<\/strong><br \/>\nApraksts: \"Gentle Kiss\" ir maigs tonis, kas atg\u0101dina b\u0113rnu l\u016bpas. Tas ir ide\u0101li piem\u0113rots v\u0113s\u0101m blond\u012bn\u0113m, un to var izmantot k\u0101 pamatkr\u0101su dabiskam izskatam. tonis: b\u0113rnu l\u016bpu kr\u0101sa.<\/p>\n<p>Ide\u0101li piem\u0113rots: aukstasin\u012bg\u0101m blond\u012bn\u0113m<br \/>\nLieto\u0161ana: Galven\u0101 kr\u0101sa<\/p>\n<p><strong>Mais\u012bjums Nr. 2 \"Roz\u0101 karamele\"<\/strong><br \/>\nApraksts: Pink Caramel ir silts roz\u0101 tonis, ko izmanto k\u0101 b\u0101zes toni novecojo\u0161\u0101m v\u0113s\u0101m l\u016bp\u0101m. T\u0101 ir ide\u0101la izv\u0113le tiem, kam pat\u012bk roz\u0101-karame\u013cu to\u0146i.<\/p>\n<p>Lieto\u0161ana: Pamata tonis novecojo\u0161\u0101m v\u0113s\u0101m l\u016bp\u0101m<br \/>\nIde\u0101li piem\u0113rots: roz\u0101-karame\u013cu kr\u0101su cien\u012bt\u0101jiem<\/p>\n<p><strong>Mais\u012bjums Nr. 3 \"Ogu nekt\u0101rs\"<\/strong><br \/>\nP\u0101rskats: Berry Nectar ir v\u0113ss, vid\u0113ji bag\u0101t\u012bgs akvare\u013ckr\u0101sas tonis, kas piem\u0113rots gan gai\u0161as, gan tum\u0161\u0101kas \u0101das kontrastainiem cilv\u0113kiem. Tas efekt\u012bvi nosedz vecu tetov\u0113jumu persiku to\u0146us:<\/p>\n<p>Auksts, vid\u0113ji pies\u0101tin\u0101ts akvarelis<br \/>\nIde\u0101li piem\u0113rots: gai\u0161\u0101dainiem un tum\u0161\u0101dainiem cilv\u0113kiem ar kontrast\u0113jo\u0161\u0101m person\u012bb\u0101m.<br \/>\nLieto\u0161ana: Nosedz veco tetov\u0113jumu persiku nokr\u0101sas<\/p>\n<p><strong>Mais\u012bjums Nr. 4 \"Sarkanais samts\"<\/strong><br \/>\nApskats: \"Red Velvet\" ir spilgti sarkans akvare\u013ckr\u0101sas tonis, kas lieliski sader ar dzeltenu korektoru, lai ieg\u016btu sarkanu kr\u0101su. To var izmantot ar\u012b, lai pie\u0161\u0137irtu spilgti sarkanu nokr\u0101su pamatto\u0146iem un pie\u0161\u0137irtu tiem spilgtu akcentu.<\/p>\n<p>Tonis: spilgti sarkana akvare\u013ckr\u0101sa<br \/>\nLab\u0101k\u0101 kombin\u0101cija: kombin\u0113jiet ar dzeltenu korektoru, lai ieg\u016btu sarkanu kr\u0101su.<br \/>\nLieto\u0161ana: pie\u0161\u0137ir spilgti sarkanu nokr\u0101su galvenajiem to\u0146iem<\/p>\n<p><strong>Mais\u012bjums Nr. 5 \"\u0136ir\u0161u uzp\u016btenis\"<\/strong><br \/>\nP\u0101rskats: Cherry Mousse ir skaists \u0137ir\u0161u tonis, kas piem\u0113rots visiem klientu tipiem. To var izmantot k\u0101 atsevi\u0161\u0137u toni vai k\u0101 \u0137ir\u0161u noti kop\u0101 ar citiem paletes to\u0146iem.<\/p>\n<p>Nokr\u0101sa: \u0137ir\u0161u<br \/>\nIde\u0101li piem\u0113rots: visu veidu klientiem<br \/>\nLieto\u0161ana: Atsevi\u0161\u0137i vai k\u0101 \u0137ir\u0161u nots kop\u0101 ar citiem to\u0146iem.<\/p>\n<p><strong>Mais\u012bjums Nr. 6 \"Putek\u013cain\u0101 roze\"<\/strong><br \/>\nP\u0101rskats: \"Dusty Rose\" ir paste\u013ckr\u0101sains, maigi roz\u0101 tonis ar vieglu ceri\u0146u nokr\u0101su. Tas ir lieliski piem\u0113rots dabisk\u0101 permanent\u0101 grima (PMU) to\u0146iem un labi sapl\u016bst ar Nr. 4 Red Velvet, Nr. 5 Cherry Mousse un Terracotta Concealer, lai pie\u0161\u0137irtu spilgt\u0101ku izskatu.<\/p>\n<p>Tonis: paste\u013c\u012bgi maigi roz\u0101 ar vieglu ceri\u0146a nokr\u0101su<br \/>\nIzmanto\u0161ana: Dabiskie to\u0146i PMU<br \/>\nLab\u0101k\u0101 kombin\u0101cija: ar Nr.4 Red Velvet, Nr.5 Cherry Mousse un Terracotta Concealer<\/p>\n<p><strong>Mais\u012bjums Nr. 7 \"Salds kan\u0113lis\"<\/strong><br \/>\nKopsavilkums: \"Sweet Cinnamon\" ir b\u0113\u0161s, sarkan\u012bgi br\u016bns tonis, kas paredz\u0113ts tiem, kam l\u016bpas ir dabiski b\u0101las. Piem\u0113rots silt\u0101m blond\u012bn\u0113m un person\u0101m ar vasaras raibumiem, bet nav ieteicams klientiem ar dabiski \u013coti tum\u0161i violet\u0101m vai br\u016bn\u0101m l\u016bp\u0101m.<\/p>\n<p>Tonis: smil\u0161kr\u0101sas un sarkan\u012bgi br\u016bns<br \/>\nIde\u0101li piem\u0113rots: blond\u012bn\u0113m un cilv\u0113kiem ar vasaras raibumiem.<br \/>\nNav ieteicams: klientiem ar dabiski \u013coti tum\u0161i violetiem vai br\u016bniem l\u016bpu to\u0146iem.<\/p>","protected":false},"excerpt":{"rendered":"<p>Mini l\u016bpu pigmentu komplekts:<br \/>\n- Mais\u012bjums Nr. 1 \"Maigais sk\u016bpsts\";<br \/>\n- Mais\u012bjums Nr. 2 \"Roz\u0101 karamele\";<br \/>\n- Mais\u012bjums Nr. 3 \"Ogu nekt\u0101rs\";<br \/>\n- Mais\u012bjums Nr. 4 \"Sarkanais samts\";<br \/>\n- Mais\u012bjums Nr. 5 \"\u0136ir\u0161u uzp\u016btenis\";<br \/>\n- Mais\u012bjums Nr. 6 \"Dusty Rose\";<br \/>\n- Mais\u012bjums Nr. 7 \"Sald\u0101 kan\u0113\u013ca\";<\/p>\n<p>Tilpums: 7 pudel\u012btes pa 5 ml.<\/p>","protected":false},"featured_media":26678,"comment_status":"open","ping_status":"closed","template":"","meta":[],"product_brand":[218],"product_cat":[112,285,215],"product_tag":[],"class_list":{"0":"post-26677","1":"product","2":"type-product","3":"status-publish","4":"has-post-thumbnail","6":"product_brand-etalon-mix","7":"product_cat-pigmentai","8":"product_cat-rinkiniai-sets","9":"product_cat-profesionalams","11":"first","12":"outofstock","13":"taxable","14":"shipping-taxable","15":"purchasable","16":"product-type-simple"},"_links":{"self":[{"href":"https:\/\/lemila.lt\/lv\/wp-json\/wp\/v2\/product\/26677","targetHints":{"allow":["GET"]}}],"collection":[{"href":"https:\/\/lemila.lt\/lv\/wp-json\/wp\/v2\/product"}],"about":[{"href":"https:\/\/lemila.lt\/lv\/wp-json\/wp\/v2\/types\/product"}],"replies":[{"embeddable":true,"href":"https:\/\/lemila.lt\/lv\/wp-json\/wp\/v2\/comments?post=26677"}],"version-history":[{"count":3,"href":"https:\/\/lemila.lt\/lv\/wp-json\/wp\/v2\/product\/26677\/revisions"}],"predecessor-version":[{"id":27238,"href":"https:\/\/lemila.lt\/lv\/wp-json\/wp\/v2\/product\/26677\/revisions\/27238"}],"wp:featuredmedia":[{"embeddable":true,"href":"https:\/\/lemila.lt\/lv\/wp-json\/wp\/v2\/media\/26678"}],"wp:attachment":[{"href":"https:\/\/lemila.lt\/lv\/wp-json\/wp\/v2\/media?parent=26677"}],"wp:term":[{"taxonomy":"product_brand","embeddable":true,"href":"https:\/\/lemila.lt\/lv\/wp-json\/wp\/v2\/product_brand?post=26677"},{"taxonomy":"product_cat","embeddable":true,"href":"https:\/\/lemila.lt\/lv\/wp-json\/wp\/v2\/product_cat?post=26677"},{"taxonomy":"product_tag","embeddable":true,"href":"https:\/\/lemila.lt\/lv\/wp-json\/wp\/v2\/product_tag?post=26677"}],"curies":[{"name":"wp","href":"https:\/\/api.w.org\/{rel}","templated":true}]}}