{"id":26671,"date":"2024-11-26T16:55:35","date_gmt":"2024-11-26T14:55:35","guid":{"rendered":"https:\/\/lemila.lt\/?post_type=product&#038;p=26671"},"modified":"2026-02-13T13:02:49","modified_gmt":"2026-02-13T11:02:49","slug":"etalon-mix-antakiu-mineraline-linija","status":"publish","type":"product","link":"https:\/\/lemila.lt\/lv\/product\/etalon-mix-antakiu-mineraline-linija\/","title":{"rendered":"Etalon mix Uzacu miner\u0101l\u0101 l\u012bnija"},"content":{"rendered":"<h3 class=\"fusion-woocommerce-tab-title fusion-responsive-typography-calculated\" data-fontsize=\"20\" data-lineheight=\"27px\">Apraksts<\/h3>\n<h3 class=\"fusion-responsive-typography-calculated\" data-fontsize=\"25\" data-lineheight=\"33.75px\">Etalon Mix miner\u0101lu uzacu pigmentu komplekt\u0101 ietilpst:<strong><br \/>\n<\/strong><\/h3>\n<h3 class=\"fusion-responsive-typography-calculated\" data-fontsize=\"25\" data-lineheight=\"33.75px\">Etalon Mix Nr. 6 \"Taupe\" - 10ml<\/h3>\n<p>Kopsavilkums: Taupe ir dzeltenbr\u016bns pigments, kas pie\u0161\u0137ir tum\u0161\u0101ku toni sal\u012bdzin\u0101jum\u0101 ar Pecan 7. T\u0101 ir ide\u0101la izv\u0113le blond\u012bn\u0113m ar 1. un 2. Fitzpatrika \u0101das tipu un papildina citas paletes kr\u0101sas.<\/p>\n<ul>\n<li>B\u0101ze: dzelten\u012bgi br\u016bna<\/li>\n<li>Sal\u012bdzin\u0101jums: tum\u0161\u0101ks nek\u0101 Nr. 7 pekanrieksts<\/li>\n<li>Ide\u0101li piem\u0113rots: Fitzpatrick 1-2 tipa blond\u012bnei<\/li>\n<li>Lab\u0101k\u0101 kombin\u0101cija: labi sader ar Nr. 8 Tiziano un Nr. 10 Arabica.<\/li>\n<\/ul>\n<h3 class=\"fusion-responsive-typography-calculated\" data-fontsize=\"25\" data-lineheight=\"33.75px\">Etalon Mix \u21167 \"Pekan\" (blond) - 10ml<\/h3>\n<h3 class=\"fusion-responsive-typography-calculated\" data-fontsize=\"25\" data-lineheight=\"33.75px\">Kopsavilkums: pekanrieksts ir visgai\u0161\u0101k\u0101 kr\u0101sa palet\u0113, kuras pamat\u0101 ir dzeltenbr\u016bns tonis. T\u0101 ir \u012bpa\u0161i izstr\u0101d\u0101ta blond\u012bn\u0113m un sirmgalv\u0113m ar 1. un 2. Fitzpatrika tipu, un t\u0101 ir ide\u0101li piem\u0113rota tum\u0161\u0101ku kr\u0101su vai vecu tetov\u0113jumu balin\u0101\u0161anai.<\/h3>\n<ul>\n<li>B\u0101ze: dzelten\u012bgi br\u016bna<\/li>\n<li>Tonis: gai\u0161\u0101kais palet\u0113<\/li>\n<li>Ide\u0101li piem\u0113rots: blond\u012bn\u0113m un sirmgalv\u0113m (Fitzpatrika 1-2 tips)<\/li>\n<li>Lieto\u0161ana: izgaismo tum\u0161as kr\u0101sas palet\u0113 vai vecus tetov\u0113jumus.<\/li>\n<\/ul>\n<h3 class=\"fusion-responsive-typography-calculated\" data-fontsize=\"25\" data-lineheight=\"33.75px\">Etalon Mix Nr. 8 \"Tiziano\" - 10ml<\/h3>\n<p>Kopsavilkums: Tiziano, paletes silt\u0101k\u0101 kr\u0101sa, ir sarkanbr\u016bn\u0101 ton\u012b. \u0160is pigments ir ide\u0101la izv\u0113le rudmatainiem un rudmatainiem, tas ir piem\u0113rots Fitzpatrick 1-4 \u0101das tipam un nevainojami sapl\u016bst ar vis\u0101m palet\u0113 iek\u013cautaj\u0101m kr\u0101s\u0101m.<\/p>\n<ul>\n<li>Fons: sarkanbr\u016bns<\/li>\n<li>Tonis: silt\u0101kais palet\u0113<\/li>\n<li>Ide\u0101li piem\u0113rots: rudmatainiem un rudmatainiem (Fitzpatrika 1-4 tips)<\/li>\n<li>Lab\u0101k\u0101 kombin\u0101cija: labi sader ar vis\u0101m paletes kr\u0101s\u0101m<\/li>\n<\/ul>\n<h3 class=\"fusion-responsive-typography-calculated\" data-fontsize=\"25\" data-lineheight=\"33.75px\">Etalon Mix #9 \"S\u0113pija\" - 10ml<\/h3>\n<p>Kopsavilkums: Sepia ir dzi\u013c\u0161, sarkanbr\u016bns pigments ar tum\u0161\u0101ku toni nek\u0101 Nr. 6 Taupe un Nr. 8 Tiziano. \u0160is tonis pie\u0161\u0137ir dzi\u013cumu un bag\u0101t\u012bbu da\u017e\u0101diem lietojumiem.<\/p>\n<ul>\n<li>Fons: sarkanbr\u016bns<\/li>\n<li>Sal\u012bdzin\u0101jums: tum\u0161\u0101ks nek\u0101 Nr.6 Taupe un Nr.8 Tiziano<\/li>\n<\/ul>\n<h3 class=\"fusion-responsive-typography-calculated\" data-fontsize=\"25\" data-lineheight=\"33.75px\">Etalon Mix No 10 \"Arabica\" - 10ml<\/h3>\n<p>Kopsavilkums: Arabica, v\u0113s\u0101kais tonis palet\u0113, kura pamat\u0101 ir pel\u0113kbr\u016bns tonis. Ide\u0101li piem\u0113rots citu kr\u0101su papildin\u0101\u0161anai, piem\u0113rots brunet\u0113m ar Fitzpatrick 3-5 \u0101das tipu, k\u0101 ar\u012b v\u0113s\u0101m blond\u012bn\u0113m ar 1-2 \u0101das tipu.<\/p>\n<ul>\n<li>Pamatne: pel\u0113kbr\u016bna<\/li>\n<li>Tonis: v\u0113s\u0101kais palet\u0113<\/li>\n<li>Ide\u0101li piem\u0113rots: brunet\u0113m (Fitzpatrick 3-5 tipi) biez\u0101kiem t\u0113rpiem un v\u0113s\u0101m blond\u012bn\u0113m (Fitzpatrick 1-2 tipi) viegl\u0101kiem t\u0113rpiem.<\/li>\n<li>Lab\u0101k\u0101 kombin\u0101cija: labi sader kop\u0101 ar Nr. 7 Pecan un Nr. 8 Tiziano.<\/li>\n<\/ul>","protected":false},"excerpt":{"rendered":"<p>- Mais\u012bjums Nr. 6 \"Saimnieciskums\";<br \/>\n- Mais\u012bjums Nr. 7 \"Pekanrieksti\";<br \/>\n- Mais\u012bjums Nr. 8 \"Sepia\";<br \/>\n- Mais\u012bjums Nr. 9 \"Tiziano\";<br \/>\n- Mais\u012bjums Nr. 10 \"Arabica\";<\/p>","protected":false},"featured_media":26672,"comment_status":"open","ping_status":"closed","template":"","meta":[],"product_brand":[218],"product_cat":[112,285,215],"product_tag":[],"class_list":{"0":"post-26671","1":"product","2":"type-product","3":"status-publish","4":"has-post-thumbnail","6":"product_brand-etalon-mix","7":"product_cat-pigmentai","8":"product_cat-rinkiniai-sets","9":"product_cat-profesionalams","11":"first","12":"outofstock","13":"sale","14":"taxable","15":"shipping-taxable","16":"purchasable","17":"product-type-simple"},"_links":{"self":[{"href":"https:\/\/lemila.lt\/lv\/wp-json\/wp\/v2\/product\/26671","targetHints":{"allow":["GET"]}}],"collection":[{"href":"https:\/\/lemila.lt\/lv\/wp-json\/wp\/v2\/product"}],"about":[{"href":"https:\/\/lemila.lt\/lv\/wp-json\/wp\/v2\/types\/product"}],"replies":[{"embeddable":true,"href":"https:\/\/lemila.lt\/lv\/wp-json\/wp\/v2\/comments?post=26671"}],"version-history":[{"count":2,"href":"https:\/\/lemila.lt\/lv\/wp-json\/wp\/v2\/product\/26671\/revisions"}],"predecessor-version":[{"id":26732,"href":"https:\/\/lemila.lt\/lv\/wp-json\/wp\/v2\/product\/26671\/revisions\/26732"}],"wp:featuredmedia":[{"embeddable":true,"href":"https:\/\/lemila.lt\/lv\/wp-json\/wp\/v2\/media\/26672"}],"wp:attachment":[{"href":"https:\/\/lemila.lt\/lv\/wp-json\/wp\/v2\/media?parent=26671"}],"wp:term":[{"taxonomy":"product_brand","embeddable":true,"href":"https:\/\/lemila.lt\/lv\/wp-json\/wp\/v2\/product_brand?post=26671"},{"taxonomy":"product_cat","embeddable":true,"href":"https:\/\/lemila.lt\/lv\/wp-json\/wp\/v2\/product_cat?post=26671"},{"taxonomy":"product_tag","embeddable":true,"href":"https:\/\/lemila.lt\/lv\/wp-json\/wp\/v2\/product_tag?post=26671"}],"curies":[{"name":"wp","href":"https:\/\/api.w.org\/{rel}","templated":true}]}}