{"id":26666,"date":"2024-11-26T16:45:42","date_gmt":"2024-11-26T14:45:42","guid":{"rendered":"https:\/\/lemila.lt\/?post_type=product&#038;p=26666"},"modified":"2026-01-29T16:45:35","modified_gmt":"2026-01-29T14:45:35","slug":"etalon-mix-antakiu-pigmentu-hibridines-linijos-mini-rinkinys","status":"publish","type":"product","link":"https:\/\/lemila.lt\/lv\/product\/etalon-mix-antakiu-pigmentu-hibridines-linijos-mini-rinkinys\/","title":{"rendered":"Etalon Mix uzacu pigmentu komplekts Hybrid Line Mini Set"},"content":{"rendered":"<p>\u0160aj\u0101 komplekt\u0101 ir 5 ml no katras no \u0161\u0101d\u0101m kr\u0101s\u0101m:<\/p>\n<h3 class=\"fusion-responsive-typography-calculated\" data-fontsize=\"25\" data-lineheight=\"33.75px\">Etalon Mix \u21161 - Lazdu rieksti<\/h3>\n<p>Univers\u0101ls pigments, kas ide\u0101li piem\u0113rots visiem \u0101das to\u0146iem.<\/p>\n<ul>\n<li>B\u0101ze: dzelten\u012bgi br\u016bna<\/li>\n<li>Viegli lietojams: rada silti br\u016bnu toni<\/li>\n<li>Bl\u012bvs pielietojums: br\u016bngani pel\u0113ks tonis<\/li>\n<\/ul>\n<h3 class=\"fusion-responsive-typography-calculated\" data-fontsize=\"25\" data-lineheight=\"33.75px\">Etalon Mix \u21162 - piena \u0161okol\u0101de<\/h3>\n<p>Ide\u0101la izv\u0113le nedaudz pel\u0113ku uzacu atsvaidzin\u0101\u0161anai.<\/p>\n<ul>\n<li>Tonis: silt\u0101kais palet\u0113<\/li>\n<li>Pamatne: oran\u017ea<\/li>\n<li>Ieteicams: cilv\u0113kiem ar rudiem matiem<\/li>\n<\/ul>\n<h3 class=\"fusion-responsive-typography-calculated\" data-fontsize=\"25\" data-lineheight=\"33.75px\">Etalon Mix \u21163 - Konjaks<\/h3>\n<p>Ide\u0101li piem\u0113rots cilv\u0113kiem ar ol\u012bvu \u0101das toni.<\/p>\n<ul>\n<li>Fons: sarkanbr\u016bns<\/li>\n<li>Lieto\u0161ana: lieliski piem\u0113rots tum\u0161i br\u016bnu plaksti\u0146u \u0113no\u0161anai<\/li>\n<li>Labi sader ar: # 1 lazdu riekstiem un # 4 gai\u0161i br\u016bniem riekstiem.<\/li>\n<\/ul>\n<h3 class=\"fusion-responsive-typography-calculated\" data-fontsize=\"25\" data-lineheight=\"33.75px\">Etalon Mix \u21164 - gai\u0161i br\u016bns<\/h3>\n<p>Ide\u0101li piem\u0113rots vecu uzacu tetov\u0113jumu p\u0101rkl\u0101\u0161anai siltos sarkanos to\u0146os.<\/p>\n<ul>\n<li>B\u0101ze: v\u0113s\u0101 dzelten\u0101 kr\u0101s\u0101<\/li>\n<li>Ide\u0101li piem\u0113rots: blond\u012bn\u0113m un cilv\u0113kiem ar sirmiem matiem<\/li>\n<li>Labi sader ar: \u21163 konjaka un \u21162 piena \u0161okol\u0101des.<\/li>\n<\/ul>\n<h3 class=\"fusion-responsive-typography-calculated\" data-fontsize=\"25\" data-lineheight=\"33.75px\">Etalon Mix \u21165 - tum\u0161\u0101 \u0161okol\u0101de<\/h3>\n<p>Tum\u0161\u0101kais un v\u0113s\u0101kais tonis palet\u0113.<\/p>\n<ul>\n<li>Lieto\u0161ana: var nosegt veco uzacu tetov\u0113jumu oran\u017e\u0101s nokr\u0101sas<\/li>\n<li>Ide\u0101li piem\u0113rots: plaksti\u0146u \u0113no\u0161anai<\/li>\n<li>Papildu pielietojums: neliel\u0101 daudzum\u0101 var izmantot, lai tum\u0161in\u0101tu silti br\u016bnus uzacu to\u0146us.<\/li>\n<\/ul>","protected":false},"excerpt":{"rendered":"<p>Mini komplekta hibr\u012bda s\u0113rija:<br \/>\n- Mais\u012bjums Nr. 1 \"Lazdu rieksti\";<br \/>\n- Mais\u012bjums Nr. 2 \"Piena \u0161okol\u0101de\";<br \/>\n- Mais\u012bjums Nr. 3 \"Konjaks\";<br \/>\n- Mais\u012bjums Nr. 4 \"Gai\u0161i br\u016bns\";<br \/>\n- Mais\u012bjums Nr. 5 \"Tum\u0161\u0101 \u0161okol\u0101de\";<\/p>","protected":false},"featured_media":26667,"comment_status":"open","ping_status":"closed","template":"","meta":[],"product_brand":[218],"product_cat":[112,285,215],"product_tag":[],"class_list":{"0":"post-26666","1":"product","2":"type-product","3":"status-publish","4":"has-post-thumbnail","6":"product_brand-etalon-mix","7":"product_cat-pigmentai","8":"product_cat-rinkiniai-sets","9":"product_cat-profesionalams","11":"first","12":"outofstock","13":"taxable","14":"shipping-taxable","15":"purchasable","16":"product-type-simple"},"_links":{"self":[{"href":"https:\/\/lemila.lt\/lv\/wp-json\/wp\/v2\/product\/26666","targetHints":{"allow":["GET"]}}],"collection":[{"href":"https:\/\/lemila.lt\/lv\/wp-json\/wp\/v2\/product"}],"about":[{"href":"https:\/\/lemila.lt\/lv\/wp-json\/wp\/v2\/types\/product"}],"replies":[{"embeddable":true,"href":"https:\/\/lemila.lt\/lv\/wp-json\/wp\/v2\/comments?post=26666"}],"version-history":[{"count":2,"href":"https:\/\/lemila.lt\/lv\/wp-json\/wp\/v2\/product\/26666\/revisions"}],"predecessor-version":[{"id":26733,"href":"https:\/\/lemila.lt\/lv\/wp-json\/wp\/v2\/product\/26666\/revisions\/26733"}],"wp:featuredmedia":[{"embeddable":true,"href":"https:\/\/lemila.lt\/lv\/wp-json\/wp\/v2\/media\/26667"}],"wp:attachment":[{"href":"https:\/\/lemila.lt\/lv\/wp-json\/wp\/v2\/media?parent=26666"}],"wp:term":[{"taxonomy":"product_brand","embeddable":true,"href":"https:\/\/lemila.lt\/lv\/wp-json\/wp\/v2\/product_brand?post=26666"},{"taxonomy":"product_cat","embeddable":true,"href":"https:\/\/lemila.lt\/lv\/wp-json\/wp\/v2\/product_cat?post=26666"},{"taxonomy":"product_tag","embeddable":true,"href":"https:\/\/lemila.lt\/lv\/wp-json\/wp\/v2\/product_tag?post=26666"}],"curies":[{"name":"wp","href":"https:\/\/api.w.org\/{rel}","templated":true}]}}