{"id":26661,"date":"2024-11-26T16:18:01","date_gmt":"2024-11-26T14:18:01","guid":{"rendered":"https:\/\/lemila.lt\/?post_type=product&#038;p=26661"},"modified":"2026-03-31T15:47:17","modified_gmt":"2026-03-31T12:47:17","slug":"hiperrealistinis-annos-kutsevolovos-rinkinys","status":"publish","type":"product","link":"https:\/\/lemila.lt\/lv\/product\/hiperrealistinis-annos-kutsevolovos-rinkinys\/","title":{"rendered":"Annas Kucevolovas hiperre\u0101listisk\u0101 kolekcija"},"content":{"rendered":"<p><strong>IESTAT\u012aT HIPERRE\u0100LISMU<\/strong>\u00a0(Hiperre\u0101listisk\u0101 kolekcija), autore Anna Kutsevolova<\/p>\n<p><strong>4 jauni 10 ml pigmenti. ilgnotur\u012bgam uzacu grimam<\/strong><\/p>\n<p><strong>AKMUO<\/strong><\/p>\n<p>Svaigs blond tonis. Ide\u0101li piem\u0113rots 2 Fitzpatrick. Ja v\u0113laties<br \/>\nbag\u0101t\u012bg\u0101kas, tum\u0161\u0101kas un v\u0113s\u0101kas kr\u0101sas, varat sajaukt.<br \/>\nar zemi.<\/p>\n<p><strong>SAND<\/strong><\/p>\n<p>\u0160ilt\u0101 blond\u0101 kr\u0101sa. Tas ir piem\u0113rots 1. un 2. tipa blond\u012bnei.<br \/>\nFitzpatrick. Lai ieg\u016btu bag\u0101t\u012bg\u0101ku toni, varat sajaukt ar Clay<br \/>\n. Ide\u0101li piem\u0113rots k\u0101 visgai\u0161\u0101kais tonis, str\u0101d\u0101jot.<br \/>\nar alop\u0113ciju<\/p>\n<p><strong>MOLIS<\/strong><\/p>\n<p>Univers\u0101ls silts br\u016bns tonis. Piem\u0113rots jebkuram<br \/>\nFitzpatrika tips, s\u0101kot no 3. Var izmantot<br \/>\nakcentu izvieto\u0161anai, str\u0101d\u0101jot ar<br \/>\nFitzpatrika 1. un 2. tips<\/p>\n<p><strong>HIGHWAY<\/strong><\/p>\n<p>Neitr\u0101la tum\u0161i br\u016bna kr\u0101sa. Ide\u0101li piem\u0113rots 5. un 6. tipam ar<br \/>\nFitzpatrick k\u0101 vad\u012bt\u0101jam. Tum\u0161\u0101kais<br \/>\nakcenta tonis darbam ar alop\u0113ciju.<br \/>\nIzcel\u0161ana darbam ar pigmentu C<\/p>","protected":false},"excerpt":{"rendered":"<p><strong>IESTAT\u012aT HIPERRE\u0100LISMU<\/strong>\u00a0(Hiperre\u0101listisk\u0101 kolekcija), autore Anna Kutsevolova<\/p>\n<p><strong>4 jauni 10 ml pigmenti. ilgnotur\u012bgam uzacu grimam<\/strong><\/p>\n<p><strong>AKMUO<\/strong><\/p>\n<p>Svaigs blond tonis. Ide\u0101li piem\u0113rots 2 Fitzpatrick. Ja v\u0113laties<br \/>\nbag\u0101t\u012bg\u0101kas, tum\u0161\u0101kas un v\u0113s\u0101kas kr\u0101sas, varat sajaukt.<br \/>\nar zemi.<\/p>\n<p><strong>SAND<\/strong><\/p>\n<p>\u0160ilt\u0101 blond\u0101 kr\u0101sa. Tas ir piem\u0113rots 1. un 2. tipa blond\u012bnei.<br \/>\nFitzpatrick. Lai ieg\u016btu bag\u0101t\u012bg\u0101ku toni, varat sajaukt ar Clay<br \/>\n. Ide\u0101li piem\u0113rots k\u0101 visgai\u0161\u0101kais tonis, str\u0101d\u0101jot.<br \/>\nar alop\u0113ciju<\/p>\n<p><strong>MOLIS<\/strong><\/p>\n<p>Univers\u0101ls silts br\u016bns tonis. Piem\u0113rots jebkuram<br \/>\nFitzpatrika tips, s\u0101kot no 3. Var izmantot<br \/>\nakcentu izvieto\u0161anai, str\u0101d\u0101jot ar<br \/>\nFitzpatrika 1. un 2. tips<\/p>\n<p><strong>HIGHWAY<\/strong><\/p>\n<p>Neitr\u0101la tum\u0161i br\u016bna kr\u0101sa. Ide\u0101li piem\u0113rots 5. un 6. tipam ar<br \/>\nFitzpatrick k\u0101 vad\u012bt\u0101jam. Tum\u0161\u0101kais<br \/>\nakcenta tonis darbam ar alop\u0113ciju.<br \/>\nIzcel\u0161ana darbam ar pigmentu C<\/p>","protected":false},"featured_media":26662,"comment_status":"open","ping_status":"closed","template":"","meta":[],"product_brand":[218],"product_cat":[112,285,215],"product_tag":[],"class_list":{"0":"post-26661","1":"product","2":"type-product","3":"status-publish","4":"has-post-thumbnail","6":"product_brand-etalon-mix","7":"product_cat-pigmentai","8":"product_cat-rinkiniai-sets","9":"product_cat-profesionalams","11":"first","12":"instock","13":"sale","14":"taxable","15":"shipping-taxable","16":"purchasable","17":"product-type-simple"},"_links":{"self":[{"href":"https:\/\/lemila.lt\/lv\/wp-json\/wp\/v2\/product\/26661","targetHints":{"allow":["GET"]}}],"collection":[{"href":"https:\/\/lemila.lt\/lv\/wp-json\/wp\/v2\/product"}],"about":[{"href":"https:\/\/lemila.lt\/lv\/wp-json\/wp\/v2\/types\/product"}],"replies":[{"embeddable":true,"href":"https:\/\/lemila.lt\/lv\/wp-json\/wp\/v2\/comments?post=26661"}],"version-history":[{"count":3,"href":"https:\/\/lemila.lt\/lv\/wp-json\/wp\/v2\/product\/26661\/revisions"}],"predecessor-version":[{"id":27581,"href":"https:\/\/lemila.lt\/lv\/wp-json\/wp\/v2\/product\/26661\/revisions\/27581"}],"wp:featuredmedia":[{"embeddable":true,"href":"https:\/\/lemila.lt\/lv\/wp-json\/wp\/v2\/media\/26662"}],"wp:attachment":[{"href":"https:\/\/lemila.lt\/lv\/wp-json\/wp\/v2\/media?parent=26661"}],"wp:term":[{"taxonomy":"product_brand","embeddable":true,"href":"https:\/\/lemila.lt\/lv\/wp-json\/wp\/v2\/product_brand?post=26661"},{"taxonomy":"product_cat","embeddable":true,"href":"https:\/\/lemila.lt\/lv\/wp-json\/wp\/v2\/product_cat?post=26661"},{"taxonomy":"product_tag","embeddable":true,"href":"https:\/\/lemila.lt\/lv\/wp-json\/wp\/v2\/product_tag?post=26661"}],"curies":[{"name":"wp","href":"https:\/\/api.w.org\/{rel}","templated":true}]}}