{"id":26655,"date":"2024-11-26T16:08:28","date_gmt":"2024-11-26T14:08:28","guid":{"rendered":"https:\/\/lemila.lt\/?post_type=product&#038;p=26655"},"modified":"2026-03-04T20:07:54","modified_gmt":"2026-03-04T18:07:54","slug":"lupu-pigmentu-rinkinys-etalon-mix-antonina-andrusenko","status":"publish","type":"product","link":"https:\/\/lemila.lt\/lv\/product\/lupu-pigmentu-rinkinys-etalon-mix-antonina-andrusenko\/","title":{"rendered":"L\u016bpu pigmentu komplekts ETALON MIX &amp; ANTONINA ANDRUSENKO"},"content":{"rendered":"<p><strong>AUSTR\u0100LIJA<\/strong><\/p>\n<p>V\u0113ss, dzi\u013c\u0161, pies\u0101tin\u0101ts v\u012bna tonis, kas lieliski piem\u0113rots akvare\u013ckr\u0101s\u0101m vai da\u013c\u0113ji mat\u0113t\u0101m l\u016bp\u0101m. Ide\u0101li piem\u0113rots blond\u012bn\u0113m vai klientiem ar tum\u0161iem matiem, br\u016bn\u0101m ac\u012bm un gai\u0161u \u0101du. Nav ieteicams tie\u0161ai uzkl\u0101\u0161anai uz novecojo\u0161\u0101m, pl\u0101n\u0101m vai v\u0113s\u0101 ton\u012b iekr\u0101sot\u0101m l\u016bp\u0101m. Labi sapl\u016bst ar visiem paletes to\u0146iem.<\/p>\n<hr \/>\n<p><strong>EUROPA<\/strong><\/p>\n<p>Tum\u0161s, pies\u0101tin\u0101ts, putek\u013cains roz\u0101-sarkanbr\u016bns tonis, kas jebkurai paletes kr\u0101sai pie\u0161\u0137ir v\u0113su toni. Neizmantojiet \u0161o toni atsevi\u0161\u0137i, ja v\u0113laties ieg\u016bt v\u0113s\u0101 ton\u012b iekr\u0101sotu l\u016bpu vai l\u016bpu kr\u0101sas efektu. Tas ir nepiecie\u0161ams, lai rad\u012btu sare\u017e\u0123\u012bt\u0101kus to\u0146us. Piem\u0113rots gai\u0161ai l\u012bdz vid\u0113ji gai\u0161ai \u0101dai, l\u012bdz Fitzpatrika 4. tipam.<\/p>\n<hr \/>\n<p><strong>ASIA<\/strong><\/p>\n<p>Sul\u012bgs, ziedu tonis un neitr\u0101ls pl\u016bksni\u0146\u0161 palet\u0113. To var pievienot jebkuram mais\u012bjumam, lai rad\u012btu papildino\u0161us to\u0146us, vai izmantot atsevi\u0161\u0137i, lai labi pies\u0101tin\u0101tu l\u016bpas.<\/p>\n<hr \/>\n<p><strong>AFRIKA<\/strong><\/p>\n<p>Spilgts, vid\u0113ji pies\u0101tin\u0101ts tum\u0161i sarkans tonis. Ide\u0101li piem\u0113rots tum\u0161u, v\u0113su to\u0146u l\u016bpu neitraliz\u0113\u0161anai kombin\u0101cij\u0101 ar Etalon Mix korektoriem. Var izmantot atsevi\u0161\u0137i akvare\u013cu tehnik\u0101m vai k\u0101 spilgtu papildin\u0101jumu gai\u0161\u0101ku to\u0146u palet\u0113.<\/p>\n<hr \/>\n<p><strong>AMERIKA<\/strong><\/p>\n<p>Necaursp\u012bd\u012bgs, auksts, gai\u0161i putek\u013caini roz\u0101. Var izmantot k\u0101 b\u0101zes kr\u0101su kombin\u0101cij\u0101 ar citiem paletes to\u0146iem, efekt\u012bva depigment\u0101cijas, Fordyce plankumu, r\u0113tu un citu l\u016bpu nel\u012bdzenumu gad\u012bjum\u0101.<\/p>\n<hr \/>\n<p><strong>ATLANTIS<\/strong><\/p>\n<p>Necaursp\u012bd\u012bgs, neitr\u0101ls, gai\u0161i putek\u013cains roz\u0101 b\u0113\u0161s tonis. Ide\u0101li piem\u0113rots k\u0101 izgaismot\u0101js, kombin\u0113jot ar citiem paletes pigmentiem, vai k\u0101 apdares k\u0101rta maigam sat\u012bna efektam.<\/p>","protected":false},"excerpt":{"rendered":"<p><strong>LIGHT SERIES<\/strong>\u00a0\u00a0- hibr\u012bda l\u016bpu pigmentu kl\u0101sts. Pateicoties unik\u0101lajai formulai un ra\u017eo\u0161anas metodei, \u0161iem pigmentiem ir izsmalcin\u0101ta tekst\u016bra, kas gludi sl\u012bd pa l\u016bp\u0101m, radot \"otr\u0101s \u0101das\" efektu un pie\u0161\u0137irot apjomu bez pikse\u013ciem.<\/p>\n<p>\u0160ie modernie, ekskluz\u012bvie to\u0146i pie\u0161\u0137ir l\u016bp\u0101m neatk\u0101rtojamu izskatu, \u013caujot jums rad\u012bt dabiskus rezult\u0101tus, kas izce\u013c katra klienta dabisko skaistumu.<\/p>\n<p>\u0160is komplekts sast\u0101v no 6 moderniem to\u0146iem 10 ml pudel\u012bt\u0113s ar ekskluz\u012bvu apdari.<\/p>","protected":false},"featured_media":26656,"comment_status":"open","ping_status":"closed","template":"","meta":[],"product_brand":[218],"product_cat":[112,285,215],"product_tag":[],"class_list":{"0":"post-26655","1":"product","2":"type-product","3":"status-publish","4":"has-post-thumbnail","6":"product_brand-etalon-mix","7":"product_cat-pigmentai","8":"product_cat-rinkiniai-sets","9":"product_cat-profesionalams","11":"first","12":"instock","13":"sale","14":"taxable","15":"shipping-taxable","16":"purchasable","17":"product-type-simple"},"_links":{"self":[{"href":"https:\/\/lemila.lt\/lv\/wp-json\/wp\/v2\/product\/26655","targetHints":{"allow":["GET"]}}],"collection":[{"href":"https:\/\/lemila.lt\/lv\/wp-json\/wp\/v2\/product"}],"about":[{"href":"https:\/\/lemila.lt\/lv\/wp-json\/wp\/v2\/types\/product"}],"replies":[{"embeddable":true,"href":"https:\/\/lemila.lt\/lv\/wp-json\/wp\/v2\/comments?post=26655"}],"version-history":[{"count":3,"href":"https:\/\/lemila.lt\/lv\/wp-json\/wp\/v2\/product\/26655\/revisions"}],"predecessor-version":[{"id":26735,"href":"https:\/\/lemila.lt\/lv\/wp-json\/wp\/v2\/product\/26655\/revisions\/26735"}],"wp:featuredmedia":[{"embeddable":true,"href":"https:\/\/lemila.lt\/lv\/wp-json\/wp\/v2\/media\/26656"}],"wp:attachment":[{"href":"https:\/\/lemila.lt\/lv\/wp-json\/wp\/v2\/media?parent=26655"}],"wp:term":[{"taxonomy":"product_brand","embeddable":true,"href":"https:\/\/lemila.lt\/lv\/wp-json\/wp\/v2\/product_brand?post=26655"},{"taxonomy":"product_cat","embeddable":true,"href":"https:\/\/lemila.lt\/lv\/wp-json\/wp\/v2\/product_cat?post=26655"},{"taxonomy":"product_tag","embeddable":true,"href":"https:\/\/lemila.lt\/lv\/wp-json\/wp\/v2\/product_tag?post=26655"}],"curies":[{"name":"wp","href":"https:\/\/api.w.org\/{rel}","templated":true}]}}