{"id":26469,"date":"2024-10-06T21:24:45","date_gmt":"2024-10-06T18:24:45","guid":{"rendered":"https:\/\/lemila.lt\/?post_type=product&#038;p=26469"},"modified":"2026-05-01T21:57:44","modified_gmt":"2026-05-01T18:57:44","slug":"etalon-mix-cartridgai","status":"publish","type":"product","link":"https:\/\/lemila.lt\/lv\/product\/etalon-mix-cartridgai\/","title":{"rendered":"Etalon mais\u012bjuma k\u0101rtrid\u017ei"},"content":{"rendered":"<p>Ieguvumi:<br \/>\nkr\u0101sa tiek uzkl\u0101ta vienm\u0113r\u012bgi un bez izsm\u0113r\u0113jumiem, pateicoties iztur\u012bg\u0101m adat\u0101m, kas ir r\u016bp\u012bgi pielod\u0113tas un uzasin\u0101tas. Kasetnes izsmidzin\u0101t\u0101js ir noapa\u013cots. Tie ir izgatavoti no augstas kvalit\u0101tes materi\u0101liem, steriliz\u0113ti un atsevi\u0161\u0137i iepakoti. Kasetnes plastmasa ir augstas kvalit\u0101tes un iztur\u012bga pret nodilumu.<\/p>\n<p>Daudzums iepakojum\u0101 - 16 gab.<\/p>","protected":false},"excerpt":{"rendered":"<p>Paaugstiniet savu veiktsp\u0113ju un p\u0101rliec\u012bbu par sevi jaun\u0101 l\u012bmen\u012b, izmantojot Etalon Mix kasetnes.<\/p>","protected":false},"featured_media":26470,"comment_status":"open","ping_status":"closed","template":"","meta":[],"product_brand":[218],"product_cat":[262,215],"product_tag":[],"class_list":{"0":"post-26469","1":"product","2":"type-product","3":"status-publish","4":"has-post-thumbnail","6":"product_brand-etalon-mix","7":"product_cat-adatos-kartridzai","8":"product_cat-profesionalams","10":"first","11":"instock","12":"sale","13":"taxable","14":"shipping-taxable","15":"purchasable","16":"product-type-variable"},"_links":{"self":[{"href":"https:\/\/lemila.lt\/lv\/wp-json\/wp\/v2\/product\/26469","targetHints":{"allow":["GET"]}}],"collection":[{"href":"https:\/\/lemila.lt\/lv\/wp-json\/wp\/v2\/product"}],"about":[{"href":"https:\/\/lemila.lt\/lv\/wp-json\/wp\/v2\/types\/product"}],"replies":[{"embeddable":true,"href":"https:\/\/lemila.lt\/lv\/wp-json\/wp\/v2\/comments?post=26469"}],"version-history":[{"count":3,"href":"https:\/\/lemila.lt\/lv\/wp-json\/wp\/v2\/product\/26469\/revisions"}],"predecessor-version":[{"id":26486,"href":"https:\/\/lemila.lt\/lv\/wp-json\/wp\/v2\/product\/26469\/revisions\/26486"}],"wp:featuredmedia":[{"embeddable":true,"href":"https:\/\/lemila.lt\/lv\/wp-json\/wp\/v2\/media\/26470"}],"wp:attachment":[{"href":"https:\/\/lemila.lt\/lv\/wp-json\/wp\/v2\/media?parent=26469"}],"wp:term":[{"taxonomy":"product_brand","embeddable":true,"href":"https:\/\/lemila.lt\/lv\/wp-json\/wp\/v2\/product_brand?post=26469"},{"taxonomy":"product_cat","embeddable":true,"href":"https:\/\/lemila.lt\/lv\/wp-json\/wp\/v2\/product_cat?post=26469"},{"taxonomy":"product_tag","embeddable":true,"href":"https:\/\/lemila.lt\/lv\/wp-json\/wp\/v2\/product_tag?post=26469"}],"curies":[{"name":"wp","href":"https:\/\/api.w.org\/{rel}","templated":true}]}}