{"id":26148,"date":"2024-06-30T19:20:08","date_gmt":"2024-06-30T16:20:08","guid":{"rendered":"https:\/\/lemila.lt\/?post_type=product&#038;p=26148"},"modified":"2026-03-22T22:29:02","modified_gmt":"2026-03-22T20:29:02","slug":"hadat-cosmetics-hydro-deep-repair-hair-treatment-giliai-atkurianti-plauku-kauke-250-ml","status":"publish","type":"product","link":"https:\/\/lemila.lt\/lv\/product\/hadat-cosmetics-hydro-deep-repair-hair-treatment-giliai-atkurianti-plauku-kauke-250-ml\/","title":{"rendered":"HADAT COSMETICS HYDRO DEEP REPAIR HAIR TREATMENT - DZI\u013bI ATJAUNOJO\u0160A MATU MASKA 250 ML"},"content":{"rendered":"<p>Efekt\u012bva un daudzfunkcion\u0101la maska visiem boj\u0101tu matu tipiem pal\u012bdz saglab\u0101t kr\u0101sotu matu kr\u0101su, intens\u012bvi mitrina matus un galvas \u0101du, dzi\u013ci baro un atjauno sp\u012bdumu, elast\u012bbu un m\u012bkstumu. Maska atjauno matus \u0161\u016bnu l\u012bmen\u012b. T\u0101 neat\u0146em matu \u0161\u0137ipsn\u0101m apjomu neatkar\u012bgi no iedarb\u012bbas intensit\u0101tes. Maskas formulas sast\u0101v\u0101 eso\u0161\u0101s a\u013c\u0123es un makad\u0101mijas, kokvilnas, jojobas, avokado un argana e\u013c\u013cas baro un aizsarg\u0101 jut\u012bgu, porainu matu strukt\u016bru, atjaunojot to vitalit\u0101ti.<\/p>\n<p>Sast\u0101vda\u013cas:<\/p>\n<p>Makad\u0101mijas e\u013c\u013ca - bag\u0101ta ar sk\u0101b\u0113m, vitam\u012bniem un mikroelementiem sausu matu atjauno\u0161anai. E\u013c\u013ca lieliski pies\u0101tina matus ar mitrumu un atdz\u012bvina tos. Izz\u016bd matus un tie k\u013c\u016bst vesel\u012bgi sp\u012bd\u012bgi.<\/p>\n<p>Hidroliz\u0113ts z\u012bds - prote\u012bni var iek\u013c\u016bt dzi\u013ci matu kutikul\u0101, atjaunojot matu garozu un galvas \u0101das hidrolip\u012bdu l\u012bdzsvaru.<\/p>\n<p>Hidroliz\u0113ts kolag\u0113ns ir struktur\u0101ls prote\u012bns, kas tie\u0161i ietekm\u0113 galvas \u0101das un matu funkcion\u0101lo st\u0101vokli, stimul\u0113 galvas \u0101das atjauno\u0161anos un kompens\u0113 aminosk\u0101bju zudumu galvas \u0101d\u0101.<\/p>\n<p>Hialuronsk\u0101be ir svar\u012bgs l\u012bdzeklis mitruma saglab\u0101\u0161anai matos. Regul\u0101ras hialuronsk\u0101bes proced\u016bras nodro\u0161ina matu sp\u012bdumu un elast\u012bbu.<\/p>\n<p>Lieto\u0161ana:<\/p>\n<p>Uzkl\u0101jiet masku uz matiem un galvas \u0101das p\u0113c mazg\u0101\u0161anas ar \u0161amp\u016bnu, viegli iemas\u0113jiet \u0101d\u0101 un atst\u0101jiet uz 10-15 min\u016bt\u0113m. Noskalojiet.<br \/>\nPiem\u0113rots visiem matu tipiem.<\/p>","protected":false},"excerpt":{"rendered":"<p>Efekt\u012bva un daudzfunkcion\u0101la maska visiem boj\u0101tu matu tipiem, t\u0101 pal\u012bdz saglab\u0101t kr\u0101sotu matu kr\u0101su, intens\u012bvi mitrina matus un galvas \u0101du, dzi\u013ci baro, atjauno sp\u012bdumu, elast\u012bbu un m\u012bkstumu.<\/p>","protected":false},"featured_media":26149,"comment_status":"open","ping_status":"closed","template":"","meta":[],"product_brand":[222],"product_cat":[111,243],"product_tag":[],"class_list":{"0":"post-26148","1":"product","2":"type-product","3":"status-publish","4":"has-post-thumbnail","6":"product_brand-hadat","7":"product_cat-plaukams","8":"product_cat-plauku-kaukes","10":"first","11":"outofstock","12":"sale","13":"taxable","14":"shipping-taxable","15":"purchasable","16":"product-type-simple"},"_links":{"self":[{"href":"https:\/\/lemila.lt\/lv\/wp-json\/wp\/v2\/product\/26148","targetHints":{"allow":["GET"]}}],"collection":[{"href":"https:\/\/lemila.lt\/lv\/wp-json\/wp\/v2\/product"}],"about":[{"href":"https:\/\/lemila.lt\/lv\/wp-json\/wp\/v2\/types\/product"}],"replies":[{"embeddable":true,"href":"https:\/\/lemila.lt\/lv\/wp-json\/wp\/v2\/comments?post=26148"}],"version-history":[{"count":3,"href":"https:\/\/lemila.lt\/lv\/wp-json\/wp\/v2\/product\/26148\/revisions"}],"predecessor-version":[{"id":28609,"href":"https:\/\/lemila.lt\/lv\/wp-json\/wp\/v2\/product\/26148\/revisions\/28609"}],"wp:featuredmedia":[{"embeddable":true,"href":"https:\/\/lemila.lt\/lv\/wp-json\/wp\/v2\/media\/26149"}],"wp:attachment":[{"href":"https:\/\/lemila.lt\/lv\/wp-json\/wp\/v2\/media?parent=26148"}],"wp:term":[{"taxonomy":"product_brand","embeddable":true,"href":"https:\/\/lemila.lt\/lv\/wp-json\/wp\/v2\/product_brand?post=26148"},{"taxonomy":"product_cat","embeddable":true,"href":"https:\/\/lemila.lt\/lv\/wp-json\/wp\/v2\/product_cat?post=26148"},{"taxonomy":"product_tag","embeddable":true,"href":"https:\/\/lemila.lt\/lv\/wp-json\/wp\/v2\/product_tag?post=26148"}],"curies":[{"name":"wp","href":"https:\/\/api.w.org\/{rel}","templated":true}]}}