{"id":26047,"date":"2024-06-10T13:05:05","date_gmt":"2024-06-10T10:05:05","guid":{"rendered":"https:\/\/lemila.lt\/?post_type=product&#038;p=26047"},"modified":"2026-03-15T16:57:40","modified_gmt":"2026-03-15T14:57:40","slug":"beauty-of-joseon-relief-sun-rice-probiotics-spf50-pa-apsauginis-kremas-50-ml","status":"publish","type":"product","link":"https:\/\/lemila.lt\/lv\/product\/beauty-of-joseon-relief-sun-rice-probiotics-spf50-pa-apsauginis-kremas-50-ml\/","title":{"rendered":"Beauty of Joseon Relief Sun Rice &amp; Probiotics SPF50+ PA++++ SPF 50 ml"},"content":{"rendered":"<div>Sniedz \u0101dai mirdzuma efektu. Satur 30% r\u012bsu ekstraktu, kas satur B, C, E vitam\u012bnus, aminosk\u0101bes, miner\u0101lvielas, kas mitrina un stiprina \u0101du. Satur ar\u012b probiotikas, kas stiprina \u0101das aizsargbarjeru. Kr\u0113ms ir \u012bpa\u0161i piem\u0113rots jut\u012bgai, dehidr\u0113tai un rozacejas slimnieku \u0101dai, bet b\u016bs piem\u0113rots visiem \u0101das tipiem. \u0160is Beauty Of Joseon SPF kr\u0113ms ir ide\u0101li piem\u0113rots ar\u012b tiem, kuru \u0101dai ir nosliece uz izsitumiem, k\u0101 ar\u012b jauktai un taukainai \u0101dai un visiem citiem \u0101das tipiem.<\/div>\n<div><\/div>\n<div>\n<p>&nbsp;<\/p>\n<p>Lieto\u0161ana:<\/p>\n<p>Uzkl\u0101jiet kr\u0113mu uz t\u012bras \u0101das apm\u0113ram 15 min\u016btes pirms do\u0161an\u0101s \u0101r\u0101. Pirms turpin\u0101t lietot citus kosm\u0113tikas l\u012bdzek\u013cus, pagaidiet, l\u012bdz kr\u0113ms ies\u016bcas \u0101d\u0101.<\/p>\n<p>&nbsp;<\/p>\n<\/div>\n<div><\/div>\n<div><\/div>\n<div><\/div>\n<div><\/div>\n<div>Sast\u0101vs:<\/div>\n<div><\/div>\n<div>\u016adens, Oryza Sativa (r\u012bsu) ekstrakts (30%), dibutiladip\u0101ts, propandiols, dietilaminohidroksibenzola heksilbenzola benzo\u0101ts, polimetilsilskvioks\u0101ns, etilheksiltriazons, niac\u012bnam\u012bds, metil\u0113nbis-benzotriazoliltetrametilbutilfenols, kokokapril\u0101ts\/kapr\u0101ts, kaprilmetilmetikons, Dietilheksilbutamido triazons, glicer\u012bns, butil\u0113nglikols, Oryza Sativa (r\u012bsu) d\u012bgstu ekstrakts, Camellia Sinensis lapu ekstrakts, Lactobacillus\/\u0137irbju fermentu ekstrakts, Bacillus\/sojas pupi\u0146u fermentu ekstrakts, Saccharum Officinarum (cukurniedru) ekstrakts, Macrocystis Pyrifera (j\u016brasz\u0101\u013cu ekstrakts), Cocos Nucifera (Coconut) aug\u013cu ekstrakts, Panax Ginseng sak\u0146u ekstrakts, Camellia Sinensis lapu ekstrakts, Monascus\/Rice ferments, Pentil\u0113nglikols, Behenilalkools, Behenilalkohols, Polikil C10-30 alkilakril\u0101ts, Poligliceril-3 metilglikozes distear\u0101ts, Decilglikoz\u012bds, Trometam\u012bns, karbom\u0113rs, akril\u0101tu\/C10-30 alkilakril\u0101ta krosspolim\u0113rs, 1,2-heksandiols, n\u0101trija stearoilglutam\u0101ts, poliakril\u0101ta krosspolim\u0113rs-6, etilheksilglicer\u012bns, adenoz\u012bns, ksant\u0101na sve\u0137i, tokoferols, Lactobacillus\/r\u012bsu ferments, Aspergillus ferments, Saccharomyces\/r\u012bsu fermenta filtr\u0101ts.<\/div>\n<div><\/div>\n<div>Izcelsmes valsts: Dienvidkoreja<\/div>","protected":false},"excerpt":{"rendered":"<p>BEAUTY OF JOSEON Relief Sun Rice &amp; Probiotics SPF 50+ PA++++ - Viegls saules aizsargkr\u0113ms. Kr\u0113ms labi uzs\u016bcas un pie\u0161\u0137ir \u0101dai dabisku mirdzumu, neatst\u0101jot baltu pl\u012bvuru vai lip\u012bgumu. Piem\u0113rots lieto\u0161anai pirms kosm\u0113tikas.<\/p>","protected":false},"featured_media":26048,"comment_status":"open","ping_status":"closed","template":"","meta":[],"product_brand":[281],"product_cat":[280,114],"product_tag":[],"class_list":{"0":"post-26047","1":"product","2":"type-product","3":"status-publish","4":"has-post-thumbnail","6":"product_brand-beauty-of-joseon","7":"product_cat-apsauga-nuo-saules","8":"product_cat-veidui","10":"first","11":"outofstock","12":"sale","13":"taxable","14":"shipping-taxable","15":"purchasable","16":"product-type-simple"},"_links":{"self":[{"href":"https:\/\/lemila.lt\/lv\/wp-json\/wp\/v2\/product\/26047","targetHints":{"allow":["GET"]}}],"collection":[{"href":"https:\/\/lemila.lt\/lv\/wp-json\/wp\/v2\/product"}],"about":[{"href":"https:\/\/lemila.lt\/lv\/wp-json\/wp\/v2\/types\/product"}],"replies":[{"embeddable":true,"href":"https:\/\/lemila.lt\/lv\/wp-json\/wp\/v2\/comments?post=26047"}],"version-history":[{"count":8,"href":"https:\/\/lemila.lt\/lv\/wp-json\/wp\/v2\/product\/26047\/revisions"}],"predecessor-version":[{"id":26058,"href":"https:\/\/lemila.lt\/lv\/wp-json\/wp\/v2\/product\/26047\/revisions\/26058"}],"wp:featuredmedia":[{"embeddable":true,"href":"https:\/\/lemila.lt\/lv\/wp-json\/wp\/v2\/media\/26048"}],"wp:attachment":[{"href":"https:\/\/lemila.lt\/lv\/wp-json\/wp\/v2\/media?parent=26047"}],"wp:term":[{"taxonomy":"product_brand","embeddable":true,"href":"https:\/\/lemila.lt\/lv\/wp-json\/wp\/v2\/product_brand?post=26047"},{"taxonomy":"product_cat","embeddable":true,"href":"https:\/\/lemila.lt\/lv\/wp-json\/wp\/v2\/product_cat?post=26047"},{"taxonomy":"product_tag","embeddable":true,"href":"https:\/\/lemila.lt\/lv\/wp-json\/wp\/v2\/product_tag?post=26047"}],"curies":[{"name":"wp","href":"https:\/\/api.w.org\/{rel}","templated":true}]}}