{"id":26028,"date":"2024-06-05T17:07:14","date_gmt":"2024-06-05T14:07:14","guid":{"rendered":"https:\/\/lemila.lt\/?post_type=product&#038;p=26028"},"modified":"2026-02-06T20:02:42","modified_gmt":"2026-02-06T18:02:42","slug":"australia-by-antonina-andrusenko-1-10ml","status":"publish","type":"product","link":"https:\/\/lemila.lt\/lv\/product\/australia-by-antonina-andrusenko-1-10ml\/","title":{"rendered":"\"Austr\u0101lija\" By Antonina Andrusenko, 1\/10ml."},"content":{"rendered":"","protected":false},"excerpt":{"rendered":"<ul>\n<li>V\u0113ss, pies\u0101tin\u0101ts v\u012bna tonis. Ieteicams akvare\u013ckr\u0101sas un da\u013c\u0113ji l\u016bpu kr\u0101sas efektam uz l\u016bp\u0101m.<\/li>\n<li>Ide\u0101li piem\u0113rots blond\u012bn\u0113m vai klientiem ar tum\u0161iem matiem, br\u016bn\u0101m ac\u012bm un gai\u0161u \u0101du. To nav ieteicams lietot t\u012br\u0101 veid\u0101 uz novecojo\u0161\u0101m, pl\u0101n\u0101m un aukst\u0101m l\u016bp\u0101m.<\/li>\n<li>Perfekti sapl\u016bst ar vis\u0101m paletes kr\u0101s\u0101m.<\/li>\n<\/ul>","protected":false},"featured_media":26029,"comment_status":"open","ping_status":"closed","template":"","meta":[],"product_brand":[218],"product_cat":[279,208,112,215],"product_tag":[],"class_list":{"0":"post-26028","1":"product","2":"type-product","3":"status-publish","4":"has-post-thumbnail","6":"product_brand-etalon-mix","7":"product_cat-antonina-andrusenko","8":"product_cat-lupu-pigmentai","9":"product_cat-pigmentai","10":"product_cat-profesionalams","12":"first","13":"instock","14":"taxable","15":"shipping-taxable","16":"purchasable","17":"product-type-simple"},"_links":{"self":[{"href":"https:\/\/lemila.lt\/lv\/wp-json\/wp\/v2\/product\/26028","targetHints":{"allow":["GET"]}}],"collection":[{"href":"https:\/\/lemila.lt\/lv\/wp-json\/wp\/v2\/product"}],"about":[{"href":"https:\/\/lemila.lt\/lv\/wp-json\/wp\/v2\/types\/product"}],"replies":[{"embeddable":true,"href":"https:\/\/lemila.lt\/lv\/wp-json\/wp\/v2\/comments?post=26028"}],"version-history":[{"count":4,"href":"https:\/\/lemila.lt\/lv\/wp-json\/wp\/v2\/product\/26028\/revisions"}],"predecessor-version":[{"id":28266,"href":"https:\/\/lemila.lt\/lv\/wp-json\/wp\/v2\/product\/26028\/revisions\/28266"}],"wp:featuredmedia":[{"embeddable":true,"href":"https:\/\/lemila.lt\/lv\/wp-json\/wp\/v2\/media\/26029"}],"wp:attachment":[{"href":"https:\/\/lemila.lt\/lv\/wp-json\/wp\/v2\/media?parent=26028"}],"wp:term":[{"taxonomy":"product_brand","embeddable":true,"href":"https:\/\/lemila.lt\/lv\/wp-json\/wp\/v2\/product_brand?post=26028"},{"taxonomy":"product_cat","embeddable":true,"href":"https:\/\/lemila.lt\/lv\/wp-json\/wp\/v2\/product_cat?post=26028"},{"taxonomy":"product_tag","embeddable":true,"href":"https:\/\/lemila.lt\/lv\/wp-json\/wp\/v2\/product_tag?post=26028"}],"curies":[{"name":"wp","href":"https:\/\/api.w.org\/{rel}","templated":true}]}}