{"id":26025,"date":"2024-06-05T17:05:12","date_gmt":"2024-06-05T14:05:12","guid":{"rendered":"https:\/\/lemila.lt\/?post_type=product&#038;p=26025"},"modified":"2026-02-21T17:40:08","modified_gmt":"2026-02-21T15:40:08","slug":"america-by-antonina-andrusenko-1-10ml","status":"publish","type":"product","link":"https:\/\/lemila.lt\/lv\/product\/america-by-antonina-andrusenko-1-10ml\/","title":{"rendered":"\"America\" By Antonina Andrusenko, 1\/10ml."},"content":{"rendered":"","protected":false},"excerpt":{"rendered":"<ul>\n<li>Auksti necaursp\u012bd\u012bgs gai\u0161i putek\u013cains roz\u0101.<\/li>\n<li>Var izmantot k\u0101 b\u0101zes kr\u0101su, lai izveidotu papildu to\u0146us kombin\u0101cij\u0101 ar cit\u0101m l\u012bnijas kr\u0101s\u0101m.<\/li>\n<li>Lieliski nosedz depigment\u0101cijas, Fordyce granulas, r\u0113tas un citas l\u016bpu nepiln\u012bbas.<\/li>\n<\/ul>","protected":false},"featured_media":26026,"comment_status":"open","ping_status":"closed","template":"","meta":[],"product_brand":[218],"product_cat":[279,208,112,215],"product_tag":[],"class_list":{"0":"post-26025","1":"product","2":"type-product","3":"status-publish","4":"has-post-thumbnail","6":"product_brand-etalon-mix","7":"product_cat-antonina-andrusenko","8":"product_cat-lupu-pigmentai","9":"product_cat-pigmentai","10":"product_cat-profesionalams","12":"first","13":"instock","14":"taxable","15":"shipping-taxable","16":"purchasable","17":"product-type-simple"},"_links":{"self":[{"href":"https:\/\/lemila.lt\/lv\/wp-json\/wp\/v2\/product\/26025","targetHints":{"allow":["GET"]}}],"collection":[{"href":"https:\/\/lemila.lt\/lv\/wp-json\/wp\/v2\/product"}],"about":[{"href":"https:\/\/lemila.lt\/lv\/wp-json\/wp\/v2\/types\/product"}],"replies":[{"embeddable":true,"href":"https:\/\/lemila.lt\/lv\/wp-json\/wp\/v2\/comments?post=26025"}],"version-history":[{"count":3,"href":"https:\/\/lemila.lt\/lv\/wp-json\/wp\/v2\/product\/26025\/revisions"}],"predecessor-version":[{"id":28267,"href":"https:\/\/lemila.lt\/lv\/wp-json\/wp\/v2\/product\/26025\/revisions\/28267"}],"wp:featuredmedia":[{"embeddable":true,"href":"https:\/\/lemila.lt\/lv\/wp-json\/wp\/v2\/media\/26026"}],"wp:attachment":[{"href":"https:\/\/lemila.lt\/lv\/wp-json\/wp\/v2\/media?parent=26025"}],"wp:term":[{"taxonomy":"product_brand","embeddable":true,"href":"https:\/\/lemila.lt\/lv\/wp-json\/wp\/v2\/product_brand?post=26025"},{"taxonomy":"product_cat","embeddable":true,"href":"https:\/\/lemila.lt\/lv\/wp-json\/wp\/v2\/product_cat?post=26025"},{"taxonomy":"product_tag","embeddable":true,"href":"https:\/\/lemila.lt\/lv\/wp-json\/wp\/v2\/product_tag?post=26025"}],"curies":[{"name":"wp","href":"https:\/\/api.w.org\/{rel}","templated":true}]}}