{"id":26022,"date":"2024-06-05T17:03:09","date_gmt":"2024-06-05T14:03:09","guid":{"rendered":"https:\/\/lemila.lt\/?post_type=product&#038;p=26022"},"modified":"2026-04-09T17:07:15","modified_gmt":"2026-04-09T14:07:15","slug":"atlantis-by-antonina-andrusenko-1-10ml","status":"publish","type":"product","link":"https:\/\/lemila.lt\/lv\/product\/atlantis-by-antonina-andrusenko-1-10ml\/","title":{"rendered":"\"Atlantis\" By Antonina Andrusenko, 1\/10ml."},"content":{"rendered":"","protected":false},"excerpt":{"rendered":"<ul>\n<li>Neitr\u0101ls necaursp\u012bd\u012bgs gai\u0161i putek\u013caini s\u0101rti b\u0113\u0161s tonis.<\/li>\n<li>Var izmantot k\u0101 izgaismojo\u0161u kr\u0101su kombin\u0101cij\u0101 ar citiem paletes pigmentiem, k\u0101 ar\u012b k\u0101 virsk\u0101rtas uzsmidzin\u0101\u0161anas k\u0101rtu uz pabeigta darba, lai pan\u0101ktu sat\u012bna efektu.<\/li>\n<\/ul>","protected":false},"featured_media":26023,"comment_status":"open","ping_status":"closed","template":"","meta":[],"product_brand":[218],"product_cat":[279,208,112,215],"product_tag":[],"class_list":{"0":"post-26022","1":"product","2":"type-product","3":"status-publish","4":"has-post-thumbnail","6":"product_brand-etalon-mix","7":"product_cat-antonina-andrusenko","8":"product_cat-lupu-pigmentai","9":"product_cat-pigmentai","10":"product_cat-profesionalams","12":"first","13":"instock","14":"taxable","15":"shipping-taxable","16":"purchasable","17":"product-type-simple"},"_links":{"self":[{"href":"https:\/\/lemila.lt\/lv\/wp-json\/wp\/v2\/product\/26022","targetHints":{"allow":["GET"]}}],"collection":[{"href":"https:\/\/lemila.lt\/lv\/wp-json\/wp\/v2\/product"}],"about":[{"href":"https:\/\/lemila.lt\/lv\/wp-json\/wp\/v2\/types\/product"}],"replies":[{"embeddable":true,"href":"https:\/\/lemila.lt\/lv\/wp-json\/wp\/v2\/comments?post=26022"}],"version-history":[{"count":3,"href":"https:\/\/lemila.lt\/lv\/wp-json\/wp\/v2\/product\/26022\/revisions"}],"predecessor-version":[{"id":28812,"href":"https:\/\/lemila.lt\/lv\/wp-json\/wp\/v2\/product\/26022\/revisions\/28812"}],"wp:featuredmedia":[{"embeddable":true,"href":"https:\/\/lemila.lt\/lv\/wp-json\/wp\/v2\/media\/26023"}],"wp:attachment":[{"href":"https:\/\/lemila.lt\/lv\/wp-json\/wp\/v2\/media?parent=26022"}],"wp:term":[{"taxonomy":"product_brand","embeddable":true,"href":"https:\/\/lemila.lt\/lv\/wp-json\/wp\/v2\/product_brand?post=26022"},{"taxonomy":"product_cat","embeddable":true,"href":"https:\/\/lemila.lt\/lv\/wp-json\/wp\/v2\/product_cat?post=26022"},{"taxonomy":"product_tag","embeddable":true,"href":"https:\/\/lemila.lt\/lv\/wp-json\/wp\/v2\/product_tag?post=26022"}],"curies":[{"name":"wp","href":"https:\/\/api.w.org\/{rel}","templated":true}]}}