{"id":26019,"date":"2024-06-05T17:00:52","date_gmt":"2024-06-05T14:00:52","guid":{"rendered":"https:\/\/lemila.lt\/?post_type=product&#038;p=26019"},"modified":"2026-02-21T17:40:09","modified_gmt":"2026-02-21T15:40:09","slug":"europe-by-antonina-andrusenko-1-10ml","status":"publish","type":"product","link":"https:\/\/lemila.lt\/lv\/product\/europe-by-antonina-andrusenko-1-10ml\/","title":{"rendered":"\"Eiropa\" By Antonina Andrusenko, 1\/10ml."},"content":{"rendered":"","protected":false},"excerpt":{"rendered":"<ul>\n<li>Tum\u0161a, pies\u0101tin\u0101ta, putek\u013caini roz\u0101-sarkanbr\u016bna kr\u0101sa, kas var pie\u0161\u0137irt v\u0113sumu jebkuram paletes tonim.<\/li>\n<li>Nelietot t\u012br\u0101 veid\u0101 uz aukst\u0101m l\u016bp\u0101m vai l\u016bpu kr\u0101sai.<\/li>\n<li>Lai ieg\u016btu sare\u017e\u0123\u012bt\u0101kus to\u0146us, ir nepiecie\u0161ama kr\u0101sa. Piem\u0113rots klientiem ar gai\u0161u l\u012bdz vid\u0113ji tum\u0161u \u0101du l\u012bdz 4. Fitzpatrika tipam.<\/li>\n<\/ul>","protected":false},"featured_media":26020,"comment_status":"open","ping_status":"closed","template":"","meta":[],"product_brand":[218],"product_cat":[279,208,112,215],"product_tag":[],"class_list":{"0":"post-26019","1":"product","2":"type-product","3":"status-publish","4":"has-post-thumbnail","6":"product_brand-etalon-mix","7":"product_cat-antonina-andrusenko","8":"product_cat-lupu-pigmentai","9":"product_cat-pigmentai","10":"product_cat-profesionalams","12":"first","13":"instock","14":"taxable","15":"shipping-taxable","16":"purchasable","17":"product-type-simple"},"_links":{"self":[{"href":"https:\/\/lemila.lt\/lv\/wp-json\/wp\/v2\/product\/26019","targetHints":{"allow":["GET"]}}],"collection":[{"href":"https:\/\/lemila.lt\/lv\/wp-json\/wp\/v2\/product"}],"about":[{"href":"https:\/\/lemila.lt\/lv\/wp-json\/wp\/v2\/types\/product"}],"replies":[{"embeddable":true,"href":"https:\/\/lemila.lt\/lv\/wp-json\/wp\/v2\/comments?post=26019"}],"version-history":[{"count":3,"href":"https:\/\/lemila.lt\/lv\/wp-json\/wp\/v2\/product\/26019\/revisions"}],"predecessor-version":[{"id":28268,"href":"https:\/\/lemila.lt\/lv\/wp-json\/wp\/v2\/product\/26019\/revisions\/28268"}],"wp:featuredmedia":[{"embeddable":true,"href":"https:\/\/lemila.lt\/lv\/wp-json\/wp\/v2\/media\/26020"}],"wp:attachment":[{"href":"https:\/\/lemila.lt\/lv\/wp-json\/wp\/v2\/media?parent=26019"}],"wp:term":[{"taxonomy":"product_brand","embeddable":true,"href":"https:\/\/lemila.lt\/lv\/wp-json\/wp\/v2\/product_brand?post=26019"},{"taxonomy":"product_cat","embeddable":true,"href":"https:\/\/lemila.lt\/lv\/wp-json\/wp\/v2\/product_cat?post=26019"},{"taxonomy":"product_tag","embeddable":true,"href":"https:\/\/lemila.lt\/lv\/wp-json\/wp\/v2\/product_tag?post=26019"}],"curies":[{"name":"wp","href":"https:\/\/api.w.org\/{rel}","templated":true}]}}