{"id":26016,"date":"2024-06-05T16:57:08","date_gmt":"2024-06-05T13:57:08","guid":{"rendered":"https:\/\/lemila.lt\/?post_type=product&#038;p=26016"},"modified":"2026-01-22T22:21:49","modified_gmt":"2026-01-22T20:21:49","slug":"africa-by-antonina-andrusenko-1-10ml","status":"publish","type":"product","link":"https:\/\/lemila.lt\/lv\/product\/africa-by-antonina-andrusenko-1-10ml\/","title":{"rendered":"\"\u0100frika\" By Antonina Andrusenko, 1\/10ml."},"content":{"rendered":"","protected":false},"excerpt":{"rendered":"<ul>\n<li>Sarkan\u0101 ir spilgts, vid\u0113ji pies\u0101tin\u0101ts tonis.<\/li>\n<li>Ide\u0101li piem\u0113rots tum\u0161u, aukstu l\u016bpu neitraliz\u0113\u0161anai kombin\u0101cij\u0101 ar Etalon Mix korektoriem.<\/li>\n<li>Ieteicams t\u012bras akvare\u013ckr\u0101sas tehnik\u0101m vai k\u0101 spilgts papildin\u0101jums gai\u0161\u0101k\u0101m paletes kr\u0101s\u0101m.<\/li>\n<\/ul>","protected":false},"featured_media":26017,"comment_status":"open","ping_status":"closed","template":"","meta":[],"product_brand":[218],"product_cat":[279,208,112,215],"product_tag":[],"class_list":{"0":"post-26016","1":"product","2":"type-product","3":"status-publish","4":"has-post-thumbnail","6":"product_brand-etalon-mix","7":"product_cat-antonina-andrusenko","8":"product_cat-lupu-pigmentai","9":"product_cat-pigmentai","10":"product_cat-profesionalams","12":"first","13":"instock","14":"taxable","15":"shipping-taxable","16":"purchasable","17":"product-type-simple"},"_links":{"self":[{"href":"https:\/\/lemila.lt\/lv\/wp-json\/wp\/v2\/product\/26016","targetHints":{"allow":["GET"]}}],"collection":[{"href":"https:\/\/lemila.lt\/lv\/wp-json\/wp\/v2\/product"}],"about":[{"href":"https:\/\/lemila.lt\/lv\/wp-json\/wp\/v2\/types\/product"}],"replies":[{"embeddable":true,"href":"https:\/\/lemila.lt\/lv\/wp-json\/wp\/v2\/comments?post=26016"}],"version-history":[{"count":2,"href":"https:\/\/lemila.lt\/lv\/wp-json\/wp\/v2\/product\/26016\/revisions"}],"predecessor-version":[{"id":26147,"href":"https:\/\/lemila.lt\/lv\/wp-json\/wp\/v2\/product\/26016\/revisions\/26147"}],"wp:featuredmedia":[{"embeddable":true,"href":"https:\/\/lemila.lt\/lv\/wp-json\/wp\/v2\/media\/26017"}],"wp:attachment":[{"href":"https:\/\/lemila.lt\/lv\/wp-json\/wp\/v2\/media?parent=26016"}],"wp:term":[{"taxonomy":"product_brand","embeddable":true,"href":"https:\/\/lemila.lt\/lv\/wp-json\/wp\/v2\/product_brand?post=26016"},{"taxonomy":"product_cat","embeddable":true,"href":"https:\/\/lemila.lt\/lv\/wp-json\/wp\/v2\/product_cat?post=26016"},{"taxonomy":"product_tag","embeddable":true,"href":"https:\/\/lemila.lt\/lv\/wp-json\/wp\/v2\/product_tag?post=26016"}],"curies":[{"name":"wp","href":"https:\/\/api.w.org\/{rel}","templated":true}]}}