{"id":25738,"date":"2024-04-09T15:01:29","date_gmt":"2024-04-09T12:01:29","guid":{"rendered":"https:\/\/lemila.lt\/?post_type=product&#038;p=25738"},"modified":"2026-04-27T14:43:29","modified_gmt":"2026-04-27T11:43:29","slug":"antakiu-maskuoklis-konsileris","status":"publish","type":"product","link":"https:\/\/lemila.lt\/lv\/product\/antakiu-maskuoklis-konsileris\/","title":{"rendered":"Acu korektors (acu korektors)"},"content":{"rendered":"<p>Profesion\u0101la, ilgnotur\u012bga un sp\u0113c\u012bga skropstu tu\u0161a. Pateicoties jaun\u0101k\u0101s paaudzes formulai, t\u0101 lieliski piel\u0101gojas \u0101dai un p\u0101rkl\u0101j to ar elast\u012bgu un vienm\u0113r\u012bgu k\u0101rtu.<\/p>\n<p>Korektors samazina tum\u0161os lokus, plankumus, aps\u0101rtumu un citas \u0101das nepiln\u012bbas. Lieliski piem\u0113rots notur\u012bga grima skices rad\u012b\u0161anai. Piem\u0113rots ar\u012b sp\u0113c\u012bgai mask\u0113\u0161anai p\u0113c proced\u016bras nov\u0113rotiem aps\u0101rtumiem.<\/p>","protected":false},"excerpt":{"rendered":"<p>Profesion\u0101la, ilgnotur\u012bga un sp\u0113c\u012bga skropstu tu\u0161a. Pateicoties jaun\u0101k\u0101s paaudzes formulai, t\u0101 lieliski piel\u0101gojas \u0101dai un p\u0101rkl\u0101j to ar elast\u012bgu un vienm\u0113r\u012bgu k\u0101rtu.<\/p>\n<p>Korektors samazina tum\u0161os lokus, plankumus, aps\u0101rtumu un citas \u0101das nepiln\u012bbas. Lieliski piem\u0113rots notur\u012bga grima skices rad\u012b\u0161anai. Piem\u0113rots ar\u012b sp\u0113c\u012bgai mask\u0113\u0161anai p\u0113c proced\u016bras nov\u0113rotiem aps\u0101rtumiem.<\/p>","protected":false},"featured_media":25761,"comment_status":"open","ping_status":"closed","template":"","meta":[],"product_brand":[],"product_cat":[15,263,215],"product_tag":[],"class_list":{"0":"post-25738","1":"product","2":"type-product","3":"status-publish","4":"has-post-thumbnail","6":"product_cat-uncategorized","7":"product_cat-pmu-aksesuarai","8":"product_cat-profesionalams","10":"first","11":"instock","12":"sale","13":"taxable","14":"shipping-taxable","15":"purchasable","16":"product-type-variable"},"_links":{"self":[{"href":"https:\/\/lemila.lt\/lv\/wp-json\/wp\/v2\/product\/25738","targetHints":{"allow":["GET"]}}],"collection":[{"href":"https:\/\/lemila.lt\/lv\/wp-json\/wp\/v2\/product"}],"about":[{"href":"https:\/\/lemila.lt\/lv\/wp-json\/wp\/v2\/types\/product"}],"replies":[{"embeddable":true,"href":"https:\/\/lemila.lt\/lv\/wp-json\/wp\/v2\/comments?post=25738"}],"version-history":[{"count":4,"href":"https:\/\/lemila.lt\/lv\/wp-json\/wp\/v2\/product\/25738\/revisions"}],"predecessor-version":[{"id":25903,"href":"https:\/\/lemila.lt\/lv\/wp-json\/wp\/v2\/product\/25738\/revisions\/25903"}],"wp:featuredmedia":[{"embeddable":true,"href":"https:\/\/lemila.lt\/lv\/wp-json\/wp\/v2\/media\/25761"}],"wp:attachment":[{"href":"https:\/\/lemila.lt\/lv\/wp-json\/wp\/v2\/media?parent=25738"}],"wp:term":[{"taxonomy":"product_brand","embeddable":true,"href":"https:\/\/lemila.lt\/lv\/wp-json\/wp\/v2\/product_brand?post=25738"},{"taxonomy":"product_cat","embeddable":true,"href":"https:\/\/lemila.lt\/lv\/wp-json\/wp\/v2\/product_cat?post=25738"},{"taxonomy":"product_tag","embeddable":true,"href":"https:\/\/lemila.lt\/lv\/wp-json\/wp\/v2\/product_tag?post=25738"}],"curies":[{"name":"wp","href":"https:\/\/api.w.org\/{rel}","templated":true}]}}