{"id":25733,"date":"2024-04-09T14:58:02","date_gmt":"2024-04-09T11:58:02","guid":{"rendered":"https:\/\/lemila.lt\/?post_type=product&#038;p=25733"},"modified":"2026-03-06T21:12:20","modified_gmt":"2026-03-06T19:12:20","slug":"dazantis-siulas-antakiu-modeliavimui-zymejimui","status":"publish","type":"product","link":"https:\/\/lemila.lt\/lv\/product\/dazantis-siulas-antakiu-modeliavimui-zymejimui\/","title":{"rendered":"Kr\u0101sojo\u0161ie diegi uzacu veido\u0161anai, mar\u0137\u0113\u0161anai"},"content":{"rendered":"<p>\u012apa\u0161i smalka dzija glud\u0101m un as\u0101m l\u012bnij\u0101m. Z\u012bm\u0113\u0161anas process k\u013c\u016bs v\u0113l \u0101tr\u0101ks un prec\u012bz\u0101ks. Nav nepiecie\u0161ams atv\u0113rt kast\u012bti, vienk\u0101r\u0161i izvelciet diegu un caur met\u0101la loksni izgrieziet diegu vajadz\u012bgaj\u0101 garum\u0101.<\/p>","protected":false},"excerpt":{"rendered":"<p>Melnbaltais mar\u0137\u0113\u0161anas diegs pal\u012bdz\u0113s jums viegli uzz\u012bm\u0113t simetriskas uzacis.<\/p>","protected":false},"featured_media":25763,"comment_status":"open","ping_status":"closed","template":"","meta":[],"product_brand":[],"product_cat":[15,263,215],"product_tag":[],"class_list":{"0":"post-25733","1":"product","2":"type-product","3":"status-publish","4":"has-post-thumbnail","6":"product_cat-uncategorized","7":"product_cat-pmu-aksesuarai","8":"product_cat-profesionalams","10":"first","11":"instock","12":"sale","13":"taxable","14":"shipping-taxable","15":"purchasable","16":"product-type-variable"},"_links":{"self":[{"href":"https:\/\/lemila.lt\/lv\/wp-json\/wp\/v2\/product\/25733","targetHints":{"allow":["GET"]}}],"collection":[{"href":"https:\/\/lemila.lt\/lv\/wp-json\/wp\/v2\/product"}],"about":[{"href":"https:\/\/lemila.lt\/lv\/wp-json\/wp\/v2\/types\/product"}],"replies":[{"embeddable":true,"href":"https:\/\/lemila.lt\/lv\/wp-json\/wp\/v2\/comments?post=25733"}],"version-history":[{"count":3,"href":"https:\/\/lemila.lt\/lv\/wp-json\/wp\/v2\/product\/25733\/revisions"}],"predecessor-version":[{"id":25902,"href":"https:\/\/lemila.lt\/lv\/wp-json\/wp\/v2\/product\/25733\/revisions\/25902"}],"wp:featuredmedia":[{"embeddable":true,"href":"https:\/\/lemila.lt\/lv\/wp-json\/wp\/v2\/media\/25763"}],"wp:attachment":[{"href":"https:\/\/lemila.lt\/lv\/wp-json\/wp\/v2\/media?parent=25733"}],"wp:term":[{"taxonomy":"product_brand","embeddable":true,"href":"https:\/\/lemila.lt\/lv\/wp-json\/wp\/v2\/product_brand?post=25733"},{"taxonomy":"product_cat","embeddable":true,"href":"https:\/\/lemila.lt\/lv\/wp-json\/wp\/v2\/product_cat?post=25733"},{"taxonomy":"product_tag","embeddable":true,"href":"https:\/\/lemila.lt\/lv\/wp-json\/wp\/v2\/product_tag?post=25733"}],"curies":[{"name":"wp","href":"https:\/\/api.w.org\/{rel}","templated":true}]}}