{"id":25476,"date":"2024-02-22T17:29:40","date_gmt":"2024-02-22T15:29:40","guid":{"rendered":"https:\/\/lemila.lt\/?post_type=product&#038;p=25476"},"modified":"2025-12-30T16:37:00","modified_gmt":"2025-12-30T14:37:00","slug":"vild-nord-care-kolagenas-su-hialurono-rugstimi","status":"publish","type":"product","link":"https:\/\/lemila.lt\/lv\/product\/vild-nord-care-kolagenas-su-hialurono-rugstimi\/","title":{"rendered":"Vild Nord CARE Kolag\u0113ns ar hialuronsk\u0101bi"},"content":{"rendered":"<p>P\u0101rtikas papildin\u0101jums.<br \/>\nPulveris. Ar saldin\u0101t\u0101ju.<br \/>\nUztura bag\u0101tin\u0101t\u0101js \u0101das, matu un nagu skaistumam un kop\u0161anai.<br \/>\nT\u012brais saturs 150 g<br \/>\n\"Care\" ir unik\u0101la un holistiska skaistumkop\u0161anas formula ar 6 akt\u012bvaj\u0101m sast\u0101vda\u013c\u0101m - hidroliz\u0113tu j\u016bras kolag\u0113nu, C vitam\u012bnu, cinku, biot\u012bnu, mang\u0101nu un hialuronsk\u0101bi. \u0160is mais\u012bjums ir paredz\u0113ts tiem, kuri nov\u0113rt\u0113 augstu kvalit\u0101ti un holistisku pieeju skaistumam; kuri v\u0113las skaist\u0101ku \u0101du, vesel\u012bg\u0101kus matus, stipr\u0101kus nagus un kaulus, k\u0101 ar\u012b saistaudu atbalstu. Ar maigu upe\u0146u gar\u0161u.<br \/>\nLai uzlabotu \u0101das, matu, nagu st\u0101vokli<br \/>\nJ\u016bras kolag\u0113na pept\u012bdi no savva\u013c\u0101 nozvejotas Zieme\u013catlantijas mencas \u0101das<br \/>\nVitam\u012bnu un miner\u0101lvielu kombin\u0101cija<br \/>\n20 aminosk\u0101bes, tostarp 9 neaizvietojam\u0101s aminosk\u0101bes, kas j\u0101ieg\u016bst ar p\u0101rtiku.<br \/>\nHidroliz\u0113ts I tipa kolag\u0113ns<br \/>\nMolekulmasa - 3 kDa (kilodaltoni)<br \/>\n- C vitam\u012bns pal\u012bdz uztur\u0113t norm\u0101lu kolag\u0113na veido\u0161anos, kas nepiecie\u0161ams norm\u0101lai \u0101das darb\u012bbai.<br \/>\n- Cinks pal\u012bdz uztur\u0113t norm\u0101lu \u0101das, matu un nagu st\u0101vokli.<br \/>\n- Mang\u0101ns pal\u012bdz uztur\u0113t norm\u0101lu saistaudu veido\u0161anos un kaulu vesel\u012bbu.<br \/>\n- Biot\u012bns pal\u012bdz uztur\u0113t norm\u0101lu \u0101das, matu un g\u013cot\u0101du st\u0101vokli.<br \/>\n- Mang\u0101ns un C vitam\u012bns pal\u012bdz aizsarg\u0101t \u0161\u016bnas no oksidat\u012bv\u0101 boj\u0101juma.<br \/>\n- Olbaltumvielas pal\u012bdz uztur\u0113t norm\u0101lu kaulu vesel\u012bbu.<br \/>\nSvar\u012bgs ir daudzveid\u012bgs un sabalans\u0113ts uzturs un vesel\u012bgs dz\u012bvesveids.<\/p>\n<p>Zivju (mencu) kolag\u0113ns, L-askorb\u012bnsk\u0101be, cinka oks\u012bds, hialuronsk\u0101be, upe\u0146u arom\u0101ts, D-biot\u012bns, mang\u0101na hlor\u012bds, antocian\u012bni, saldin\u0101t\u0101js - no stevijas ieg\u016bti steviolglikoz\u012bdi.<\/p>","protected":false},"excerpt":{"rendered":"<p>P\u0101rtikas papildin\u0101jums.<br \/>\nPulveris. Ar saldin\u0101t\u0101ju.<br \/>\nUztura bag\u0101tin\u0101t\u0101js \u0101das, matu un nagu skaistumam un kop\u0161anai.<br \/>\nT\u012brais saturs 150 g<\/p>","protected":false},"featured_media":25477,"comment_status":"open","ping_status":"closed","template":"","meta":[],"product_brand":[268],"product_cat":[266],"product_tag":[],"class_list":{"0":"post-25476","1":"product","2":"type-product","3":"status-publish","4":"has-post-thumbnail","6":"product_brand-vild-nord-care","7":"product_cat-maisto-papildai","9":"first","10":"outofstock","11":"sale","12":"taxable","13":"shipping-taxable","14":"purchasable","15":"product-type-simple"},"_links":{"self":[{"href":"https:\/\/lemila.lt\/lv\/wp-json\/wp\/v2\/product\/25476","targetHints":{"allow":["GET"]}}],"collection":[{"href":"https:\/\/lemila.lt\/lv\/wp-json\/wp\/v2\/product"}],"about":[{"href":"https:\/\/lemila.lt\/lv\/wp-json\/wp\/v2\/types\/product"}],"replies":[{"embeddable":true,"href":"https:\/\/lemila.lt\/lv\/wp-json\/wp\/v2\/comments?post=25476"}],"version-history":[{"count":4,"href":"https:\/\/lemila.lt\/lv\/wp-json\/wp\/v2\/product\/25476\/revisions"}],"predecessor-version":[{"id":25485,"href":"https:\/\/lemila.lt\/lv\/wp-json\/wp\/v2\/product\/25476\/revisions\/25485"}],"wp:featuredmedia":[{"embeddable":true,"href":"https:\/\/lemila.lt\/lv\/wp-json\/wp\/v2\/media\/25477"}],"wp:attachment":[{"href":"https:\/\/lemila.lt\/lv\/wp-json\/wp\/v2\/media?parent=25476"}],"wp:term":[{"taxonomy":"product_brand","embeddable":true,"href":"https:\/\/lemila.lt\/lv\/wp-json\/wp\/v2\/product_brand?post=25476"},{"taxonomy":"product_cat","embeddable":true,"href":"https:\/\/lemila.lt\/lv\/wp-json\/wp\/v2\/product_cat?post=25476"},{"taxonomy":"product_tag","embeddable":true,"href":"https:\/\/lemila.lt\/lv\/wp-json\/wp\/v2\/product_tag?post=25476"}],"curies":[{"name":"wp","href":"https:\/\/api.w.org\/{rel}","templated":true}]}}