{"id":25473,"date":"2024-02-22T17:27:24","date_gmt":"2024-02-22T15:27:24","guid":{"rendered":"https:\/\/lemila.lt\/?post_type=product&#038;p=25473"},"modified":"2026-04-10T16:08:10","modified_gmt":"2026-04-10T13:08:10","slug":"biocare-hair-skin-nail-complex","status":"publish","type":"product","link":"https:\/\/lemila.lt\/lv\/product\/biocare-hair-skin-nail-complex\/","title":{"rendered":"Biocare matu, \u0101das un nagu komplekss"},"content":{"rendered":"<div id=\"tab-description\" class=\"text-block\">\n<div class=\"right\">\n<p>P\u0101rtikas papildin\u0101jums. Ar sil\u012bciju, liz\u012bnu un metilsulfonilmet\u0101nu.<br \/>\nT\u012brais saturs 48,51 g<br \/>\n60 kapsulas<\/p>\n<p>Piem\u0113rots veg\u0101niem un ve\u0123et\u0101rie\u0161iem<br \/>\nMatu, \u0101das un nagu kop\u0161anai.*<br \/>\n*Biot\u012bns un cinks pal\u012bdz uztur\u0113t norm\u0101lu matu un \u0101das st\u0101vokli.<br \/>\n* Cinks un sel\u0113ns pal\u012bdz uztur\u0113t norm\u0101lus nagus.<\/p>\n<p><strong>Svar\u012bgs ir daudzveid\u012bgs un sabalans\u0113ts uzturs un vesel\u012bgs dz\u012bvesveids.<\/strong><\/p>\n<\/div>\n<\/div>\n<div id=\"tab-structure\" class=\"text-block\">\n<div class=\"h2\"><strong>Sast\u0101vda\u013cas<\/strong><\/div>\n<div class=\"right\">\n<p>L-liz\u012bna hidrohlor\u012bds, L-askorb\u012bnsk\u0101be, kalcija D-pantoten\u0101ts, kapsulas apvalks hidroksipropilmetilceluloze, metilsulfonilmet\u0101ns (MSM), D-alfa-tokoferilsukcin\u0101ts, beta-karot\u012bns (karotino\u012bds), r\u012bsu ekstrakts, cinka citr\u0101ts, piridoksal-5\u2032-fosf\u0101ts, mang\u0101na glikon\u0101ts, Bambusa vulgaris lapu ekstrakts, L-selenometion\u012bns, retinilacet\u0101ts, vara glikon\u0101ts, D-biot\u012bns, hidroksokobalam\u012bns, kalcija-L-metilfoli\u0101ts.<\/p>\n<p>&nbsp;<\/p>\n<\/div>\n<\/div>","protected":false},"excerpt":{"rendered":"<p>P\u0101rtikas papildin\u0101jums. Ar sil\u012bciju, liz\u012bnu un metilsulfonilmet\u0101nu.<br \/>\nT\u012brais saturs 48,51 g<br \/>\n60 kapsulas<\/p>","protected":false},"featured_media":25474,"comment_status":"open","ping_status":"closed","template":"","meta":[],"product_brand":[267],"product_cat":[266],"product_tag":[],"class_list":{"0":"post-25473","1":"product","2":"type-product","3":"status-publish","4":"has-post-thumbnail","6":"product_brand-biocare","7":"product_cat-maisto-papildai","9":"first","10":"instock","11":"sale","12":"taxable","13":"shipping-taxable","14":"purchasable","15":"product-type-simple"},"_links":{"self":[{"href":"https:\/\/lemila.lt\/lv\/wp-json\/wp\/v2\/product\/25473","targetHints":{"allow":["GET"]}}],"collection":[{"href":"https:\/\/lemila.lt\/lv\/wp-json\/wp\/v2\/product"}],"about":[{"href":"https:\/\/lemila.lt\/lv\/wp-json\/wp\/v2\/types\/product"}],"replies":[{"embeddable":true,"href":"https:\/\/lemila.lt\/lv\/wp-json\/wp\/v2\/comments?post=25473"}],"version-history":[{"count":5,"href":"https:\/\/lemila.lt\/lv\/wp-json\/wp\/v2\/product\/25473\/revisions"}],"predecessor-version":[{"id":27688,"href":"https:\/\/lemila.lt\/lv\/wp-json\/wp\/v2\/product\/25473\/revisions\/27688"}],"wp:featuredmedia":[{"embeddable":true,"href":"https:\/\/lemila.lt\/lv\/wp-json\/wp\/v2\/media\/25474"}],"wp:attachment":[{"href":"https:\/\/lemila.lt\/lv\/wp-json\/wp\/v2\/media?parent=25473"}],"wp:term":[{"taxonomy":"product_brand","embeddable":true,"href":"https:\/\/lemila.lt\/lv\/wp-json\/wp\/v2\/product_brand?post=25473"},{"taxonomy":"product_cat","embeddable":true,"href":"https:\/\/lemila.lt\/lv\/wp-json\/wp\/v2\/product_cat?post=25473"},{"taxonomy":"product_tag","embeddable":true,"href":"https:\/\/lemila.lt\/lv\/wp-json\/wp\/v2\/product_tag?post=25473"}],"curies":[{"name":"wp","href":"https:\/\/api.w.org\/{rel}","templated":true}]}}