{"id":25189,"date":"2024-01-28T20:23:02","date_gmt":"2024-01-28T18:23:02","guid":{"rendered":"https:\/\/lemila.lt\/?post_type=product&#038;p=25189"},"modified":"2024-01-30T03:47:38","modified_gmt":"2024-01-30T01:47:38","slug":"dovanu-kuponas","status":"publish","type":"product","link":"https:\/\/lemila.lt\/lv\/product\/dovanu-kuponas\/","title":{"rendered":"D\u0101vanu kupons"},"content":{"rendered":"","protected":false},"excerpt":{"rendered":"<p>P\u0101rsteidziet savu m\u012b\u013coto ar Le Mila d\u0101vanu kuponu un d\u0101v\u0101jiet vi\u0146am prieku izv\u0113l\u0113ties to, ko vi\u0146\u0161 v\u0113las visvair\u0101k!<\/p>","protected":false},"featured_media":25195,"comment_status":"closed","ping_status":"closed","template":"","meta":[],"product_brand":[],"product_cat":[246],"product_tag":[],"class_list":{"0":"post-25189","1":"product","2":"type-product","3":"status-publish","4":"has-post-thumbnail","6":"product_cat-dovanu-kuponas","8":"first","9":"instock","10":"taxable","11":"shipping-taxable","12":"purchasable","13":"product-type-simple"},"_links":{"self":[{"href":"https:\/\/lemila.lt\/lv\/wp-json\/wp\/v2\/product\/25189","targetHints":{"allow":["GET"]}}],"collection":[{"href":"https:\/\/lemila.lt\/lv\/wp-json\/wp\/v2\/product"}],"about":[{"href":"https:\/\/lemila.lt\/lv\/wp-json\/wp\/v2\/types\/product"}],"replies":[{"embeddable":true,"href":"https:\/\/lemila.lt\/lv\/wp-json\/wp\/v2\/comments?post=25189"}],"version-history":[{"count":1,"href":"https:\/\/lemila.lt\/lv\/wp-json\/wp\/v2\/product\/25189\/revisions"}],"predecessor-version":[{"id":25196,"href":"https:\/\/lemila.lt\/lv\/wp-json\/wp\/v2\/product\/25189\/revisions\/25196"}],"wp:featuredmedia":[{"embeddable":true,"href":"https:\/\/lemila.lt\/lv\/wp-json\/wp\/v2\/media\/25195"}],"wp:attachment":[{"href":"https:\/\/lemila.lt\/lv\/wp-json\/wp\/v2\/media?parent=25189"}],"wp:term":[{"taxonomy":"product_brand","embeddable":true,"href":"https:\/\/lemila.lt\/lv\/wp-json\/wp\/v2\/product_brand?post=25189"},{"taxonomy":"product_cat","embeddable":true,"href":"https:\/\/lemila.lt\/lv\/wp-json\/wp\/v2\/product_cat?post=25189"},{"taxonomy":"product_tag","embeddable":true,"href":"https:\/\/lemila.lt\/lv\/wp-json\/wp\/v2\/product_tag?post=25189"}],"curies":[{"name":"wp","href":"https:\/\/api.w.org\/{rel}","templated":true}]}}