{"id":22538,"date":"2024-01-26T03:33:38","date_gmt":"2024-01-26T01:33:38","guid":{"rendered":"https:\/\/lemila.lt\/index.php\/product\/korektorius-nr-2-orange\/"},"modified":"2026-04-16T18:02:50","modified_gmt":"2026-04-16T15:02:50","slug":"korektorius-nr-2-orange","status":"publish","type":"product","link":"https:\/\/lemila.lt\/lv\/product\/korektorius-nr-2-orange\/","title":{"rendered":"Korektors Nr. 2 Orange"},"content":{"rendered":"<p>Izv\u0113loties Etalon Mix, PMU profesion\u0101\u013ci var b\u016bt dro\u0161i, ka izmanto tikai augst\u0101k\u0101s kvalit\u0101tes produktus, kas atbilst m\u016bsdienu skaistumkop\u0161anas nozares tendenc\u0113m un pras\u012bb\u0101m. Atkl\u0101jiet Etalon Mix un p\u0101rliecinieties par profesion\u0101\u013cu izv\u0113les priek\u0161roc\u012bb\u0101m.<\/p>","protected":false},"excerpt":{"rendered":"<p>- pel\u0113ks, zils un violets, lai p\u0101rkl\u0101tu vec\u0101 tetov\u0113juma negat\u012bvos to\u0146us.<br \/>\n- lai neitraliz\u0113tu v\u0113su l\u016bpu toni<br \/>\n- var izmantot kop\u0101 ar l\u016bpu blend\u0113m, lai rad\u012btu silt\u0101kus to\u0146us.<\/p>","protected":false},"featured_media":22540,"comment_status":"closed","ping_status":"closed","template":"","meta":[],"product_brand":[218],"product_cat":[211],"product_tag":[],"class_list":{"0":"post-22538","1":"product","2":"type-product","3":"status-publish","4":"has-post-thumbnail","6":"product_brand-etalon-mix","7":"product_cat-korektoriai","9":"first","10":"instock","11":"taxable","12":"shipping-taxable","13":"purchasable","14":"product-type-variable"},"_links":{"self":[{"href":"https:\/\/lemila.lt\/lv\/wp-json\/wp\/v2\/product\/22538","targetHints":{"allow":["GET"]}}],"collection":[{"href":"https:\/\/lemila.lt\/lv\/wp-json\/wp\/v2\/product"}],"about":[{"href":"https:\/\/lemila.lt\/lv\/wp-json\/wp\/v2\/types\/product"}],"replies":[{"embeddable":true,"href":"https:\/\/lemila.lt\/lv\/wp-json\/wp\/v2\/comments?post=22538"}],"version-history":[{"count":4,"href":"https:\/\/lemila.lt\/lv\/wp-json\/wp\/v2\/product\/22538\/revisions"}],"predecessor-version":[{"id":25853,"href":"https:\/\/lemila.lt\/lv\/wp-json\/wp\/v2\/product\/22538\/revisions\/25853"}],"wp:featuredmedia":[{"embeddable":true,"href":"https:\/\/lemila.lt\/lv\/wp-json\/wp\/v2\/media\/22540"}],"wp:attachment":[{"href":"https:\/\/lemila.lt\/lv\/wp-json\/wp\/v2\/media?parent=22538"}],"wp:term":[{"taxonomy":"product_brand","embeddable":true,"href":"https:\/\/lemila.lt\/lv\/wp-json\/wp\/v2\/product_brand?post=22538"},{"taxonomy":"product_cat","embeddable":true,"href":"https:\/\/lemila.lt\/lv\/wp-json\/wp\/v2\/product_cat?post=22538"},{"taxonomy":"product_tag","embeddable":true,"href":"https:\/\/lemila.lt\/lv\/wp-json\/wp\/v2\/product_tag?post=22538"}],"curies":[{"name":"wp","href":"https:\/\/api.w.org\/{rel}","templated":true}]}}