{"id":22532,"date":"2024-01-26T03:33:38","date_gmt":"2024-01-26T01:33:38","guid":{"rendered":"https:\/\/lemila.lt\/index.php\/product\/korektorius-nr-1-yellow\/"},"modified":"2026-04-29T08:16:33","modified_gmt":"2026-04-29T05:16:33","slug":"korektorius-nr-1-yellow","status":"publish","type":"product","link":"https:\/\/lemila.lt\/lv\/product\/korektorius-nr-1-yellow\/","title":{"rendered":"Korektors Nr.1 dzeltens"},"content":{"rendered":"<p>Izv\u0113loties Etalon Mix, PMU profesion\u0101\u013ci var b\u016bt dro\u0161i, ka izmanto tikai augst\u0101k\u0101s kvalit\u0101tes produktus, kas atbilst m\u016bsdienu skaistumkop\u0161anas nozares tendenc\u0113m un pras\u012bb\u0101m. Atkl\u0101jiet Etalon Mix un p\u0101rliecinieties par profesion\u0101\u013cu izv\u0113les priek\u0161roc\u012bb\u0101m.<\/p>","protected":false},"excerpt":{"rendered":"<p>- lai p\u0101rkl\u0101tu vec\u0101 tetov\u0113juma sarkanos un violetos to\u0146us.<br \/>\n- Tas ir ar\u012b lieliski piem\u0113rots mais\u012bjumu balin\u0101\u0161anai un smil\u0161kr\u0101sas-br\u016bnu to\u0146u veido\u0161anai.<br \/>\n- labi sapl\u016bst ar l\u016bpu paleti, lai ieg\u016btu vair\u0101k persiku to\u0146u<\/p>","protected":false},"featured_media":22534,"comment_status":"closed","ping_status":"closed","template":"","meta":[],"product_brand":[218],"product_cat":[211],"product_tag":[],"class_list":{"0":"post-22532","1":"product","2":"type-product","3":"status-publish","4":"has-post-thumbnail","6":"product_brand-etalon-mix","7":"product_cat-korektoriai","9":"first","10":"instock","11":"taxable","12":"shipping-taxable","13":"purchasable","14":"product-type-variable"},"_links":{"self":[{"href":"https:\/\/lemila.lt\/lv\/wp-json\/wp\/v2\/product\/22532","targetHints":{"allow":["GET"]}}],"collection":[{"href":"https:\/\/lemila.lt\/lv\/wp-json\/wp\/v2\/product"}],"about":[{"href":"https:\/\/lemila.lt\/lv\/wp-json\/wp\/v2\/types\/product"}],"replies":[{"embeddable":true,"href":"https:\/\/lemila.lt\/lv\/wp-json\/wp\/v2\/comments?post=22532"}],"version-history":[{"count":3,"href":"https:\/\/lemila.lt\/lv\/wp-json\/wp\/v2\/product\/22532\/revisions"}],"predecessor-version":[{"id":22601,"href":"https:\/\/lemila.lt\/lv\/wp-json\/wp\/v2\/product\/22532\/revisions\/22601"}],"wp:featuredmedia":[{"embeddable":true,"href":"https:\/\/lemila.lt\/lv\/wp-json\/wp\/v2\/media\/22534"}],"wp:attachment":[{"href":"https:\/\/lemila.lt\/lv\/wp-json\/wp\/v2\/media?parent=22532"}],"wp:term":[{"taxonomy":"product_brand","embeddable":true,"href":"https:\/\/lemila.lt\/lv\/wp-json\/wp\/v2\/product_brand?post=22532"},{"taxonomy":"product_cat","embeddable":true,"href":"https:\/\/lemila.lt\/lv\/wp-json\/wp\/v2\/product_cat?post=22532"},{"taxonomy":"product_tag","embeddable":true,"href":"https:\/\/lemila.lt\/lv\/wp-json\/wp\/v2\/product_tag?post=22532"}],"curies":[{"name":"wp","href":"https:\/\/api.w.org\/{rel}","templated":true}]}}