{"id":22526,"date":"2024-01-26T03:20:25","date_gmt":"2024-01-26T01:20:25","guid":{"rendered":"https:\/\/lemila.lt\/index.php\/product\/%e2%84%9611-espresso\/"},"modified":"2026-01-22T22:29:52","modified_gmt":"2026-01-22T20:29:52","slug":"11-espresso","status":"publish","type":"product","link":"https:\/\/lemila.lt\/lv\/product\/11-espresso\/","title":{"rendered":"Nr. 11 Espresso"},"content":{"rendered":"<p>Izv\u0113loties Etalon Mix, PMU profesion\u0101\u013ci var b\u016bt dro\u0161i, ka izmanto tikai augst\u0101k\u0101s kvalit\u0101tes produktus, kas atbilst m\u016bsdienu skaistumkop\u0161anas nozares tendenc\u0113m un pras\u012bb\u0101m. Atkl\u0101jiet Etalon Mix un p\u0101rliecinieties par profesion\u0101\u013cu izv\u0113les priek\u0161roc\u012bb\u0101m.<\/p>","protected":false},"excerpt":{"rendered":"<p>- uz sarkanbr\u016bnas zemes<br \/>\n- univers\u0101ls Fitzpatrika 1-2 tipa \u0113nu komplekts<br \/>\n- sast\u0101vs vair\u0101k neorganisks<br \/>\n- lab\u0101k\u0101 kombin\u0101cija ar lazdu riekstiem Nr. 1 un tum\u0161o \u0161okol\u0101di Nr. 5<\/p>","protected":false},"featured_media":27069,"comment_status":"closed","ping_status":"closed","template":"","meta":[],"product_brand":[218],"product_cat":[210,112,215],"product_tag":[],"class_list":{"0":"post-22526","1":"product","2":"type-product","3":"status-publish","4":"has-post-thumbnail","6":"product_brand-etalon-mix","7":"product_cat-antakiu-pigmentai","8":"product_cat-pigmentai","9":"product_cat-profesionalams","11":"first","12":"outofstock","13":"sale","14":"taxable","15":"shipping-taxable","16":"purchasable","17":"product-type-variable"},"_links":{"self":[{"href":"https:\/\/lemila.lt\/lv\/wp-json\/wp\/v2\/product\/22526","targetHints":{"allow":["GET"]}}],"collection":[{"href":"https:\/\/lemila.lt\/lv\/wp-json\/wp\/v2\/product"}],"about":[{"href":"https:\/\/lemila.lt\/lv\/wp-json\/wp\/v2\/types\/product"}],"replies":[{"embeddable":true,"href":"https:\/\/lemila.lt\/lv\/wp-json\/wp\/v2\/comments?post=22526"}],"version-history":[{"count":6,"href":"https:\/\/lemila.lt\/lv\/wp-json\/wp\/v2\/product\/22526\/revisions"}],"predecessor-version":[{"id":27073,"href":"https:\/\/lemila.lt\/lv\/wp-json\/wp\/v2\/product\/22526\/revisions\/27073"}],"wp:featuredmedia":[{"embeddable":true,"href":"https:\/\/lemila.lt\/lv\/wp-json\/wp\/v2\/media\/27069"}],"wp:attachment":[{"href":"https:\/\/lemila.lt\/lv\/wp-json\/wp\/v2\/media?parent=22526"}],"wp:term":[{"taxonomy":"product_brand","embeddable":true,"href":"https:\/\/lemila.lt\/lv\/wp-json\/wp\/v2\/product_brand?post=22526"},{"taxonomy":"product_cat","embeddable":true,"href":"https:\/\/lemila.lt\/lv\/wp-json\/wp\/v2\/product_cat?post=22526"},{"taxonomy":"product_tag","embeddable":true,"href":"https:\/\/lemila.lt\/lv\/wp-json\/wp\/v2\/product_tag?post=22526"}],"curies":[{"name":"wp","href":"https:\/\/api.w.org\/{rel}","templated":true}]}}