{"id":22523,"date":"2024-01-26T03:20:25","date_gmt":"2024-01-26T01:20:25","guid":{"rendered":"https:\/\/lemila.lt\/index.php\/product\/%e2%84%961-hazelnut\/"},"modified":"2026-04-18T17:15:09","modified_gmt":"2026-04-18T14:15:09","slug":"1-hazelnut","status":"publish","type":"product","link":"https:\/\/lemila.lt\/lv\/product\/1-hazelnut\/","title":{"rendered":"Nr. 1 lazdu rieksti"},"content":{"rendered":"<p>Izv\u0113loties Etalon Mix, PMU profesion\u0101\u013ci var b\u016bt dro\u0161i, ka izmanto tikai augst\u0101k\u0101s kvalit\u0101tes produktus, kas atbilst m\u016bsdienu skaistumkop\u0161anas nozares tendenc\u0113m un pras\u012bb\u0101m. Atkl\u0101jiet Etalon Mix un p\u0101rliecinieties par profesion\u0101\u013cu izv\u0113les priek\u0161roc\u012bb\u0101m.<\/p>","protected":false},"excerpt":{"rendered":"<p>- uz dzeltenbr\u016bnas zemes<br \/>\n- univers\u0101la kr\u0101sa visiem \u0101das tipiem<br \/>\n- viegla izsmidzin\u0101\u0161ana pie\u0161\u0137ir siltu br\u016bnu toni<br \/>\n- bl\u012bva izsmidzin\u0101\u0161ana pie\u0161\u0137ir br\u016bni pel\u0113ku kr\u0101su.<\/p>","protected":false},"featured_media":22525,"comment_status":"closed","ping_status":"closed","template":"","meta":[],"product_brand":[218],"product_cat":[210],"product_tag":[],"class_list":{"0":"post-22523","1":"product","2":"type-product","3":"status-publish","4":"has-post-thumbnail","6":"product_brand-etalon-mix","7":"product_cat-antakiu-pigmentai","9":"first","10":"instock","11":"taxable","12":"shipping-taxable","13":"purchasable","14":"product-type-variable"},"_links":{"self":[{"href":"https:\/\/lemila.lt\/lv\/wp-json\/wp\/v2\/product\/22523","targetHints":{"allow":["GET"]}}],"collection":[{"href":"https:\/\/lemila.lt\/lv\/wp-json\/wp\/v2\/product"}],"about":[{"href":"https:\/\/lemila.lt\/lv\/wp-json\/wp\/v2\/types\/product"}],"replies":[{"embeddable":true,"href":"https:\/\/lemila.lt\/lv\/wp-json\/wp\/v2\/comments?post=22523"}],"version-history":[{"count":4,"href":"https:\/\/lemila.lt\/lv\/wp-json\/wp\/v2\/product\/22523\/revisions"}],"predecessor-version":[{"id":28334,"href":"https:\/\/lemila.lt\/lv\/wp-json\/wp\/v2\/product\/22523\/revisions\/28334"}],"wp:featuredmedia":[{"embeddable":true,"href":"https:\/\/lemila.lt\/lv\/wp-json\/wp\/v2\/media\/22525"}],"wp:attachment":[{"href":"https:\/\/lemila.lt\/lv\/wp-json\/wp\/v2\/media?parent=22523"}],"wp:term":[{"taxonomy":"product_brand","embeddable":true,"href":"https:\/\/lemila.lt\/lv\/wp-json\/wp\/v2\/product_brand?post=22523"},{"taxonomy":"product_cat","embeddable":true,"href":"https:\/\/lemila.lt\/lv\/wp-json\/wp\/v2\/product_cat?post=22523"},{"taxonomy":"product_tag","embeddable":true,"href":"https:\/\/lemila.lt\/lv\/wp-json\/wp\/v2\/product_tag?post=22523"}],"curies":[{"name":"wp","href":"https:\/\/api.w.org\/{rel}","templated":true}]}}