{"id":22511,"date":"2024-01-26T03:20:25","date_gmt":"2024-01-26T01:20:25","guid":{"rendered":"https:\/\/lemila.lt\/index.php\/product\/%e2%84%964-light-brown\/"},"modified":"2026-05-09T15:46:29","modified_gmt":"2026-05-09T12:46:29","slug":"4-light-brown","status":"publish","type":"product","link":"https:\/\/lemila.lt\/lv\/product\/4-light-brown\/","title":{"rendered":"Nr. 4 Gai\u0161i br\u016bns"},"content":{"rendered":"<p>Izv\u0113loties Etalon Mix, PMU profesion\u0101\u013ci var b\u016bt dro\u0161i, ka izmanto tikai augst\u0101k\u0101s kvalit\u0101tes produktus, kas atbilst m\u016bsdienu skaistumkop\u0161anas nozares tendenc\u0113m un pras\u012bb\u0101m. Atkl\u0101jiet Etalon Mix un p\u0101rliecinieties par profesion\u0101\u013cu izv\u0113les priek\u0161roc\u012bb\u0101m.<\/p>","protected":false},"excerpt":{"rendered":"<p>- uz auksta dzeltena substr\u0101ta<br \/>\n- lab\u0101k\u0101 izv\u0113le blond\u012bn\u0113m un sirmgalv\u0113m<br \/>\n- ide\u0101li piem\u0113rots veca tetov\u0113juma p\u0101rkl\u0101\u0161anai siltos sarkanos to\u0146os.<br \/>\n- Lieliski sader ar konjaku Nr. 3 un piena \u0161okol\u0101di Nr. 2.<\/p>","protected":false},"featured_media":22513,"comment_status":"closed","ping_status":"closed","template":"","meta":[],"product_brand":[218],"product_cat":[210],"product_tag":[],"class_list":{"0":"post-22511","1":"product","2":"type-product","3":"status-publish","4":"has-post-thumbnail","6":"product_brand-etalon-mix","7":"product_cat-antakiu-pigmentai","9":"first","10":"instock","11":"taxable","12":"shipping-taxable","13":"purchasable","14":"product-type-variable"},"_links":{"self":[{"href":"https:\/\/lemila.lt\/lv\/wp-json\/wp\/v2\/product\/22511","targetHints":{"allow":["GET"]}}],"collection":[{"href":"https:\/\/lemila.lt\/lv\/wp-json\/wp\/v2\/product"}],"about":[{"href":"https:\/\/lemila.lt\/lv\/wp-json\/wp\/v2\/types\/product"}],"replies":[{"embeddable":true,"href":"https:\/\/lemila.lt\/lv\/wp-json\/wp\/v2\/comments?post=22511"}],"version-history":[{"count":4,"href":"https:\/\/lemila.lt\/lv\/wp-json\/wp\/v2\/product\/22511\/revisions"}],"predecessor-version":[{"id":25612,"href":"https:\/\/lemila.lt\/lv\/wp-json\/wp\/v2\/product\/22511\/revisions\/25612"}],"wp:featuredmedia":[{"embeddable":true,"href":"https:\/\/lemila.lt\/lv\/wp-json\/wp\/v2\/media\/22513"}],"wp:attachment":[{"href":"https:\/\/lemila.lt\/lv\/wp-json\/wp\/v2\/media?parent=22511"}],"wp:term":[{"taxonomy":"product_brand","embeddable":true,"href":"https:\/\/lemila.lt\/lv\/wp-json\/wp\/v2\/product_brand?post=22511"},{"taxonomy":"product_cat","embeddable":true,"href":"https:\/\/lemila.lt\/lv\/wp-json\/wp\/v2\/product_cat?post=22511"},{"taxonomy":"product_tag","embeddable":true,"href":"https:\/\/lemila.lt\/lv\/wp-json\/wp\/v2\/product_tag?post=22511"}],"curies":[{"name":"wp","href":"https:\/\/api.w.org\/{rel}","templated":true}]}}