{"id":22505,"date":"2024-01-26T03:20:25","date_gmt":"2024-01-26T01:20:25","guid":{"rendered":"https:\/\/lemila.lt\/index.php\/product\/%e2%84%9610-arabica\/"},"modified":"2026-03-29T17:28:04","modified_gmt":"2026-03-29T14:28:04","slug":"10-arabica","status":"publish","type":"product","link":"https:\/\/lemila.lt\/lv\/product\/10-arabica\/","title":{"rendered":"Nr. 10 Arabica"},"content":{"rendered":"<p>Izv\u0113loties Etalon Mix, PMU profesion\u0101\u013ci var b\u016bt dro\u0161i, ka izmanto tikai augst\u0101k\u0101s kvalit\u0101tes produktus, kas atbilst m\u016bsdienu skaistumkop\u0161anas nozares tendenc\u0113m un pras\u012bb\u0101m. Atkl\u0101jiet Etalon Mix un p\u0101rliecinieties par profesion\u0101\u013cu izv\u0113les priek\u0161roc\u012bb\u0101m.<\/p>","protected":false},"excerpt":{"rendered":"<p>- uz pel\u0113kbr\u016bnas zemes<br \/>\n- aukst\u0101kais palet\u0113<br \/>\n- pie\u0161\u0137ir v\u0113su toni cit\u0101m paletes kr\u0101s\u0101m. Brunetes var valk\u0101t bl\u012bv\u0101kus 3-5 Fitzpatrika tipa to\u0146us, savuk\u0101rt v\u0113s\u0101s blond\u012bnes var valk\u0101t gais\u012bg\u0101kus 1-2 Fitzpatrika tipa to\u0146us.<br \/>\n- Tas labi sader ar Nr. 7 \u201cPecan\u201d un Nr. 8 \u201cTiziano\u201d.<\/p>","protected":false},"featured_media":22507,"comment_status":"closed","ping_status":"closed","template":"","meta":[],"product_brand":[218],"product_cat":[210,203],"product_tag":[],"class_list":{"0":"post-22505","1":"product","2":"type-product","3":"status-publish","4":"has-post-thumbnail","6":"product_brand-etalon-mix","7":"product_cat-antakiu-pigmentai","8":"product_cat-mineral-line","10":"first","11":"instock","12":"taxable","13":"shipping-taxable","14":"purchasable","15":"product-type-simple"},"_links":{"self":[{"href":"https:\/\/lemila.lt\/lv\/wp-json\/wp\/v2\/product\/22505","targetHints":{"allow":["GET"]}}],"collection":[{"href":"https:\/\/lemila.lt\/lv\/wp-json\/wp\/v2\/product"}],"about":[{"href":"https:\/\/lemila.lt\/lv\/wp-json\/wp\/v2\/types\/product"}],"replies":[{"embeddable":true,"href":"https:\/\/lemila.lt\/lv\/wp-json\/wp\/v2\/comments?post=22505"}],"version-history":[{"count":3,"href":"https:\/\/lemila.lt\/lv\/wp-json\/wp\/v2\/product\/22505\/revisions"}],"predecessor-version":[{"id":22579,"href":"https:\/\/lemila.lt\/lv\/wp-json\/wp\/v2\/product\/22505\/revisions\/22579"}],"wp:featuredmedia":[{"embeddable":true,"href":"https:\/\/lemila.lt\/lv\/wp-json\/wp\/v2\/media\/22507"}],"wp:attachment":[{"href":"https:\/\/lemila.lt\/lv\/wp-json\/wp\/v2\/media?parent=22505"}],"wp:term":[{"taxonomy":"product_brand","embeddable":true,"href":"https:\/\/lemila.lt\/lv\/wp-json\/wp\/v2\/product_brand?post=22505"},{"taxonomy":"product_cat","embeddable":true,"href":"https:\/\/lemila.lt\/lv\/wp-json\/wp\/v2\/product_cat?post=22505"},{"taxonomy":"product_tag","embeddable":true,"href":"https:\/\/lemila.lt\/lv\/wp-json\/wp\/v2\/product_tag?post=22505"}],"curies":[{"name":"wp","href":"https:\/\/api.w.org\/{rel}","templated":true}]}}