{"id":22499,"date":"2024-01-26T03:20:25","date_gmt":"2024-01-26T01:20:25","guid":{"rendered":"https:\/\/lemila.lt\/index.php\/product\/%e2%84%968-tiziano\/"},"modified":"2026-03-12T20:25:35","modified_gmt":"2026-03-12T18:25:35","slug":"8-tiziano","status":"publish","type":"product","link":"https:\/\/lemila.lt\/lv\/product\/8-tiziano\/","title":{"rendered":"Nr. 8 Tiziano"},"content":{"rendered":"<p>Izv\u0113loties Etalon Mix, PMU profesion\u0101\u013ci var b\u016bt dro\u0161i, ka izmanto tikai augst\u0101k\u0101s kvalit\u0101tes produktus, kas atbilst m\u016bsdienu skaistumkop\u0161anas nozares tendenc\u0113m un pras\u012bb\u0101m. Atkl\u0101jiet Etalon Mix un p\u0101rliecinieties par profesion\u0101\u013cu izv\u0113les priek\u0161roc\u012bb\u0101m.<\/p>","protected":false},"excerpt":{"rendered":"<p>- uz sarkanbr\u016bnas zemes<br \/>\n- vissilt\u0101k\u0101 kr\u0101sa palet\u0113<br \/>\n- p\u0113c Fitzpatrika dom\u0101m, ide\u0101la izv\u0113le rudmatainajiem un rudmatainajiem 1-4<br \/>\n- lieliski sader ar vis\u0101m paletes kr\u0101s\u0101m.<\/p>","protected":false},"featured_media":22501,"comment_status":"closed","ping_status":"closed","template":"","meta":[],"product_brand":[218],"product_cat":[210,203],"product_tag":[],"class_list":{"0":"post-22499","1":"product","2":"type-product","3":"status-publish","4":"has-post-thumbnail","6":"product_brand-etalon-mix","7":"product_cat-antakiu-pigmentai","8":"product_cat-mineral-line","10":"first","11":"instock","12":"taxable","13":"shipping-taxable","14":"purchasable","15":"product-type-simple"},"_links":{"self":[{"href":"https:\/\/lemila.lt\/lv\/wp-json\/wp\/v2\/product\/22499","targetHints":{"allow":["GET"]}}],"collection":[{"href":"https:\/\/lemila.lt\/lv\/wp-json\/wp\/v2\/product"}],"about":[{"href":"https:\/\/lemila.lt\/lv\/wp-json\/wp\/v2\/types\/product"}],"replies":[{"embeddable":true,"href":"https:\/\/lemila.lt\/lv\/wp-json\/wp\/v2\/comments?post=22499"}],"version-history":[{"count":3,"href":"https:\/\/lemila.lt\/lv\/wp-json\/wp\/v2\/product\/22499\/revisions"}],"predecessor-version":[{"id":22582,"href":"https:\/\/lemila.lt\/lv\/wp-json\/wp\/v2\/product\/22499\/revisions\/22582"}],"wp:featuredmedia":[{"embeddable":true,"href":"https:\/\/lemila.lt\/lv\/wp-json\/wp\/v2\/media\/22501"}],"wp:attachment":[{"href":"https:\/\/lemila.lt\/lv\/wp-json\/wp\/v2\/media?parent=22499"}],"wp:term":[{"taxonomy":"product_brand","embeddable":true,"href":"https:\/\/lemila.lt\/lv\/wp-json\/wp\/v2\/product_brand?post=22499"},{"taxonomy":"product_cat","embeddable":true,"href":"https:\/\/lemila.lt\/lv\/wp-json\/wp\/v2\/product_cat?post=22499"},{"taxonomy":"product_tag","embeddable":true,"href":"https:\/\/lemila.lt\/lv\/wp-json\/wp\/v2\/product_tag?post=22499"}],"curies":[{"name":"wp","href":"https:\/\/api.w.org\/{rel}","templated":true}]}}