{"id":22496,"date":"2024-01-26T03:20:25","date_gmt":"2024-01-26T01:20:25","guid":{"rendered":"https:\/\/lemila.lt\/index.php\/product\/%e2%84%967-pecan\/"},"modified":"2026-03-09T15:14:48","modified_gmt":"2026-03-09T13:14:48","slug":"7-pecan","status":"publish","type":"product","link":"https:\/\/lemila.lt\/lv\/product\/7-pecan\/","title":{"rendered":"Nr. 7 Pekanrieksti"},"content":{"rendered":"<p>Izv\u0113loties Etalon Mix, PMU profesion\u0101\u013ci var b\u016bt dro\u0161i, ka izmanto tikai augst\u0101k\u0101s kvalit\u0101tes produktus, kas atbilst m\u016bsdienu skaistumkop\u0161anas nozares tendenc\u0113m un pras\u012bb\u0101m. Atkl\u0101jiet Etalon Mix un p\u0101rliecinieties par profesion\u0101\u013cu izv\u0113les priek\u0161roc\u012bb\u0101m.<\/p>","protected":false},"excerpt":{"rendered":"<p>- uz dzeltenbr\u016bnas zemes<br \/>\n- visgai\u0161\u0101k\u0101 kr\u0101sa palet\u0113<br \/>\n- izmanto gai\u0161iem un sirmiem matiem Fitzpatrick tipa 1-2<br \/>\n- labi noder k\u0101 spilgtin\u0101t\u0101js tum\u0161\u0101k\u0101m kr\u0101s\u0101m palet\u0113 vai vecam tetov\u0113jumam.<\/p>","protected":false},"featured_media":22498,"comment_status":"closed","ping_status":"closed","template":"","meta":[],"product_brand":[218],"product_cat":[210,203],"product_tag":[],"class_list":{"0":"post-22496","1":"product","2":"type-product","3":"status-publish","4":"has-post-thumbnail","6":"product_brand-etalon-mix","7":"product_cat-antakiu-pigmentai","8":"product_cat-mineral-line","10":"first","11":"instock","12":"taxable","13":"shipping-taxable","14":"purchasable","15":"product-type-simple"},"_links":{"self":[{"href":"https:\/\/lemila.lt\/lv\/wp-json\/wp\/v2\/product\/22496","targetHints":{"allow":["GET"]}}],"collection":[{"href":"https:\/\/lemila.lt\/lv\/wp-json\/wp\/v2\/product"}],"about":[{"href":"https:\/\/lemila.lt\/lv\/wp-json\/wp\/v2\/types\/product"}],"replies":[{"embeddable":true,"href":"https:\/\/lemila.lt\/lv\/wp-json\/wp\/v2\/comments?post=22496"}],"version-history":[{"count":3,"href":"https:\/\/lemila.lt\/lv\/wp-json\/wp\/v2\/product\/22496\/revisions"}],"predecessor-version":[{"id":22581,"href":"https:\/\/lemila.lt\/lv\/wp-json\/wp\/v2\/product\/22496\/revisions\/22581"}],"wp:featuredmedia":[{"embeddable":true,"href":"https:\/\/lemila.lt\/lv\/wp-json\/wp\/v2\/media\/22498"}],"wp:attachment":[{"href":"https:\/\/lemila.lt\/lv\/wp-json\/wp\/v2\/media?parent=22496"}],"wp:term":[{"taxonomy":"product_brand","embeddable":true,"href":"https:\/\/lemila.lt\/lv\/wp-json\/wp\/v2\/product_brand?post=22496"},{"taxonomy":"product_cat","embeddable":true,"href":"https:\/\/lemila.lt\/lv\/wp-json\/wp\/v2\/product_cat?post=22496"},{"taxonomy":"product_tag","embeddable":true,"href":"https:\/\/lemila.lt\/lv\/wp-json\/wp\/v2\/product_tag?post=22496"}],"curies":[{"name":"wp","href":"https:\/\/api.w.org\/{rel}","templated":true}]}}