{"id":22494,"date":"2024-01-26T03:11:58","date_gmt":"2024-01-26T01:11:58","guid":{"rendered":"https:\/\/lemila.lt\/?post_type=product&#038;p=22494"},"modified":"2026-03-20T09:23:07","modified_gmt":"2026-03-20T07:23:07","slug":"1-midnight-by-anna-vasileva-1-10ml","status":"publish","type":"product","link":"https:\/\/lemila.lt\/lv\/product\/1-midnight-by-anna-vasileva-1-10ml\/","title":{"rendered":"\u21161 \"Pusnakts\", Anna Vasileva, 1\/10ml."},"content":{"rendered":"<p>Izv\u0113loties Etalon Mix, PMU profesion\u0101\u013ci var b\u016bt dro\u0161i, ka izmanto tikai augst\u0101k\u0101s kvalit\u0101tes produktus, kas atbilst m\u016bsdienu skaistumkop\u0161anas nozares tendenc\u0113m un pras\u012bb\u0101m. Atkl\u0101jiet Etalon Mix un p\u0101rliecinieties par profesion\u0101\u013cu izv\u0113les priek\u0161roc\u012bb\u0101m.<\/p>","protected":false},"excerpt":{"rendered":"<p>- melna kr\u0101sa<br \/>\n- pies\u0101tin\u0101t\u0101ks nek\u0101 melnais tonis galvenaj\u0101 Etalon Mix palet\u0113, ar maz\u0101k mask\u0113jo\u0161a l\u012bdzek\u013ca<br \/>\n- j\u0101b\u016bt uzman\u012bgiem ar to, bez p\u0101r\u0101k liela bl\u012bvuma<br \/>\n- aukstai \u0101dai nepiecie\u0161ams pievienot korektoru.<\/p>","protected":false},"featured_media":22484,"comment_status":"open","ping_status":"closed","template":"","meta":[],"product_brand":[218],"product_cat":[209,212],"product_tag":[],"class_list":{"0":"post-22494","1":"product","2":"type-product","3":"status-publish","4":"has-post-thumbnail","6":"product_brand-etalon-mix","7":"product_cat-akiu-pigmentai","8":"product_cat-anna-vasileva-rinkiniai","10":"first","11":"instock","12":"taxable","13":"shipping-taxable","14":"purchasable","15":"product-type-simple"},"_links":{"self":[{"href":"https:\/\/lemila.lt\/lv\/wp-json\/wp\/v2\/product\/22494","targetHints":{"allow":["GET"]}}],"collection":[{"href":"https:\/\/lemila.lt\/lv\/wp-json\/wp\/v2\/product"}],"about":[{"href":"https:\/\/lemila.lt\/lv\/wp-json\/wp\/v2\/types\/product"}],"replies":[{"embeddable":true,"href":"https:\/\/lemila.lt\/lv\/wp-json\/wp\/v2\/comments?post=22494"}],"version-history":[{"count":4,"href":"https:\/\/lemila.lt\/lv\/wp-json\/wp\/v2\/product\/22494\/revisions"}],"predecessor-version":[{"id":27054,"href":"https:\/\/lemila.lt\/lv\/wp-json\/wp\/v2\/product\/22494\/revisions\/27054"}],"wp:featuredmedia":[{"embeddable":true,"href":"https:\/\/lemila.lt\/lv\/wp-json\/wp\/v2\/media\/22484"}],"wp:attachment":[{"href":"https:\/\/lemila.lt\/lv\/wp-json\/wp\/v2\/media?parent=22494"}],"wp:term":[{"taxonomy":"product_brand","embeddable":true,"href":"https:\/\/lemila.lt\/lv\/wp-json\/wp\/v2\/product_brand?post=22494"},{"taxonomy":"product_cat","embeddable":true,"href":"https:\/\/lemila.lt\/lv\/wp-json\/wp\/v2\/product_cat?post=22494"},{"taxonomy":"product_tag","embeddable":true,"href":"https:\/\/lemila.lt\/lv\/wp-json\/wp\/v2\/product_tag?post=22494"}],"curies":[{"name":"wp","href":"https:\/\/api.w.org\/{rel}","templated":true}]}}