{"id":22492,"date":"2024-01-26T03:11:15","date_gmt":"2024-01-26T01:11:15","guid":{"rendered":"https:\/\/lemila.lt\/?post_type=product&#038;p=22492"},"modified":"2026-01-22T22:29:52","modified_gmt":"2026-01-22T20:29:52","slug":"2-opal-by-anna-vasileva-1-10ml","status":"publish","type":"product","link":"https:\/\/lemila.lt\/lv\/product\/2-opal-by-anna-vasileva-1-10ml\/","title":{"rendered":"\u21162 \"Opal\", Anna Vasileva, 1\/10ml."},"content":{"rendered":"<p>Izv\u0113loties Etalon Mix, PMU profesion\u0101\u013ci var b\u016bt dro\u0161i, ka izmanto tikai augst\u0101k\u0101s kvalit\u0101tes produktus, kas atbilst m\u016bsdienu skaistumkop\u0161anas nozares tendenc\u0113m un pras\u012bb\u0101m. Atkl\u0101jiet Etalon Mix un p\u0101rliecinieties par profesion\u0101\u013cu izv\u0113les priek\u0161roc\u012bb\u0101m.<\/p>","protected":false},"excerpt":{"rendered":"<p>- tum\u0161\u0101k\u0101 br\u016bn\u0101 kr\u0101sa palet\u0113<br \/>\n- sarkana b\u0101ze ar lielu daudzumu melnas kr\u0101sas sast\u0101v\u0101.<br \/>\n- izmantot uz plaksti\u0146iem k\u0101 ton\u0113jo\u0161u l\u012bdzekli un akcentu.<br \/>\n- var izmantot, lai uzlabotu citu kr\u0101su kontrastu.<br \/>\n- aukstai \u0101dai nepiecie\u0161ams pievienot korektoru.<br \/>\n- var sajaukt ar zeltu Nr. 4, lai ieg\u016btu liel\u0101ku bag\u0101t\u012bbu.<\/p>","protected":false},"featured_media":22485,"comment_status":"open","ping_status":"closed","template":"","meta":[],"product_brand":[218],"product_cat":[209,212],"product_tag":[],"class_list":{"0":"post-22492","1":"product","2":"type-product","3":"status-publish","4":"has-post-thumbnail","6":"product_brand-etalon-mix","7":"product_cat-akiu-pigmentai","8":"product_cat-anna-vasileva-rinkiniai","10":"first","11":"instock","12":"taxable","13":"shipping-taxable","14":"purchasable","15":"product-type-simple"},"_links":{"self":[{"href":"https:\/\/lemila.lt\/lv\/wp-json\/wp\/v2\/product\/22492","targetHints":{"allow":["GET"]}}],"collection":[{"href":"https:\/\/lemila.lt\/lv\/wp-json\/wp\/v2\/product"}],"about":[{"href":"https:\/\/lemila.lt\/lv\/wp-json\/wp\/v2\/types\/product"}],"replies":[{"embeddable":true,"href":"https:\/\/lemila.lt\/lv\/wp-json\/wp\/v2\/comments?post=22492"}],"version-history":[{"count":3,"href":"https:\/\/lemila.lt\/lv\/wp-json\/wp\/v2\/product\/22492\/revisions"}],"predecessor-version":[{"id":22574,"href":"https:\/\/lemila.lt\/lv\/wp-json\/wp\/v2\/product\/22492\/revisions\/22574"}],"wp:featuredmedia":[{"embeddable":true,"href":"https:\/\/lemila.lt\/lv\/wp-json\/wp\/v2\/media\/22485"}],"wp:attachment":[{"href":"https:\/\/lemila.lt\/lv\/wp-json\/wp\/v2\/media?parent=22492"}],"wp:term":[{"taxonomy":"product_brand","embeddable":true,"href":"https:\/\/lemila.lt\/lv\/wp-json\/wp\/v2\/product_brand?post=22492"},{"taxonomy":"product_cat","embeddable":true,"href":"https:\/\/lemila.lt\/lv\/wp-json\/wp\/v2\/product_cat?post=22492"},{"taxonomy":"product_tag","embeddable":true,"href":"https:\/\/lemila.lt\/lv\/wp-json\/wp\/v2\/product_tag?post=22492"}],"curies":[{"name":"wp","href":"https:\/\/api.w.org\/{rel}","templated":true}]}}