{"id":22489,"date":"2024-01-26T03:10:19","date_gmt":"2024-01-26T01:10:19","guid":{"rendered":"https:\/\/lemila.lt\/?post_type=product&#038;p=22489"},"modified":"2026-01-22T22:29:52","modified_gmt":"2026-01-22T20:29:52","slug":"4-gold-by-anna-vasileva-1-10ml","status":"publish","type":"product","link":"https:\/\/lemila.lt\/lv\/product\/4-gold-by-anna-vasileva-1-10ml\/","title":{"rendered":"\u21164 \"Gold\", Anna Vasileva, 1\/10ml."},"content":{"rendered":"<p>Izv\u0113loties Etalon Mix, PMU profesion\u0101\u013ci var b\u016bt dro\u0161i, ka izmanto tikai augst\u0101k\u0101s kvalit\u0101tes produktus, kas atbilst m\u016bsdienu skaistumkop\u0161anas nozares tendenc\u0113m un pras\u012bb\u0101m. Atkl\u0101jiet Etalon Mix un p\u0101rliecinieties par profesion\u0101\u013cu izv\u0113les priek\u0161roc\u012bb\u0101m.<\/p>","protected":false},"excerpt":{"rendered":"<p>- v\u0113ss dzeltens tonis<br \/>\n- ide\u0101ls tonis \u0101dai ar gai\u0161i zeltainu nokr\u0101su.<br \/>\n- plaksti\u0146u gradienta gai\u0161\u0101k\u0101 da\u013ca.<br \/>\n- gai\u0161\u0101ks nek\u0101 lazdu rieksts Nr. 1 galvenaj\u0101 Etalon Mix palet\u0113, bag\u0101t\u012bg\u0101ks nek\u0101 gai\u0161i br\u016bns Nr. 4.<br \/>\n- Piem\u0113rots v\u0113s\u0101m blond\u012bn\u0113m, lai pasl\u0113ptu silt\u0101s atliekas uz uzac\u012bm.<\/p>","protected":false},"featured_media":22490,"comment_status":"open","ping_status":"closed","template":"","meta":[],"product_brand":[218],"product_cat":[209,212],"product_tag":[],"class_list":{"0":"post-22489","1":"product","2":"type-product","3":"status-publish","4":"has-post-thumbnail","6":"product_brand-etalon-mix","7":"product_cat-akiu-pigmentai","8":"product_cat-anna-vasileva-rinkiniai","10":"first","11":"instock","12":"taxable","13":"shipping-taxable","14":"purchasable","15":"product-type-simple"},"_links":{"self":[{"href":"https:\/\/lemila.lt\/lv\/wp-json\/wp\/v2\/product\/22489","targetHints":{"allow":["GET"]}}],"collection":[{"href":"https:\/\/lemila.lt\/lv\/wp-json\/wp\/v2\/product"}],"about":[{"href":"https:\/\/lemila.lt\/lv\/wp-json\/wp\/v2\/types\/product"}],"replies":[{"embeddable":true,"href":"https:\/\/lemila.lt\/lv\/wp-json\/wp\/v2\/comments?post=22489"}],"version-history":[{"count":3,"href":"https:\/\/lemila.lt\/lv\/wp-json\/wp\/v2\/product\/22489\/revisions"}],"predecessor-version":[{"id":22573,"href":"https:\/\/lemila.lt\/lv\/wp-json\/wp\/v2\/product\/22489\/revisions\/22573"}],"wp:featuredmedia":[{"embeddable":true,"href":"https:\/\/lemila.lt\/lv\/wp-json\/wp\/v2\/media\/22490"}],"wp:attachment":[{"href":"https:\/\/lemila.lt\/lv\/wp-json\/wp\/v2\/media?parent=22489"}],"wp:term":[{"taxonomy":"product_brand","embeddable":true,"href":"https:\/\/lemila.lt\/lv\/wp-json\/wp\/v2\/product_brand?post=22489"},{"taxonomy":"product_cat","embeddable":true,"href":"https:\/\/lemila.lt\/lv\/wp-json\/wp\/v2\/product_cat?post=22489"},{"taxonomy":"product_tag","embeddable":true,"href":"https:\/\/lemila.lt\/lv\/wp-json\/wp\/v2\/product_tag?post=22489"}],"curies":[{"name":"wp","href":"https:\/\/api.w.org\/{rel}","templated":true}]}}