{"id":22486,"date":"2024-01-26T03:09:23","date_gmt":"2024-01-26T01:09:23","guid":{"rendered":"https:\/\/lemila.lt\/?post_type=product&#038;p=22486"},"modified":"2026-03-03T18:22:29","modified_gmt":"2026-03-03T16:22:29","slug":"3-amber-by-anna-vasileva-1-10ml","status":"publish","type":"product","link":"https:\/\/lemila.lt\/lv\/product\/3-amber-by-anna-vasileva-1-10ml\/","title":{"rendered":"\u21163 \"Amber\", Anna Vasileva, 1\/10ml."},"content":{"rendered":"<p>Izv\u0113loties Etalon Mix, PMU profesion\u0101\u013ci var b\u016bt dro\u0161i, ka izmanto tikai augst\u0101k\u0101s kvalit\u0101tes produktus, kas atbilst m\u016bsdienu skaistumkop\u0161anas nozares tendenc\u0113m un pras\u012bb\u0101m. Atkl\u0101jiet Etalon Mix un p\u0101rliecinieties par profesion\u0101\u013cu izv\u0113les priek\u0161roc\u012bb\u0101m.<\/p>","protected":false},"excerpt":{"rendered":"<p>- oran\u017es b\u0101zes tonis, vid\u0113ji pies\u0101tin\u0101ts<br \/>\n- viegli uzkl\u0101jams uz \u0101das, bet nav p\u0101r\u0101k silts.<br \/>\n- var izmantot gradienta vid\u0113jai da\u013cai.<br \/>\n- tum\u0161\u0101ks nek\u0101 piena \u0161okol\u0101de Nr. 2 galvenaj\u0101 Etalon Mix palet\u0113.<br \/>\n- apstr\u0101d\u0101 ar neitr\u0101lu br\u016bnu toni<\/p>","protected":false},"featured_media":22487,"comment_status":"open","ping_status":"closed","template":"","meta":[],"product_brand":[218],"product_cat":[209,212],"product_tag":[],"class_list":{"0":"post-22486","1":"product","2":"type-product","3":"status-publish","4":"has-post-thumbnail","6":"product_brand-etalon-mix","7":"product_cat-akiu-pigmentai","8":"product_cat-anna-vasileva-rinkiniai","10":"first","11":"instock","12":"taxable","13":"shipping-taxable","14":"purchasable","15":"product-type-simple"},"_links":{"self":[{"href":"https:\/\/lemila.lt\/lv\/wp-json\/wp\/v2\/product\/22486","targetHints":{"allow":["GET"]}}],"collection":[{"href":"https:\/\/lemila.lt\/lv\/wp-json\/wp\/v2\/product"}],"about":[{"href":"https:\/\/lemila.lt\/lv\/wp-json\/wp\/v2\/types\/product"}],"replies":[{"embeddable":true,"href":"https:\/\/lemila.lt\/lv\/wp-json\/wp\/v2\/comments?post=22486"}],"version-history":[{"count":3,"href":"https:\/\/lemila.lt\/lv\/wp-json\/wp\/v2\/product\/22486\/revisions"}],"predecessor-version":[{"id":22572,"href":"https:\/\/lemila.lt\/lv\/wp-json\/wp\/v2\/product\/22486\/revisions\/22572"}],"wp:featuredmedia":[{"embeddable":true,"href":"https:\/\/lemila.lt\/lv\/wp-json\/wp\/v2\/media\/22487"}],"wp:attachment":[{"href":"https:\/\/lemila.lt\/lv\/wp-json\/wp\/v2\/media?parent=22486"}],"wp:term":[{"taxonomy":"product_brand","embeddable":true,"href":"https:\/\/lemila.lt\/lv\/wp-json\/wp\/v2\/product_brand?post=22486"},{"taxonomy":"product_cat","embeddable":true,"href":"https:\/\/lemila.lt\/lv\/wp-json\/wp\/v2\/product_cat?post=22486"},{"taxonomy":"product_tag","embeddable":true,"href":"https:\/\/lemila.lt\/lv\/wp-json\/wp\/v2\/product_tag?post=22486"}],"curies":[{"name":"wp","href":"https:\/\/api.w.org\/{rel}","templated":true}]}}